{"id":78318,"date":"2025-07-14T15:22:12","date_gmt":"2025-07-14T12:22:12","guid":{"rendered":"https:\/\/demo8.ecube.lv\/sezona.lv\/products\/shimano-makskere-catana-bx-spec-12-0-long-range-2lb-dl\/"},"modified":"2025-07-14T15:22:12","modified_gmt":"2025-07-14T12:22:12","slug":"shimano-makskere-catana-bx-spec-12-0-long-range-2lb-dl","status":"publish","type":"product","link":"https:\/\/sezona.lv\/en\/products\/shimano-makskere-catana-bx-spec-12-0-long-range-2lb-dl\/","title":{"rendered":"Shimano mak\u0161\u0137ere CATANA BX SPEC 12&#8217;0&#8242; LONG RANGE 2LB DL"},"content":{"rendered":"<p>&#8211;&nbsp;Ra\u017eot\u0101js: <span> Shimano <\/span><\/p>\n<div>\n<p>&nbsp;&#8211;&nbsp;Mak&scaron;\u0137erk\u0101ti: <span>Saliekamie<\/span><\/p>\n<\/div>\n<div>\n<p>&nbsp;&#8211;&nbsp;Garums (m): <span>3.66<\/span><\/p>\n<\/div>\n<div>\n<p>&nbsp;&#8211;&nbsp;Svars (g): <span>125<\/span><\/p>\n<\/div>\n<div>\n<p>&nbsp;&#8211;&nbsp;Sekcijas skaits: <span>2<\/span><\/p>\n<\/div>\n<div>\n<p>&nbsp;&#8211;&nbsp; Iemetamais svars (g): <span>125<\/span><\/p>\n<\/div>\n","protected":false},"excerpt":{"rendered":"<p>&#8211;&nbsp;Ra\u017eot\u0101js: Shimano &nbsp;&#8211;&nbsp;Mak&scaron;\u0137erk\u0101ti: Saliekamie &nbsp;&#8211;&nbsp;Garums (m): 3.66 &nbsp;&#8211;&nbsp;Svars (g): 125 &nbsp;&#8211;&nbsp;Sekcijas skaits: 2 &nbsp;&#8211;&nbsp; Iemetamais svars (g): 125<\/p>\n","protected":false},"featured_media":0,"template":"","meta":[],"product_brand":[3371],"product_cat":[4538,4540,4544,4640],"product_tag":[],"class_list":{"0":"post-78318","1":"product","2":"type-product","3":"status-publish","5":"product_brand-shimano","6":"product_cat-fishing-equipment-recreation","7":"product_cat-fishing-rods-fishing-equipment-recreation","8":"product_cat-carp-fishing-rods-fishing-rods-fishing-equipment-recreation","9":"product_cat-recreation","11":"first","12":"instock","13":"shipping-taxable","14":"purchasable","15":"product-type-simple"},"_links":{"self":[{"href":"https:\/\/sezona.lv\/en\/wp-json\/wp\/v2\/product\/78318","targetHints":{"allow":["GET"]}}],"collection":[{"href":"https:\/\/sezona.lv\/en\/wp-json\/wp\/v2\/product"}],"about":[{"href":"https:\/\/sezona.lv\/en\/wp-json\/wp\/v2\/types\/product"}],"wp:attachment":[{"href":"https:\/\/sezona.lv\/en\/wp-json\/wp\/v2\/media?parent=78318"}],"wp:term":[{"taxonomy":"product_brand","embeddable":true,"href":"https:\/\/sezona.lv\/en\/wp-json\/wp\/v2\/product_brand?post=78318"},{"taxonomy":"product_cat","embeddable":true,"href":"https:\/\/sezona.lv\/en\/wp-json\/wp\/v2\/product_cat?post=78318"},{"taxonomy":"product_tag","embeddable":true,"href":"https:\/\/sezona.lv\/en\/wp-json\/wp\/v2\/product_tag?post=78318"}],"curies":[{"name":"wp","href":"https:\/\/api.w.org\/{rel}","templated":true}]}}