{"id":78319,"date":"2025-07-11T16:34:39","date_gmt":"2025-07-11T13:34:39","guid":{"rendered":"https:\/\/demo8.ecube.lv\/sezona.lv\/products\/shimano-makskere-forcemaster-carp-13ft-sa\/"},"modified":"2025-07-14T15:22:13","modified_gmt":"2025-07-14T12:22:13","slug":"shimano-makskere-forcemaster-carp-13ft-sa","status":"publish","type":"product","link":"https:\/\/sezona.lv\/en\/products\/shimano-makskere-forcemaster-carp-13ft-sa\/","title":{"rendered":"Shimano mak\u0161\u0137ere FORCEMASTER CARP 13FT SA"},"content":{"rendered":"<p>Ideal for conventional and specimen anglers, the Forcemaster Carp is a  2-piece rod that come standard with Fuji winch and low-rider guides. The blank is comprised of Shimano&#8217;s famous XT-30 carbon graphite. These rods are solid performers, capable of long range casting.<\/p>\n<p>&#8211;&nbsp;Ra\u017eot\u0101js: <span> Shimano <\/span><\/p>\n<div>\n<p>&nbsp;&#8211;&nbsp;Mak&scaron;\u0137erk\u0101ti: <span>Saliekamie<\/span><\/p>\n<\/div>\n<div>\n<p>&nbsp;&#8211;&nbsp;Garums (m): <span>3.96<\/span><\/p>\n<\/div>\n","protected":false},"excerpt":{"rendered":"<p>Ideal for conventional and specimen anglers, the Forcemaster Carp is a 2-piece rod that come standard with Fuji winch and low-rider guides. The blank is comprised of Shimano&#8217;s famous XT-30 carbon graphite. These rods are solid performers, capable of long range casting. &#8211;&nbsp;Ra\u017eot\u0101js: Shimano &nbsp;&#8211;&nbsp;Mak&scaron;\u0137erk\u0101ti: Saliekamie &nbsp;&#8211;&nbsp;Garums (m): 3.96<\/p>\n","protected":false},"featured_media":69711,"template":"","meta":[],"product_brand":[3371],"product_cat":[4538,4540,4544],"product_tag":[],"class_list":{"0":"post-78319","1":"product","2":"type-product","3":"status-publish","4":"has-post-thumbnail","6":"product_brand-shimano","7":"product_cat-fishing-equipment-recreation","8":"product_cat-fishing-rods-fishing-equipment-recreation","9":"product_cat-carp-fishing-rods-fishing-rods-fishing-equipment-recreation","11":"first","12":"instock","13":"shipping-taxable","14":"purchasable","15":"product-type-simple"},"_links":{"self":[{"href":"https:\/\/sezona.lv\/en\/wp-json\/wp\/v2\/product\/78319","targetHints":{"allow":["GET"]}}],"collection":[{"href":"https:\/\/sezona.lv\/en\/wp-json\/wp\/v2\/product"}],"about":[{"href":"https:\/\/sezona.lv\/en\/wp-json\/wp\/v2\/types\/product"}],"wp:featuredmedia":[{"embeddable":true,"href":"https:\/\/sezona.lv\/en\/wp-json\/wp\/v2\/media\/69711"}],"wp:attachment":[{"href":"https:\/\/sezona.lv\/en\/wp-json\/wp\/v2\/media?parent=78319"}],"wp:term":[{"taxonomy":"product_brand","embeddable":true,"href":"https:\/\/sezona.lv\/en\/wp-json\/wp\/v2\/product_brand?post=78319"},{"taxonomy":"product_cat","embeddable":true,"href":"https:\/\/sezona.lv\/en\/wp-json\/wp\/v2\/product_cat?post=78319"},{"taxonomy":"product_tag","embeddable":true,"href":"https:\/\/sezona.lv\/en\/wp-json\/wp\/v2\/product_tag?post=78319"}],"curies":[{"name":"wp","href":"https:\/\/api.w.org\/{rel}","templated":true}]}}