{"id":78323,"date":"2025-07-14T15:22:17","date_gmt":"2025-07-14T12:22:17","guid":{"rendered":"https:\/\/demo8.ecube.lv\/sezona.lv\/products\/shimano-spole-catana-3000-src\/"},"modified":"2025-07-14T15:22:17","modified_gmt":"2025-07-14T12:22:17","slug":"shimano-spole-catana-3000-src","status":"publish","type":"product","link":"https:\/\/sezona.lv\/en\/products\/shimano-spole-catana-3000-src\/","title":{"rendered":"Shimano spole CATANA 3000 SRC"},"content":{"rendered":"<p>2018. gada modelis!<\/p>\n<p> Papildus spole: ir<\/p>\n<p> Gult\u0146u skaits: 3<\/p>\n<p> Apjoms auklai: 0.18-240m.<\/p>\n<p> P\u0101rnesumi: 5.2<\/p>\n<p> Izm\u0113rs: 3000<\/p>\n<p> Meh\u0101nisma tips: planet\u0101rais<\/p>\n<p> Frikcija: aizmugur\u0113j\u0101<\/p>\n<div>\n<p>&nbsp;<\/p>\n<\/div>\n","protected":false},"excerpt":{"rendered":"<p>2018. gada modelis! Papildus spole: ir Gult\u0146u skaits: 3 Apjoms auklai: 0.18-240m. P\u0101rnesumi: 5.2 Izm\u0113rs: 3000 Meh\u0101nisma tips: planet\u0101rais Frikcija: aizmugur\u0113j\u0101 &nbsp;<\/p>\n","protected":false},"featured_media":0,"template":"","meta":[],"product_brand":[3371],"product_cat":[4538,4539,4541,4640],"product_tag":[],"class_list":{"0":"post-78323","1":"product","2":"type-product","3":"status-publish","5":"product_brand-shimano","6":"product_cat-fishing-equipment-recreation","7":"product_cat-reels-fishing-equipment-recreation","8":"product_cat-spinning-reels-reels-fishing-equipment-recreation","9":"product_cat-recreation","11":"first","12":"instock","13":"shipping-taxable","14":"purchasable","15":"product-type-simple"},"_links":{"self":[{"href":"https:\/\/sezona.lv\/en\/wp-json\/wp\/v2\/product\/78323","targetHints":{"allow":["GET"]}}],"collection":[{"href":"https:\/\/sezona.lv\/en\/wp-json\/wp\/v2\/product"}],"about":[{"href":"https:\/\/sezona.lv\/en\/wp-json\/wp\/v2\/types\/product"}],"wp:attachment":[{"href":"https:\/\/sezona.lv\/en\/wp-json\/wp\/v2\/media?parent=78323"}],"wp:term":[{"taxonomy":"product_brand","embeddable":true,"href":"https:\/\/sezona.lv\/en\/wp-json\/wp\/v2\/product_brand?post=78323"},{"taxonomy":"product_cat","embeddable":true,"href":"https:\/\/sezona.lv\/en\/wp-json\/wp\/v2\/product_cat?post=78323"},{"taxonomy":"product_tag","embeddable":true,"href":"https:\/\/sezona.lv\/en\/wp-json\/wp\/v2\/product_tag?post=78323"}],"curies":[{"name":"wp","href":"https:\/\/api.w.org\/{rel}","templated":true}]}}