{"id":78328,"date":"2025-07-14T15:22:22","date_gmt":"2025-07-14T12:22:22","guid":{"rendered":"https:\/\/demo8.ecube.lv\/sezona.lv\/products\/shimano-spole-nasci-4000fb\/"},"modified":"2025-07-14T15:22:22","modified_gmt":"2025-07-14T12:22:22","slug":"shimano-spole-nasci-4000fb","status":"publish","type":"product","link":"https:\/\/sezona.lv\/en\/products\/shimano-spole-nasci-4000fb\/","title":{"rendered":"Shimano spole NASCI 4000FB"},"content":{"rendered":"<p>Jaunums! Nasci FB ir pirmais Shimano P4 s\u0113rijas modelis, kas ir    apr\u012bkots ar Hagane korpusu. L\u012bdz ar to tam ir iestr\u0101d\u0101tas Hagane Gear    tehnolo\u0123ijas, kas pasarg\u0101s j\u016bsu spoli no nev\u0113lamiem p\u0101rsteigumiem.    Apr\u012bkota ar X-Ship un G Free body, &scaron;is modelis izce\u013cas ar sav\u0101m \u012bpa&scaron;\u012bb\u0101m    un pievilc\u012bgo cenu. Mode\u013ci pieejami no 1000 s\u0113rijas l\u012bdz pat 5000    s\u0113rijai. Elegants dizains.<\/p>\n<div class=\"itemPrParam\">\n<div>\n<p>&nbsp;&#8211;&nbsp;Ra\u017eot\u0101js: <span> Shimano <\/span><\/p>\n<\/div>\n<div>\n<p>&nbsp;&#8211;&nbsp;Tips: <span>Bezinerces<\/span><\/p>\n<\/div>\n<div>\n<p>&nbsp;&#8211;&nbsp;Svars (g.): <span>295<\/span><\/p>\n<\/div>\n<div>\n<p>&nbsp;&#8211;&nbsp;Auklas ietilp\u012bba (m\/mm): <span>260\/0.25<\/span><\/p>\n<\/div>\n<div>\n<p>&nbsp;&#8211;&nbsp;P\u0101rnesums: <span>4.7:1<\/span><\/p>\n<\/div>\n<div>\n<p>&nbsp;&#8211;&nbsp;Gult\u0146i: <span>4+1<\/span><\/p>\n<\/div>\n<div>\n<p>&nbsp;&#8211;&nbsp;Auklas apgriez.(cm): <span>75<\/span><\/p>\n<\/div>\n<\/div>\n<div>\n<p>&nbsp;<\/p>\n<\/div>\n","protected":false},"excerpt":{"rendered":"<p>Jaunums! Nasci FB ir pirmais Shimano P4 s\u0113rijas modelis, kas ir apr\u012bkots ar Hagane korpusu. L\u012bdz ar to tam ir iestr\u0101d\u0101tas Hagane Gear tehnolo\u0123ijas, kas pasarg\u0101s j\u016bsu spoli no nev\u0113lamiem p\u0101rsteigumiem. Apr\u012bkota ar X-Ship un G Free body, &scaron;is modelis izce\u013cas ar sav\u0101m \u012bpa&scaron;\u012bb\u0101m un pievilc\u012bgo cenu. Mode\u013ci pieejami no 1000 s\u0113rijas l\u012bdz pat 5000 [&hellip;]<\/p>\n","protected":false},"featured_media":0,"template":"","meta":[],"product_brand":[3371],"product_cat":[4538,4539,4541,4640],"product_tag":[],"class_list":{"0":"post-78328","1":"product","2":"type-product","3":"status-publish","5":"product_brand-shimano","6":"product_cat-fishing-equipment-recreation","7":"product_cat-reels-fishing-equipment-recreation","8":"product_cat-spinning-reels-reels-fishing-equipment-recreation","9":"product_cat-recreation","11":"first","12":"instock","13":"shipping-taxable","14":"purchasable","15":"product-type-simple"},"_links":{"self":[{"href":"https:\/\/sezona.lv\/en\/wp-json\/wp\/v2\/product\/78328","targetHints":{"allow":["GET"]}}],"collection":[{"href":"https:\/\/sezona.lv\/en\/wp-json\/wp\/v2\/product"}],"about":[{"href":"https:\/\/sezona.lv\/en\/wp-json\/wp\/v2\/types\/product"}],"wp:attachment":[{"href":"https:\/\/sezona.lv\/en\/wp-json\/wp\/v2\/media?parent=78328"}],"wp:term":[{"taxonomy":"product_brand","embeddable":true,"href":"https:\/\/sezona.lv\/en\/wp-json\/wp\/v2\/product_brand?post=78328"},{"taxonomy":"product_cat","embeddable":true,"href":"https:\/\/sezona.lv\/en\/wp-json\/wp\/v2\/product_cat?post=78328"},{"taxonomy":"product_tag","embeddable":true,"href":"https:\/\/sezona.lv\/en\/wp-json\/wp\/v2\/product_tag?post=78328"}],"curies":[{"name":"wp","href":"https:\/\/api.w.org\/{rel}","templated":true}]}}