{"id":78330,"date":"2025-07-14T15:22:23","date_gmt":"2025-07-14T12:22:23","guid":{"rendered":"https:\/\/demo8.ecube.lv\/sezona.lv\/products\/shimano-spole-nasci-c2000s-fb\/"},"modified":"2025-07-14T15:22:23","modified_gmt":"2025-07-14T12:22:23","slug":"shimano-spole-nasci-c2000s-fb","status":"publish","type":"product","link":"https:\/\/sezona.lv\/en\/products\/shimano-spole-nasci-c2000s-fb\/","title":{"rendered":"Shimano spole NASCI C2000S FB"},"content":{"rendered":"<p class=\"itemPrParam\">&nbsp;<\/p>\n<div>\n<p>&nbsp;&#8211;&nbsp;Ra\u017eot\u0101js: <span> Shimano <\/span><\/p>\n<\/div>\n<div>\n<p>&nbsp;&#8211;&nbsp;Tips: <span>Bezinerces<\/span><\/p>\n<\/div>\n<div>\n<p>&nbsp;&#8211;&nbsp;Svars (g.): <span>220<\/span><\/p>\n<\/div>\n<div>\n<p>&nbsp;&#8211;&nbsp;Auklas ietilp\u012bba (m\/mm): <span>145\/0.14<\/span><\/p>\n<\/div>\n<div>\n<p>&nbsp;&#8211;&nbsp;P\u0101rnesums: <span>5.0:1<\/span><\/p>\n<\/div>\n<div>\n<p>&nbsp;&#8211;&nbsp;Gult\u0146i: <span>4+1<\/span><\/p>\n<\/div>\n<div>\n<p>&nbsp;&#8211;&nbsp;Auklas apgriez.(cm): <span>66<\/span><\/p>\n<\/div>\n<p>&nbsp;<\/p>\n","protected":false},"excerpt":{"rendered":"<p>&nbsp; &nbsp;&#8211;&nbsp;Ra\u017eot\u0101js: Shimano &nbsp;&#8211;&nbsp;Tips: Bezinerces &nbsp;&#8211;&nbsp;Svars (g.): 220 &nbsp;&#8211;&nbsp;Auklas ietilp\u012bba (m\/mm): 145\/0.14 &nbsp;&#8211;&nbsp;P\u0101rnesums: 5.0:1 &nbsp;&#8211;&nbsp;Gult\u0146i: 4+1 &nbsp;&#8211;&nbsp;Auklas apgriez.(cm): 66 &nbsp;<\/p>\n","protected":false},"featured_media":0,"template":"","meta":[],"product_brand":[3371],"product_cat":[4538,4539,4541,4640],"product_tag":[],"class_list":{"0":"post-78330","1":"product","2":"type-product","3":"status-publish","5":"product_brand-shimano","6":"product_cat-fishing-equipment-recreation","7":"product_cat-reels-fishing-equipment-recreation","8":"product_cat-spinning-reels-reels-fishing-equipment-recreation","9":"product_cat-recreation","11":"first","12":"instock","13":"shipping-taxable","14":"purchasable","15":"product-type-simple"},"_links":{"self":[{"href":"https:\/\/sezona.lv\/en\/wp-json\/wp\/v2\/product\/78330","targetHints":{"allow":["GET"]}}],"collection":[{"href":"https:\/\/sezona.lv\/en\/wp-json\/wp\/v2\/product"}],"about":[{"href":"https:\/\/sezona.lv\/en\/wp-json\/wp\/v2\/types\/product"}],"wp:attachment":[{"href":"https:\/\/sezona.lv\/en\/wp-json\/wp\/v2\/media?parent=78330"}],"wp:term":[{"taxonomy":"product_brand","embeddable":true,"href":"https:\/\/sezona.lv\/en\/wp-json\/wp\/v2\/product_brand?post=78330"},{"taxonomy":"product_cat","embeddable":true,"href":"https:\/\/sezona.lv\/en\/wp-json\/wp\/v2\/product_cat?post=78330"},{"taxonomy":"product_tag","embeddable":true,"href":"https:\/\/sezona.lv\/en\/wp-json\/wp\/v2\/product_tag?post=78330"}],"curies":[{"name":"wp","href":"https:\/\/api.w.org\/{rel}","templated":true}]}}