{"id":78343,"date":"2025-07-14T15:22:37","date_gmt":"2025-07-14T12:22:37","guid":{"rendered":"https:\/\/demo8.ecube.lv\/sezona.lv\/products\/shimano-spole-sustain-2500-fi\/"},"modified":"2025-07-14T15:22:37","modified_gmt":"2025-07-14T12:22:37","slug":"shimano-spole-sustain-2500-fi","status":"publish","type":"product","link":"https:\/\/sezona.lv\/en\/products\/shimano-spole-sustain-2500-fi\/","title":{"rendered":"Shimano spole SUSTAIN 2500 FI"},"content":{"rendered":"<p>Jaun\u0101 spo\u013cu s\u0113rija <strong>SUSTAIN<\/strong> &#8211; univer\u0101la spole, ar daudz jaun\u0101m un noder\u012bg\u0101m funkcij\u0101m!<br \/> K\u0101 vienu no svar\u012bg\u0101kaj\u0101m, &scaron;\u012bs spoles funkcij\u0101m, var min\u0113t tehnolo\u0123iju <em>&laquo;X-Protect&raquo;<\/em>, kura pasarg\u0101 spoels iek&scaron;\u0113jos meh\u0101nismus. Spole ir herm\u0113tiski nosl\u0113gta t\u0101, ka \u016bdens iek&scaron;\u0101 netiek.<br \/> <em>&laquo;X-Protect&raquo;<\/em> ir 7 reizes \u016bdensnotur\u012bg\u0101ka tehnolo\u0123ija k\u0101 <em>&laquo;CoreProtect&raquo;.<\/em><br \/> Tas padara SUSTAIN spoles \u013coti piem\u0113roto copes skarbos laika apst\u0101k\u013cos.<\/p>\n<p><strong>Sustain tehnolo\u0123ijas:<\/strong><\/p>\n<p><strong>Hagane gear<\/strong>&#8211; galvenais zobratu p\u0101ris ir izgatavots p\u0113c  speci\u0101las tehnolo\u0123ijas, kur\u0101 met\u0101ls tiek saspiests ar 200 tonnu sp\u0113ku,  un p\u0113c tam l\u012bdz mikroniem sl\u012bp\u0113ts un pul\u0113ts. &Scaron;\u0101d\u0101 veid\u0101 galvenie zobrati  ir ar paaugstin\u0101tu iztur\u012bbu, turkl\u0101t nodro&scaron;ina \u013coti vieglu gaitu.<\/p>\n<p><strong>Hagane body<\/strong>&#8211; spolei ir pastiprin\u0101ts met\u0101la korpus, kur&scaron; nodro&scaron;ina augstu iztur\u012bbu, k\u0101 ar\u012b iztur\u012bbu pret triecieniem.<\/p>\n<p><strong>X Ship<\/strong>&#8211; tehnolo\u0123ija, kas dod papildus jaudu. Tiek  piemekl\u0113ts optim\u0101lais zobratu izvietojums, zobratu izm\u0113ri, lai sasniegtu  daudz lab\u0101ku izpild\u012bjumu.<\/p>\n<p><strong>MGL rotor<\/strong>&ndash; tehnolo\u0123iski uzlabots rotors. Ir main\u012bta  auklas uzkl\u0101j\u0113jloci\u0146a men\u0101nisma atra&scaron;an\u0101s vieta. Pateicoties svara  samazin\u0101&scaron;anai, rotora biezuma korekcijai un auklas loci\u0146am ir samazin\u0101ta  inerce par 14%<\/p>\n<p><strong>X Protect<\/strong>&#8211; sist\u0113ma, kas aizsarg\u0101 pret \u016bdens iek\u013c\u016b&scaron;anu  spoles iek&scaron;pus\u0113. Pateicoties speci\u0101lai konstrukcijai, k\u0101 ar\u012b speci\u0101las  sm\u0113rvielas izmanto&scaron;anai, tiek sasniegts maksim\u0101ls efekts, kur&scaron; ir  ekvivalents IPX8 standartam. Spole ir dro&scaron;i pasarg\u0101ta no \u016bdens  iek\u013c\u016b&scaron;anas iek&scaron;pus\u0113.<\/p>\n<p><strong>G Free body<\/strong>&#8211; spolei smaguma centrs ir novirz\u012bts tuv\u0101k  rokai, t\u0101dej\u0101di spole daudz lab\u0101k veido balansu ar spiningu un ir j\u016btami  lab\u0101ka saj\u016bta rok\u0101.<\/p>\n<p><strong>AR-C<\/strong>&#8211; auklas kasete ir atvieglota, tai pat laik\u0101,  speci\u0101las formas kasetes borti sekm\u0113 daudz br\u012bv\u0101ku auklas not\u012b&scaron;anos,  attiec\u012bgi metiena att\u0101lums palielin\u0101s.<\/p>\n<p><strong>CI4+<\/strong>&#8211; atvieglots kompoz\u012btmateri\u0101ls, kuram ir palielin\u0101ta iztur\u012bba, tai pat laik\u0101 svars ir samazin\u0101jies<\/p>\n<p><strong>Rigid support drag<\/strong>&#8211; tehnolo\u0123ija, kas nodro&scaron;ina auklas  kasetes stabilit\u0101ti, t\u0101dej\u0101di pie liel\u0101kas slodzes, kasete nekust\u0101s, un  aukla tiek uzt\u012bta vienm\u0113r\u012bgi<\/p>\n<p><strong>S A-RB<\/strong>&#8211; speci\u0101li gult\u0146i, kurus var izmantot ar\u012b s\u0101ls\u016bden\u012b, un kuri ir aizsarg\u0101ti pret r\u016bsu un koroziju<\/p>\n<p><strong>One piece Bail<\/strong>&#8211; auklas uzkl\u0101j\u0113j loci\u0146&scaron; ir veidots p\u0113c aukst\u0101s kal&scaron;anas metodes, un ir \u013coti iztur\u012bgs un ciets. Loci\u0146&scaron; ir veidots viengabalains.<\/p>\n<p><strong>Saltwater<\/strong>&#8211; spoli var lietot s\u0101ls\u016bden\u012b, pateicoties S  A-RB gult\u0146iem, un X Protect sist\u0113mai. P\u0113c spoles izmanto&scaron;anas s\u0101ls\u016bden\u012b,  spoli ir ieteicams noskalot sald\u016bden\u012b<\/p>\n<p><strong>Spoles specifik\u0101cija:<\/strong><\/p>\n<p>&nbsp;<\/p>\n<p>&nbsp;<\/p>\n<table class=\"MsoTableGrid\" style=\"border-collapse: collapse;border: none\" border=\"1\" cellspacing=\"0\" cellpadding=\"0\">\n<tbody>\n<tr>\n<td style=\"width: 241.95pt;border: solid windowtext 1.0pt;background: #BFBFBF;padding: 0cm 5.4pt 0cm 5.4pt\" width=\"323\" valign=\"top\">\n<p class=\"MsoNormal\" style=\"margin-bottom: .0001pt;line-height: normal\"><strong><span lang=\"EN-US\">Spoles svars<\/span><\/strong><\/p>\n<\/td>\n<td style=\"width: 168.9pt;border: solid windowtext 1.0pt;border-left: none;padding: 0cm 5.4pt 0cm 5.4pt\" width=\"225\" valign=\"top\">\n<p class=\"MsoNormal\" style=\"margin-bottom: .0001pt;line-height: normal\"><span lang=\"EN-US\">235gr<\/span><\/p>\n<\/td>\n<\/tr>\n<tr>\n<td style=\"width: 241.95pt;border: solid windowtext 1.0pt;border-top: none;background: #BFBFBF;padding: 0cm 5.4pt 0cm 5.4pt\" width=\"323\" valign=\"top\">\n<p class=\"MsoNormal\" style=\"margin-bottom: .0001pt;line-height: normal\"><strong><span lang=\"EN-US\">Gult\u0146u skaits<\/span><\/strong><\/p>\n<\/td>\n<td style=\"width: 168.9pt;border-top: none;border-left: none;border-bottom: solid windowtext 1.0pt;border-right: solid windowtext 1.0pt;padding: 0cm 5.4pt 0cm 5.4pt\" width=\"225\" valign=\"top\">\n<p class=\"MsoNormal\" style=\"margin-bottom: .0001pt;line-height: normal\"><span lang=\"EN-US\">8lod\u012b&scaron;u gult\u0146i + 1veltn\u012b&scaron;u gultnis<\/span><\/p>\n<\/td>\n<\/tr>\n<tr>\n<td style=\"width: 241.95pt;border: solid windowtext 1.0pt;border-top: none;background: #BFBFBF;padding: 0cm 5.4pt 0cm 5.4pt\" width=\"323\" valign=\"top\">\n<p class=\"MsoNormal\" style=\"margin-bottom: .0001pt;line-height: normal\"><strong><span lang=\"EN-US\">Zobratu attiec\u012bba<\/span><\/strong><\/p>\n<\/td>\n<td style=\"width: 168.9pt;border-top: none;border-left: none;border-bottom: solid windowtext 1.0pt;border-right: solid windowtext 1.0pt;padding: 0cm 5.4pt 0cm 5.4pt\" width=\"225\" valign=\"top\">\n<p class=\"MsoNormal\" style=\"margin-bottom: .0001pt;line-height: normal\"><span style=\"font-size: 9.0pt;,sans-serif;color: #222222;background: white\" lang=\"EN-US\">5.0:1<\/span><\/p>\n<\/td>\n<\/tr>\n<tr>\n<td style=\"width: 241.95pt;border: solid windowtext 1.0pt;border-top: none;background: #BFBFBF;padding: 0cm 5.4pt 0cm 5.4pt\" width=\"323\" valign=\"top\">\n<p class=\"MsoNormal\" style=\"margin-bottom: .0001pt;line-height: normal\"><strong><span lang=\"EN-US\">Bremzes maksim\u0101l\u0101 slodze<\/span><\/strong><\/p>\n<\/td>\n<td style=\"width: 168.9pt;border-top: none;border-left: none;border-bottom: solid windowtext 1.0pt;border-right: solid windowtext 1.0pt;padding: 0cm 5.4pt 0cm 5.4pt\" width=\"225\" valign=\"top\">\n<p class=\"MsoNormal\" style=\"margin-bottom: .0001pt;line-height: normal\"><span lang=\"EN-US\">9.0kg<\/span><\/p>\n<\/td>\n<\/tr>\n<tr>\n<td style=\"width: 241.95pt;border: solid windowtext 1.0pt;border-top: none;background: #BFBFBF;padding: 0cm 5.4pt 0cm 5.4pt\" width=\"323\" valign=\"top\">\n<p class=\"MsoNormal\" style=\"margin-bottom: .0001pt;line-height: normal\"><strong><span lang=\"EN-US\">Kasetes izm\u0113rs<\/span><\/strong><\/p>\n<\/td>\n<td style=\"width: 168.9pt;border-top: none;border-left: none;border-bottom: solid windowtext 1.0pt;border-right: solid windowtext 1.0pt;padding: 0cm 5.4pt 0cm 5.4pt\" width=\"225\" valign=\"top\">\n<p class=\"MsoNormal\" style=\"margin-bottom: .0001pt;line-height: normal\"><span lang=\"EN-US\">2500<\/span><\/p>\n<\/td>\n<\/tr>\n<tr>\n<td style=\"width: 241.95pt;border: solid windowtext 1.0pt;border-top: none;background: #BFBFBF;padding: 0cm 5.4pt 0cm 5.4pt\" width=\"323\" valign=\"top\">\n<p class=\"MsoNormal\" style=\"margin-bottom: .0001pt;line-height: normal\"><strong><span lang=\"EN-US\">Modelis<\/span><\/strong><\/p>\n<\/td>\n<td style=\"width: 168.9pt;border-top: none;border-left: none;border-bottom: solid windowtext 1.0pt;border-right: solid windowtext 1.0pt;padding: 0cm 5.4pt 0cm 5.4pt\" width=\"225\" valign=\"top\">\n<p>SUSTAIN<\/p>\n<\/td>\n<\/tr>\n<tr>\n<td style=\"width: 241.95pt;border: solid windowtext 1.0pt;border-top: none;background: #BFBFBF;padding: 0cm 5.4pt 0cm 5.4pt\" width=\"323\" valign=\"top\">\n<p class=\"MsoNormal\" style=\"margin-bottom: .0001pt;line-height: normal\"><strong><span lang=\"EN-US\">Iet\u012btais auklas garums ar vienu roktura apgriezienu<\/span><\/strong><\/p>\n<\/td>\n<td style=\"width: 168.9pt;border-top: none;border-left: none;border-bottom: solid windowtext 1.0pt;border-right: solid windowtext 1.0pt;padding: 0cm 5.4pt 0cm 5.4pt\" width=\"225\" valign=\"top\">\n<p class=\"MsoNormal\" style=\"margin-bottom: .0001pt;line-height: normal\"><span lang=\"EN-US\">73cm<\/span><\/p>\n<\/td>\n<\/tr>\n<tr>\n<td style=\"width: 241.95pt;border: solid windowtext 1.0pt;border-top: none;background: #BFBFBF;padding: 0cm 5.4pt 0cm 5.4pt\" width=\"323\" valign=\"top\">\n<p class=\"MsoNormal\" style=\"margin-bottom: .0001pt;line-height: normal\"><strong><span lang=\"EN-US\">Papildus kasete<\/span><\/strong><\/p>\n<\/td>\n<td style=\"width: 168.9pt;border-top: none;border-left: none;border-bottom: solid windowtext 1.0pt;border-right: solid windowtext 1.0pt;padding: 0cm 5.4pt 0cm 5.4pt\" width=\"225\" valign=\"top\">\n<p class=\"MsoListParagraph\" style=\"margin-bottom: .0001pt;text-indent: -18.0pt;line-height: normal\"><span lang=\"EN-US\"><span><span>&nbsp;&nbsp;&nbsp;&nbsp;&nbsp;&nbsp;&nbsp;&nbsp;&nbsp; <\/span><\/span><\/span><span lang=\"EN-US\">Nav<\/span><\/p>\n<\/td>\n<\/tr>\n<tr>\n<td style=\"width: 241.95pt;border: solid windowtext 1.0pt;border-top: none;background: #BFBFBF;padding: 0cm 5.4pt 0cm 5.4pt\" width=\"323\" valign=\"top\">\n<p class=\"MsoNormal\" style=\"margin-bottom: .0001pt;line-height: normal\"><strong><span lang=\"EN-US\">Spoles bremze<\/span><\/strong><\/p>\n<\/td>\n<td style=\"width: 168.9pt;border-top: none;border-left: none;border-bottom: solid windowtext 1.0pt;border-right: solid windowtext 1.0pt;padding: 0cm 5.4pt 0cm 5.4pt\" width=\"225\" valign=\"top\">\n<p class=\"MsoNormal\" style=\"margin-bottom: .0001pt;line-height: normal\"><span lang=\"EN-US\">Priek&scaron;\u0113j\u0101<\/span><\/p>\n<\/td>\n<\/tr>\n<tr>\n<td style=\"width: 241.95pt;border: solid windowtext 1.0pt;border-top: none;background: #BFBFBF;padding: 0cm 5.4pt 0cm 5.4pt\" width=\"323\" valign=\"top\">\n<p class=\"MsoNormal\" style=\"margin-bottom: .0001pt;line-height: normal\"><strong><span lang=\"EN-US\">Spoles veids<\/span><\/strong><\/p>\n<\/td>\n<td style=\"width: 168.9pt;border-top: none;border-left: none;border-bottom: solid windowtext 1.0pt;border-right: solid windowtext 1.0pt;padding: 0cm 5.4pt 0cm 5.4pt\" width=\"225\" valign=\"top\">\n<p class=\"MsoNormal\" style=\"margin-bottom: .0001pt;line-height: normal\"><span lang=\"EN-US\">Bezinerces spole<\/span><\/p>\n<\/td>\n<\/tr>\n<tr>\n<td style=\"width: 241.95pt;border: solid windowtext 1.0pt;border-top: none;background: #BFBFBF;padding: 0cm 5.4pt 0cm 5.4pt\" width=\"323\" valign=\"top\">\n<p class=\"MsoNormal\" style=\"margin-bottom: .0001pt;line-height: normal\"><strong><span lang=\"EN-US\">Rokturis<\/span><\/strong><\/p>\n<\/td>\n<td style=\"width: 168.9pt;border-top: none;border-left: none;border-bottom: solid windowtext 1.0pt;border-right: solid windowtext 1.0pt;padding: 0cm 5.4pt 0cm 5.4pt\" width=\"225\" valign=\"top\">\n<p class=\"MsoNormal\" style=\"margin-bottom: .0001pt;line-height: normal\"><span lang=\"EN-US\">Viens<\/span><\/p>\n<\/td>\n<\/tr>\n<tr>\n<td style=\"width: 241.95pt;border: solid windowtext 1.0pt;border-top: none;background: #BFBFBF;padding: 0cm 5.4pt 0cm 5.4pt\" width=\"323\" valign=\"top\">\n<p class=\"MsoNormal\" style=\"margin-bottom: .0001pt;line-height: normal\"><strong><span lang=\"EN-US\">Ra\u017eots<\/span><\/strong><\/p>\n<\/td>\n<td style=\"width: 168.9pt;border-top: none;border-left: none;border-bottom: solid windowtext 1.0pt;border-right: solid windowtext 1.0pt;padding: 0cm 5.4pt 0cm 5.4pt\" width=\"225\" valign=\"top\">\n<p class=\"MsoNormal\" style=\"margin-bottom: .0001pt;line-height: normal\"><span lang=\"EN-US\">Malaizija<\/span><\/p>\n<\/td>\n<\/tr>\n<tr>\n<td style=\"width: 241.95pt;border: solid windowtext 1.0pt;border-top: none;background: #BFBFBF;padding: 0cm 5.4pt 0cm 5.4pt\" width=\"323\" valign=\"top\">\n<p class=\"MsoNormal\" style=\"margin-bottom: .0001pt;line-height: normal\"><strong><span lang=\"EN-US\">Izlaiduma gads<\/span><\/strong><\/p>\n<\/td>\n<td style=\"width: 168.9pt;border-top: none;border-left: none;border-bottom: solid windowtext 1.0pt;border-right: solid windowtext 1.0pt;padding: 0cm 5.4pt 0cm 5.4pt\" width=\"225\" valign=\"top\">\n<p class=\"MsoNormal\" style=\"margin-bottom: .0001pt;line-height: normal\"><span lang=\"EN-US\">2017<\/span><\/p>\n<\/td>\n<\/tr>\n<\/tbody>\n<\/table>\n<p>&nbsp;<\/p>\n<p>&nbsp;<\/p>\n<p>&nbsp;<\/p>\n<p>&nbsp;<\/p>\n<p>&nbsp;<\/p>\n","protected":false},"excerpt":{"rendered":"<p>Jaun\u0101 spo\u013cu s\u0113rija SUSTAIN &#8211; univer\u0101la spole, ar daudz jaun\u0101m un noder\u012bg\u0101m funkcij\u0101m! K\u0101 vienu no svar\u012bg\u0101kaj\u0101m, &scaron;\u012bs spoles funkcij\u0101m, var min\u0113t tehnolo\u0123iju &laquo;X-Protect&raquo;, kura pasarg\u0101 spoels iek&scaron;\u0113jos meh\u0101nismus. Spole ir herm\u0113tiski nosl\u0113gta t\u0101, ka \u016bdens iek&scaron;\u0101 netiek. &laquo;X-Protect&raquo; ir 7 reizes \u016bdensnotur\u012bg\u0101ka tehnolo\u0123ija k\u0101 &laquo;CoreProtect&raquo;. Tas padara SUSTAIN spoles \u013coti piem\u0113roto copes skarbos laika [&hellip;]<\/p>\n","protected":false},"featured_media":0,"template":"","meta":[],"product_brand":[3371],"product_cat":[4538,4539,4541,4640],"product_tag":[],"class_list":{"0":"post-78343","1":"product","2":"type-product","3":"status-publish","5":"product_brand-shimano","6":"product_cat-fishing-equipment-recreation","7":"product_cat-reels-fishing-equipment-recreation","8":"product_cat-spinning-reels-reels-fishing-equipment-recreation","9":"product_cat-recreation","11":"first","12":"instock","13":"shipping-taxable","14":"purchasable","15":"product-type-simple"},"_links":{"self":[{"href":"https:\/\/sezona.lv\/en\/wp-json\/wp\/v2\/product\/78343","targetHints":{"allow":["GET"]}}],"collection":[{"href":"https:\/\/sezona.lv\/en\/wp-json\/wp\/v2\/product"}],"about":[{"href":"https:\/\/sezona.lv\/en\/wp-json\/wp\/v2\/types\/product"}],"wp:attachment":[{"href":"https:\/\/sezona.lv\/en\/wp-json\/wp\/v2\/media?parent=78343"}],"wp:term":[{"taxonomy":"product_brand","embeddable":true,"href":"https:\/\/sezona.lv\/en\/wp-json\/wp\/v2\/product_brand?post=78343"},{"taxonomy":"product_cat","embeddable":true,"href":"https:\/\/sezona.lv\/en\/wp-json\/wp\/v2\/product_cat?post=78343"},{"taxonomy":"product_tag","embeddable":true,"href":"https:\/\/sezona.lv\/en\/wp-json\/wp\/v2\/product_tag?post=78343"}],"curies":[{"name":"wp","href":"https:\/\/api.w.org\/{rel}","templated":true}]}}