{"id":78346,"date":"2025-07-14T15:22:40","date_gmt":"2025-07-14T12:22:40","guid":{"rendered":"https:\/\/demo8.ecube.lv\/sezona.lv\/products\/shimano-spole-sedona-1000-fi\/"},"modified":"2025-07-14T15:22:40","modified_gmt":"2025-07-14T12:22:40","slug":"shimano-spole-sedona-1000-fi","status":"publish","type":"product","link":"https:\/\/sezona.lv\/en\/products\/shimano-spole-sedona-1000-fi\/","title":{"rendered":"Shimano spole SEDONA 1000 FI"},"content":{"rendered":"<p>&nbsp;&#8211;&nbsp;Ra\u017eot\u0101js: <span> Shimano <\/span><\/p>\n<div>\n<p>&nbsp;&#8211;&nbsp;Tips: <span>Bezinerces<\/span><\/p>\n<p><span>&nbsp;&#8211; Frikciona bremze: Priek&scaron;\u0113j\u0101<br \/><\/span><\/p>\n<\/div>\n<div>\n<p>&nbsp;&#8211;&nbsp;Svars (g.): <span>215<\/span><\/p>\n<\/div>\n<div>\n<p>&nbsp;&#8211;&nbsp; Zobratu attiec\u012bba: <span>5.0:1<\/span><\/p>\n<\/div>\n<p><span>&nbsp;&#8211; Auklas ietilp\u012bba (m\/mm):&nbsp; <\/span><span>0.18-170\/0.20-140\/0.25-90<\/span><\/p>\n<p><span>&nbsp;&#8211; Maksim\u0101l\u0101 jauda: 3kg<\/span><\/p>\n<p><span>&nbsp;&#8211; Gult\u0146i:<\/span><span><strong> <\/strong>3 S SUS + 1 Rollerbearing<\/span><\/p>\n<p><span>&nbsp;&#8211; Auklas uzt\u012b&scaron;anas sist\u0113ma:&nbsp;<strong> <\/strong><\/span><span>Varispeed II<\/span><\/p>\n<p><span>&nbsp;&#8211; <\/span><span>Auklas uzt\u012b&scaron;anas garums vien\u0101 apgriezien\u0101 (cm): 66<\/span><\/p>\n<div>\n<p><span><br \/><\/span><\/p>\n<\/div>\n<p>&nbsp;<\/p>\n<p>&nbsp;<\/p>\n<p>&nbsp;<\/p>\n<p>&nbsp;<\/p>\n<p>&nbsp;<\/p>\n","protected":false},"excerpt":{"rendered":"<p>&nbsp;&#8211;&nbsp;Ra\u017eot\u0101js: Shimano &nbsp;&#8211;&nbsp;Tips: Bezinerces &nbsp;&#8211; Frikciona bremze: Priek&scaron;\u0113j\u0101 &nbsp;&#8211;&nbsp;Svars (g.): 215 &nbsp;&#8211;&nbsp; Zobratu attiec\u012bba: 5.0:1 &nbsp;&#8211; Auklas ietilp\u012bba (m\/mm):&nbsp; 0.18-170\/0.20-140\/0.25-90 &nbsp;&#8211; Maksim\u0101l\u0101 jauda: 3kg &nbsp;&#8211; Gult\u0146i: 3 S SUS + 1 Rollerbearing &nbsp;&#8211; Auklas uzt\u012b&scaron;anas sist\u0113ma:&nbsp; Varispeed II &nbsp;&#8211; Auklas uzt\u012b&scaron;anas garums vien\u0101 apgriezien\u0101 (cm): 66 &nbsp; &nbsp; &nbsp; &nbsp; &nbsp;<\/p>\n","protected":false},"featured_media":0,"template":"","meta":[],"product_brand":[3371],"product_cat":[4538,4539,4541,4640],"product_tag":[],"class_list":{"0":"post-78346","1":"product","2":"type-product","3":"status-publish","5":"product_brand-shimano","6":"product_cat-fishing-equipment-recreation","7":"product_cat-reels-fishing-equipment-recreation","8":"product_cat-spinning-reels-reels-fishing-equipment-recreation","9":"product_cat-recreation","11":"first","12":"instock","13":"shipping-taxable","14":"purchasable","15":"product-type-simple"},"_links":{"self":[{"href":"https:\/\/sezona.lv\/en\/wp-json\/wp\/v2\/product\/78346","targetHints":{"allow":["GET"]}}],"collection":[{"href":"https:\/\/sezona.lv\/en\/wp-json\/wp\/v2\/product"}],"about":[{"href":"https:\/\/sezona.lv\/en\/wp-json\/wp\/v2\/types\/product"}],"wp:attachment":[{"href":"https:\/\/sezona.lv\/en\/wp-json\/wp\/v2\/media?parent=78346"}],"wp:term":[{"taxonomy":"product_brand","embeddable":true,"href":"https:\/\/sezona.lv\/en\/wp-json\/wp\/v2\/product_brand?post=78346"},{"taxonomy":"product_cat","embeddable":true,"href":"https:\/\/sezona.lv\/en\/wp-json\/wp\/v2\/product_cat?post=78346"},{"taxonomy":"product_tag","embeddable":true,"href":"https:\/\/sezona.lv\/en\/wp-json\/wp\/v2\/product_tag?post=78346"}],"curies":[{"name":"wp","href":"https:\/\/api.w.org\/{rel}","templated":true}]}}