{"id":78358,"date":"2025-07-14T15:22:50","date_gmt":"2025-07-14T12:22:50","guid":{"rendered":"https:\/\/demo8.ecube.lv\/sezona.lv\/products\/shimano-spole-sahara-fj-1000\/"},"modified":"2025-07-14T15:22:50","modified_gmt":"2025-07-14T12:22:50","slug":"shimano-spole-sahara-fj-1000","status":"publish","type":"product","link":"https:\/\/sezona.lv\/en\/products\/shimano-spole-sahara-fj-1000\/","title":{"rendered":"Shimano spole SAHARA FJ 1000"},"content":{"rendered":"<p>&#8211;&nbsp;Ra\u017eot\u0101js:&nbsp;Shimano<\/p>\n<p>&nbsp;&#8211; Frikciona bremze: Priek&scaron;\u0113j\u0101<\/p>\n<div>\n<p>&nbsp;&#8211;&nbsp;Svars (g.): 205<\/p>\n<\/div>\n<div>\n<p>&nbsp;<\/p>\n<\/div>\n","protected":false},"excerpt":{"rendered":"<p>&#8211;&nbsp;Ra\u017eot\u0101js:&nbsp;Shimano &nbsp;&#8211; Frikciona bremze: Priek&scaron;\u0113j\u0101 &nbsp;&#8211;&nbsp;Svars (g.): 205 &nbsp;<\/p>\n","protected":false},"featured_media":0,"template":"","meta":[],"product_brand":[3371],"product_cat":[4538,4539,4541,4640],"product_tag":[],"class_list":{"0":"post-78358","1":"product","2":"type-product","3":"status-publish","5":"product_brand-shimano","6":"product_cat-fishing-equipment-recreation","7":"product_cat-reels-fishing-equipment-recreation","8":"product_cat-spinning-reels-reels-fishing-equipment-recreation","9":"product_cat-recreation","11":"first","12":"instock","13":"shipping-taxable","14":"purchasable","15":"product-type-simple"},"_links":{"self":[{"href":"https:\/\/sezona.lv\/en\/wp-json\/wp\/v2\/product\/78358","targetHints":{"allow":["GET"]}}],"collection":[{"href":"https:\/\/sezona.lv\/en\/wp-json\/wp\/v2\/product"}],"about":[{"href":"https:\/\/sezona.lv\/en\/wp-json\/wp\/v2\/types\/product"}],"wp:attachment":[{"href":"https:\/\/sezona.lv\/en\/wp-json\/wp\/v2\/media?parent=78358"}],"wp:term":[{"taxonomy":"product_brand","embeddable":true,"href":"https:\/\/sezona.lv\/en\/wp-json\/wp\/v2\/product_brand?post=78358"},{"taxonomy":"product_cat","embeddable":true,"href":"https:\/\/sezona.lv\/en\/wp-json\/wp\/v2\/product_cat?post=78358"},{"taxonomy":"product_tag","embeddable":true,"href":"https:\/\/sezona.lv\/en\/wp-json\/wp\/v2\/product_tag?post=78358"}],"curies":[{"name":"wp","href":"https:\/\/api.w.org\/{rel}","templated":true}]}}