{"id":78361,"date":"2025-07-11T16:35:31","date_gmt":"2025-07-11T13:35:31","guid":{"rendered":"https:\/\/demo8.ecube.lv\/sezona.lv\/products\/shimano-spole-4000-rdc-clam-pack\/"},"modified":"2025-07-14T15:22:53","modified_gmt":"2025-07-14T12:22:53","slug":"shimano-spole-4000-rdc-clam-pack","status":"publish","type":"product","link":"https:\/\/sezona.lv\/en\/products\/shimano-spole-4000-rdc-clam-pack\/","title":{"rendered":"Shimano spole 4000 RDC CLAM PACK"},"content":{"rendered":"<p>&#8211;&nbsp;Ra\u017eot\u0101js: <span> Shimano <\/span><\/p>\n<p><span>&nbsp;&#8211; Frikcija: Aizmugur\u0113j\u0101<br \/><\/span><\/p>\n<div>\n<p>&nbsp;&#8211;&nbsp;Svars (g.): 375<\/p>\n<p>&nbsp;&#8211; Auklas ietilp\u012bba (mm\/m): <span style=\"background-color: #ffffff\">0.25-260<\/span><\/p>\n<\/div>\n<div>\n<p>&nbsp;&#8211;&nbsp; Zobratu attiec\u012bba: <span>5.1:1<\/span><\/p>\n<\/div>\n<div>\n<p>&nbsp;<\/p>\n<\/div>\n<div>\n<p>&nbsp;<\/p>\n<\/div>\n<div>\n<p>&nbsp;<\/p>\n<\/div>\n","protected":false},"excerpt":{"rendered":"<p>&#8211;&nbsp;Ra\u017eot\u0101js: Shimano &nbsp;&#8211; Frikcija: Aizmugur\u0113j\u0101 &nbsp;&#8211;&nbsp;Svars (g.): 375 &nbsp;&#8211; Auklas ietilp\u012bba (mm\/m): 0.25-260 &nbsp;&#8211;&nbsp; Zobratu attiec\u012bba: 5.1:1 &nbsp; &nbsp; &nbsp;<\/p>\n","protected":false},"featured_media":69721,"template":"","meta":[],"product_brand":[3371],"product_cat":[4538,4539,4541],"product_tag":[],"class_list":{"0":"post-78361","1":"product","2":"type-product","3":"status-publish","4":"has-post-thumbnail","6":"product_brand-shimano","7":"product_cat-fishing-equipment-recreation","8":"product_cat-reels-fishing-equipment-recreation","9":"product_cat-spinning-reels-reels-fishing-equipment-recreation","11":"first","12":"instock","13":"shipping-taxable","14":"purchasable","15":"product-type-simple"},"_links":{"self":[{"href":"https:\/\/sezona.lv\/en\/wp-json\/wp\/v2\/product\/78361","targetHints":{"allow":["GET"]}}],"collection":[{"href":"https:\/\/sezona.lv\/en\/wp-json\/wp\/v2\/product"}],"about":[{"href":"https:\/\/sezona.lv\/en\/wp-json\/wp\/v2\/types\/product"}],"wp:featuredmedia":[{"embeddable":true,"href":"https:\/\/sezona.lv\/en\/wp-json\/wp\/v2\/media\/69721"}],"wp:attachment":[{"href":"https:\/\/sezona.lv\/en\/wp-json\/wp\/v2\/media?parent=78361"}],"wp:term":[{"taxonomy":"product_brand","embeddable":true,"href":"https:\/\/sezona.lv\/en\/wp-json\/wp\/v2\/product_brand?post=78361"},{"taxonomy":"product_cat","embeddable":true,"href":"https:\/\/sezona.lv\/en\/wp-json\/wp\/v2\/product_cat?post=78361"},{"taxonomy":"product_tag","embeddable":true,"href":"https:\/\/sezona.lv\/en\/wp-json\/wp\/v2\/product_tag?post=78361"}],"curies":[{"name":"wp","href":"https:\/\/api.w.org\/{rel}","templated":true}]}}