{"id":78370,"date":"2025-07-14T15:23:07","date_gmt":"2025-07-14T12:23:07","guid":{"rendered":"https:\/\/demo8.ecube.lv\/sezona.lv\/products\/shimano-spole-ultegra-4000-fb\/"},"modified":"2025-07-14T15:23:07","modified_gmt":"2025-07-14T12:23:07","slug":"shimano-spole-ultegra-4000-fb","status":"publish","type":"product","link":"https:\/\/sezona.lv\/en\/products\/shimano-spole-ultegra-4000-fb\/","title":{"rendered":"Shimano spole ULTEGRA 4000 FB"},"content":{"rendered":"<p>&#8211; Ra\u017eot\u0101js: Shimano<\/p>\n<p>&#8211; Frikciona bremze: Priek&scaron;\u0113j\u0101<\/p>\n<p>&#8211; Svars: 285 g<\/p>\n<p>&#8211; P\u0101rnesums: 4.8:1<\/p>\n<p>&#8211; Gult\u0146i: 1 S A-RB + 4 BB + 1 Rollerbearing<\/p>\n<p>&#8211; Maksim\u0101l\u0101 jauda: 11kg<\/p>\n<p>&#8211; Auklas ietilp\u012bba (m\/mm): 0.25-260 \/ 0.30-180 \/ 0.35-130<\/p>\n<p>&#8211; Auklas uzt\u012b&scaron;anas sist\u0113ma: Aerowrap<\/p>\n<p>&#8211; Auklas uzt\u012b&scaron;anas garums vien\u0101 apgriezien\u0101: 77cm<\/p>\n<p>&nbsp;<\/p>\n","protected":false},"excerpt":{"rendered":"<p>&#8211; Ra\u017eot\u0101js: Shimano &#8211; Frikciona bremze: Priek&scaron;\u0113j\u0101 &#8211; Svars: 285 g &#8211; P\u0101rnesums: 4.8:1 &#8211; Gult\u0146i: 1 S A-RB + 4 BB + 1 Rollerbearing &#8211; Maksim\u0101l\u0101 jauda: 11kg &#8211; Auklas ietilp\u012bba (m\/mm): 0.25-260 \/ 0.30-180 \/ 0.35-130 &#8211; Auklas uzt\u012b&scaron;anas sist\u0113ma: Aerowrap &#8211; Auklas uzt\u012b&scaron;anas garums vien\u0101 apgriezien\u0101: 77cm &nbsp;<\/p>\n","protected":false},"featured_media":0,"template":"","meta":[],"product_brand":[3371],"product_cat":[4538,4539,4541,4640],"product_tag":[],"class_list":{"0":"post-78370","1":"product","2":"type-product","3":"status-publish","5":"product_brand-shimano","6":"product_cat-fishing-equipment-recreation","7":"product_cat-reels-fishing-equipment-recreation","8":"product_cat-spinning-reels-reels-fishing-equipment-recreation","9":"product_cat-recreation","11":"first","12":"instock","13":"shipping-taxable","14":"purchasable","15":"product-type-simple"},"_links":{"self":[{"href":"https:\/\/sezona.lv\/en\/wp-json\/wp\/v2\/product\/78370","targetHints":{"allow":["GET"]}}],"collection":[{"href":"https:\/\/sezona.lv\/en\/wp-json\/wp\/v2\/product"}],"about":[{"href":"https:\/\/sezona.lv\/en\/wp-json\/wp\/v2\/types\/product"}],"wp:attachment":[{"href":"https:\/\/sezona.lv\/en\/wp-json\/wp\/v2\/media?parent=78370"}],"wp:term":[{"taxonomy":"product_brand","embeddable":true,"href":"https:\/\/sezona.lv\/en\/wp-json\/wp\/v2\/product_brand?post=78370"},{"taxonomy":"product_cat","embeddable":true,"href":"https:\/\/sezona.lv\/en\/wp-json\/wp\/v2\/product_cat?post=78370"},{"taxonomy":"product_tag","embeddable":true,"href":"https:\/\/sezona.lv\/en\/wp-json\/wp\/v2\/product_tag?post=78370"}],"curies":[{"name":"wp","href":"https:\/\/api.w.org\/{rel}","templated":true}]}}