{"id":78376,"date":"2025-07-14T15:23:13","date_gmt":"2025-07-14T12:23:13","guid":{"rendered":"https:\/\/demo8.ecube.lv\/sezona.lv\/products\/shimano-spinings-beastmaster-ex-21-ml\/"},"modified":"2025-07-14T15:23:13","modified_gmt":"2025-07-14T12:23:13","slug":"shimano-spinings-beastmaster-ex-21-ml","status":"publish","type":"product","link":"https:\/\/sezona.lv\/en\/products\/shimano-spinings-beastmaster-ex-21-ml\/","title":{"rendered":"Shimano spinings BEASTMASTER EX 21 ML"},"content":{"rendered":"<p>&#8211; Ra\u017eot\u0101js: Shimano<\/p>\n<p>&#8211; Kategorija: sald\u016bdens spinings<\/p>\n<div class=\"ma-main-container col2-right-layout\">\n<div class=\"container\">\n<div class=\"main\">\n<div class=\"main-inner\">\n<div class=\"row\">\n<div class=\"col-main col-xs-12 col-sm-9\">\n<div class=\"product-view\">\n<div class=\"product-essential\">\n<p>&#8211; Garums 2.10 m<\/p>\n<div class=\"product-shop col-sm-7 col-md-87 col-sms-8 col-smb-12\">\n<div class=\"short-description\">\n<div class=\"std\">\n<p>&#8211; Tests: 10-30 gr<\/p>\n<p>&#8211; Sekciju skaits: 2<\/p>\n<p>&#8211; K\u0101ta materi\u0101ls: XT60 &amp; Biofibre<\/p>\n<p>&#8211; Transport\u0113&scaron;anas garums: 1.08m<\/p>\n<\/div>\n<div class=\"std\">\n<p>&#8211; Svars: 113g<\/p>\n<p>&#8211; Auklas caurlaides gredzeni: Fuji ner\u016bs\u0113jo&scaron;a t\u0113rauda uzlaboti Hard guide<\/p>\n<p>&#8211; Spoles tur\u0113t\u0101js: Shimano Custom<\/p>\n<p>&#8211; Rokturis: Kor\u0137is<\/p>\n<p>&#8211; Auklas caurlaides gredzenu skaits: 9<\/p>\n<\/div>\n<\/div>\n<\/div>\n<p>&nbsp;<\/p>\n<\/div>\n<\/div>\n<\/div>\n<\/div>\n<\/div>\n<\/div>\n<\/div>\n<\/div>\n<p>&nbsp;<\/p>\n<div class=\"ma-main-container col2-right-layout\">\n<div class=\"container\">\n<div class=\"main\">\n<div class=\"main-inner\"><\/div>\n<\/div>\n<\/div>\n<\/div>\n","protected":false},"excerpt":{"rendered":"<p>&#8211; Ra\u017eot\u0101js: Shimano &#8211; Kategorija: sald\u016bdens spinings &#8211; Garums 2.10 m &#8211; Tests: 10-30 gr &#8211; Sekciju skaits: 2 &#8211; K\u0101ta materi\u0101ls: XT60 &amp; Biofibre &#8211; Transport\u0113&scaron;anas garums: 1.08m &#8211; Svars: 113g &#8211; Auklas caurlaides gredzeni: Fuji ner\u016bs\u0113jo&scaron;a t\u0113rauda uzlaboti Hard guide &#8211; Spoles tur\u0113t\u0101js: Shimano Custom &#8211; Rokturis: Kor\u0137is &#8211; Auklas caurlaides gredzenu skaits: [&hellip;]<\/p>\n","protected":false},"featured_media":0,"template":"","meta":[],"product_brand":[3371],"product_cat":[4538,4540,4551,4640],"product_tag":[],"class_list":{"0":"post-78376","1":"product","2":"type-product","3":"status-publish","5":"product_brand-shimano","6":"product_cat-fishing-equipment-recreation","7":"product_cat-fishing-rods-fishing-equipment-recreation","8":"product_cat-spin-fishing-rods-fishing-rods-fishing-equipment-recreation","9":"product_cat-recreation","11":"first","12":"instock","13":"shipping-taxable","14":"purchasable","15":"product-type-simple"},"_links":{"self":[{"href":"https:\/\/sezona.lv\/en\/wp-json\/wp\/v2\/product\/78376","targetHints":{"allow":["GET"]}}],"collection":[{"href":"https:\/\/sezona.lv\/en\/wp-json\/wp\/v2\/product"}],"about":[{"href":"https:\/\/sezona.lv\/en\/wp-json\/wp\/v2\/types\/product"}],"wp:attachment":[{"href":"https:\/\/sezona.lv\/en\/wp-json\/wp\/v2\/media?parent=78376"}],"wp:term":[{"taxonomy":"product_brand","embeddable":true,"href":"https:\/\/sezona.lv\/en\/wp-json\/wp\/v2\/product_brand?post=78376"},{"taxonomy":"product_cat","embeddable":true,"href":"https:\/\/sezona.lv\/en\/wp-json\/wp\/v2\/product_cat?post=78376"},{"taxonomy":"product_tag","embeddable":true,"href":"https:\/\/sezona.lv\/en\/wp-json\/wp\/v2\/product_tag?post=78376"}],"curies":[{"name":"wp","href":"https:\/\/api.w.org\/{rel}","templated":true}]}}