{"id":78385,"date":"2025-07-14T15:23:20","date_gmt":"2025-07-14T12:23:20","guid":{"rendered":"https:\/\/demo8.ecube.lv\/sezona.lv\/products\/shimano-spole-stella-c5000xgfj\/"},"modified":"2025-07-14T15:23:20","modified_gmt":"2025-07-14T12:23:20","slug":"shimano-spole-stella-c5000xgfj","status":"publish","type":"product","link":"https:\/\/sezona.lv\/en\/products\/shimano-spole-stella-c5000xgfj\/","title":{"rendered":"Shimano spole STELLA C5000XGFJ"},"content":{"rendered":"<p><strong>&#8211; <\/strong>Ra\u017eot\u0101js: Shimano<\/p>\n<p>&#8211; Svars: 260g<\/p>\n<p>&#8211; Zobratu attiec\u012bba: 6.2:1<\/p>\n<p>&#8211; Gult\u0146i: 12 + 1<\/p>\n<p>&#8211; Auklas ietilp\u012bba: 0.30mm-240m<\/p>\n<p>&#8211; Iet\u012btas auklas garums ar vienu roktura apgriezienu: 101cm<\/p>\n<p>&#8211; Bremzes maksim\u0101l\u0101 slodze: 11kg<\/p>\n<p class=\"MsoNormal\"><strong>Stella<\/strong> <strong>tehnolo\u0123ijas<\/strong>:<\/p>\n<p class=\"MsoNormal\" style=\"text-indent: 0cm\"><strong><span>Hagane gear<\/span><\/strong><span> &ndash; galvenais zobratu p\u0101ris ir izgatavots p\u0113c speci\u0101las tehnolo\u0123ijas,  kur\u0101 met\u0101ls tiek saspiests ar 200 tonnu sp\u0113ku, un p\u0113c tam l\u012bdz mikroniem  sl\u012bp\u0113ts un pul\u0113ts. &Scaron;\u0101d\u0101 veid\u0101 galvenie zobrati ir ar paaugstin\u0101tu  iztur\u012bbu, turkl\u0101t nodro&scaron;ina \u013coti vieglu gaitu.<\/span><\/p>\n<p class=\"MsoNormal\" style=\"text-indent: 0cm\"><strong><span>Hagane body<\/span><\/strong><span> &ndash; spolei ir pastiprin\u0101ts met\u0101la korpus, kur&scaron; nodro&scaron;ina augstu iztur\u012bbu, k\u0101 ar\u012b iztur\u012bbu pret triecieniem. <\/span><\/p>\n<p class=\"MsoNormal\" style=\"text-indent: 0cm\"><strong><span>Micromodule II<\/span><\/strong><span> &ndash; tehnolo\u0123ija, kas rada \u013coti prec\u012bzus pa&scaron;us zobratus, to &ldquo;zobus&rdquo;. Katrs  &ldquo;zobs&rdquo; l\u012bdz smalk\u0101kajai deta\u013cai tiek veidots, l\u012bdz ar ko praktiski nav  ska\u0146as pie spoles grie&scaron;anas, turkl\u0101t spolei ir \u013coti samtaina gaita.<\/span><\/p>\n<p class=\"MsoNormal\" style=\"text-indent: 0cm\"><strong><span>X Ship<\/span><\/strong><span> &ndash; tehnolo\u0123ija, kas dod papildus jaudu. Tiek piemekl\u0113ts optim\u0101lais  zobratu izvietojums, zobratu izm\u0113ri, lai sasniegtu daudz lab\u0101ku  izpild\u012bjumu.<\/span><\/p>\n<p class=\"MsoNormal\" style=\"text-indent: 0cm\"><strong><span>X Protect<\/span><\/strong><span> &ndash; sist\u0113ma, kas aizsarg\u0101 pret \u016bdens iek\u013c\u016b&scaron;anu spoles iek&scaron;pus\u0113.  Pateicoties speci\u0101lai konstrukcijai, k\u0101 ar\u012b speci\u0101las sm\u0113rvielas  izmanto&scaron;anai, tiek sasniegts maksim\u0101ls efekts, kur&scaron; ir ekvivalents IPX8  standartam. Spole ir dro&scaron;i pasarg\u0101ta no \u016bdens iek\u013c\u016b&scaron;anas iek&scaron;pus\u0113.<\/span><\/p>\n<p class=\"MsoNormal\" style=\"text-indent: 0cm\"><strong><span>Siltendrive<\/span><\/strong><span> &ndash; visas spoles deta\u013cas ir r\u016bp\u012bgi veidotas, lai maksim\u0101li samazin\u0101tu  da\u017e\u0101dus trok&scaron;\u0146us, ska\u0146as kuras var b\u016bt lieto&scaron;anas gait\u0101. T\u0101dej\u0101di spole  ir absol\u016bti klusa. Jaunas formas rotors ar\u012b nerada papildus trok&scaron;\u0146us.<\/span><\/p>\n<p class=\"MsoNormal\" style=\"text-indent: 0cm\"><strong><span>G Free body<\/span><\/strong><span> &ndash; spolei smaguma centrs ir novirz\u012bts tuv\u0101k rokai, t\u0101dej\u0101di spole daudz  lab\u0101k veido balansu ar spiningu un ir j\u016btami lab\u0101ka saj\u016bta rok\u0101. <\/span><\/p>\n<p class=\"MsoNormal\" style=\"text-indent: 0cm\"><strong><span>AR-C spool<\/span><\/strong><span> &ndash; auklas kasete ir atvieglota, tai pat laik\u0101, speci\u0101las formas kasetes  borti sekm\u0113 daudz br\u012bv\u0101ku auklas not\u012b&scaron;anos, attiec\u012bgi metiena att\u0101lums  palielin\u0101s. Pati auklas kasete ir ar sal\u012bdzino&scaron;i gar\u0101ku virsmu, kas ar\u012b  pal\u012bdz palielin\u0101t metiena att\u0101lumu. Da\u017e\u0101diem spoles izm\u0113riem main\u0101s  kasetes izm\u0113ri. Maz\u0101kajiem (1000) kasetes izm\u0113rs ir samazin\u0101ts, tur  pret\u012b lielajiem (4000) palielin\u0101ts. <\/span><\/p>\n<p class=\"MsoNormal\" style=\"text-indent: 0cm\"><strong><span>DLC<\/span><\/strong><span> &ndash; auklas uzkl\u0101j\u0113js ar speci\u0101lu virsmas apstr\u0101des tehnolo\u0123iju, kur&scaron; samazina berzi, un t\u0101dej\u0101di neboj\u0101 auklu.<\/span><\/p>\n<p class=\"MsoNormal\" style=\"text-indent: 0cm\"><strong><span>EI (super rust prevention treatment)<\/span><\/strong><span> &ndash; speci\u0101la spoles virsmas apstr\u0101de, kas nodro&scaron;ina \u013coti augstus pret korozijas r\u0101d\u012bt\u0101jus<\/span><\/p>\n<p class=\"MsoNormal\" style=\"text-indent: 0cm\"><strong><span>Rigid support drag<\/span><\/strong><span> &ndash; tehnolo\u0123ija, kas nodro&scaron;ina auklas kasetes stabilit\u0101ti, t\u0101dej\u0101di pie  liel\u0101kas slodzes, kasete nekust\u0101s, un aukla tiek uzt\u012bta vienm\u0113r\u012bgi<\/span><\/p>\n<p class=\"MsoNormal\" style=\"text-indent: 0cm\"><strong><span>S A-RB<\/span><\/strong><span> &ndash; speci\u0101li gult\u0146i, kurus var izmantot ar\u012b s\u0101ls\u016bden\u012b, un kuri ir aizsarg\u0101ti pret r\u016bsu un koroziju<\/span><\/p>\n<p class=\"MsoNormal\" style=\"text-indent: 0cm\"><strong><span>One piece Bail<\/span><\/strong><span> &ndash; auklas uzkl\u0101j\u0113j loci\u0146&scaron; ir veidots p\u0113c aukst\u0101s kal&scaron;anas metodes, un ir  \u013coti iztur\u012bgs un ciets. Loci\u0146&scaron; ir veidots viengabalains. Ir izstr\u0101d\u0101ts  no jauna loci\u0146a atv\u0113r&scaron;anas-aizv\u0113&scaron;anas meh\u0101nisms. ir nov\u0113rsta iesp\u0113ja, ka  loci\u0146&scaron; pats aizc\u0113rtas.<\/span><\/p>\n<p class=\"MsoNormal\" style=\"text-indent: 0cm\"><strong><span>Saltwater<\/span><\/strong><span> &ndash; spoli var lietot s\u0101ls\u016bden\u012b, pateicoties S A-RB gult\u0146iem, un X Protect  sist\u0113mai. P\u0113c spoles izmanto&scaron;anas s\u0101ls\u016bden\u012b, spoli ir ieteicams  noskalot sald\u016bden\u012b<\/span><\/p>\n","protected":false},"excerpt":{"rendered":"<p>&#8211; Ra\u017eot\u0101js: Shimano &#8211; Svars: 260g &#8211; Zobratu attiec\u012bba: 6.2:1 &#8211; Gult\u0146i: 12 + 1 &#8211; Auklas ietilp\u012bba: 0.30mm-240m &#8211; Iet\u012btas auklas garums ar vienu roktura apgriezienu: 101cm &#8211; Bremzes maksim\u0101l\u0101 slodze: 11kg Stella tehnolo\u0123ijas: Hagane gear &ndash; galvenais zobratu p\u0101ris ir izgatavots p\u0113c speci\u0101las tehnolo\u0123ijas, kur\u0101 met\u0101ls tiek saspiests ar 200 tonnu sp\u0113ku, un [&hellip;]<\/p>\n","protected":false},"featured_media":0,"template":"","meta":[],"product_brand":[3371],"product_cat":[4538,4539,4541,4640],"product_tag":[],"class_list":{"0":"post-78385","1":"product","2":"type-product","3":"status-publish","5":"product_brand-shimano","6":"product_cat-fishing-equipment-recreation","7":"product_cat-reels-fishing-equipment-recreation","8":"product_cat-spinning-reels-reels-fishing-equipment-recreation","9":"product_cat-recreation","11":"first","12":"instock","13":"shipping-taxable","14":"purchasable","15":"product-type-simple"},"_links":{"self":[{"href":"https:\/\/sezona.lv\/en\/wp-json\/wp\/v2\/product\/78385","targetHints":{"allow":["GET"]}}],"collection":[{"href":"https:\/\/sezona.lv\/en\/wp-json\/wp\/v2\/product"}],"about":[{"href":"https:\/\/sezona.lv\/en\/wp-json\/wp\/v2\/types\/product"}],"wp:attachment":[{"href":"https:\/\/sezona.lv\/en\/wp-json\/wp\/v2\/media?parent=78385"}],"wp:term":[{"taxonomy":"product_brand","embeddable":true,"href":"https:\/\/sezona.lv\/en\/wp-json\/wp\/v2\/product_brand?post=78385"},{"taxonomy":"product_cat","embeddable":true,"href":"https:\/\/sezona.lv\/en\/wp-json\/wp\/v2\/product_cat?post=78385"},{"taxonomy":"product_tag","embeddable":true,"href":"https:\/\/sezona.lv\/en\/wp-json\/wp\/v2\/product_tag?post=78385"}],"curies":[{"name":"wp","href":"https:\/\/api.w.org\/{rel}","templated":true}]}}