{"id":78386,"date":"2025-07-14T15:23:21","date_gmt":"2025-07-14T12:23:21","guid":{"rendered":"https:\/\/demo8.ecube.lv\/sezona.lv\/products\/shimano-spole-nexave-c3000-fe\/"},"modified":"2025-07-14T15:23:21","modified_gmt":"2025-07-14T12:23:21","slug":"shimano-spole-nexave-c3000-fe","status":"publish","type":"product","link":"https:\/\/sezona.lv\/en\/products\/shimano-spole-nexave-c3000-fe\/","title":{"rendered":"Shimano spole NEXAVE C3000 FE"},"content":{"rendered":"<p>Shimano spo\u013cu s\u0113rija Nexave FE &#8211; t\u0101 ir atjaunin\u0101ta un uzlabota no iepriek&scaron;\u0113j\u0101s , popul\u0101r\u0101s spo\u013cu s\u0113rijas Nexave FD!<br \/> &Scaron;\u012b spo\u013cu s\u0113rija ir paredz\u0113ta k\u0101 ikdienas copei, t\u0101 trofejzivju  vilk&scaron;anai! Pateicoties lieliski nostr\u0101d\u0101tajiem gult\u0146iem, spole str\u0101d\u0101  \u013coti vienm\u0113r\u012bgi un labi. Spoles bremzi var pieregul\u0113t \u013coti prec\u012bzi,  t\u0101p\u0113c spole tiks gal\u0101 ar\u012b, ja gal\u0101 b\u016bs trofejzivs! &Scaron;\u012b ir uzticama un  laba spole, par sapr\u0101t\u012bgu cenu! \u013boti laba spole ies\u0101c\u0113jiem, lai sajustu,  ko noz\u012bm\u0113 Shimano.<\/p>\n<p><strong>Spoles specifik\u0101cija:<\/strong><\/p>\n<p>&nbsp;<\/p>\n<p>&nbsp;<\/p>\n<table class=\"MsoTableGrid\" style=\"border-collapse: collapse;border: none\" border=\"1\" cellspacing=\"0\" cellpadding=\"0\">\n<tbody>\n<tr>\n<td style=\"width: 241.95pt;border: solid windowtext 1.0pt;background: #BFBFBF;padding: 0cm 5.4pt 0cm 5.4pt\" width=\"323\" valign=\"top\">\n<p class=\"MsoNormal\" style=\"margin-bottom: .0001pt;line-height: normal\"><strong><span lang=\"EN-US\">Spoles svars<\/span><\/strong><\/p>\n<\/td>\n<td style=\"width: 168.9pt;border: solid windowtext 1.0pt;border-left: none;padding: 0cm 5.4pt 0cm 5.4pt\" width=\"225\" valign=\"top\">\n<p class=\"MsoNormal\" style=\"margin-bottom: .0001pt;line-height: normal\"><span lang=\"EN-US\">260gr<\/span><\/p>\n<\/td>\n<\/tr>\n<tr>\n<td style=\"width: 241.95pt;border: solid windowtext 1.0pt;border-top: none;background: #BFBFBF;padding: 0cm 5.4pt 0cm 5.4pt\" width=\"323\" valign=\"top\">\n<p class=\"MsoNormal\" style=\"margin-bottom: .0001pt;line-height: normal\"><strong><span lang=\"EN-US\">Gult\u0146u skaits<\/span><\/strong><\/p>\n<\/td>\n<td style=\"width: 168.9pt;border-top: none;border-left: none;border-bottom: solid windowtext 1.0pt;border-right: solid windowtext 1.0pt;padding: 0cm 5.4pt 0cm 5.4pt\" width=\"225\" valign=\"top\">\n<p class=\"MsoNormal\" style=\"margin-bottom: .0001pt;line-height: normal\"><span lang=\"EN-US\">3lod\u012b&scaron;u gult\u0146i + 1veltn\u012b&scaron;u gultnis<\/span><\/p>\n<\/td>\n<\/tr>\n<tr>\n<td style=\"width: 241.95pt;border: solid windowtext 1.0pt;border-top: none;background: #BFBFBF;padding: 0cm 5.4pt 0cm 5.4pt\" width=\"323\" valign=\"top\">\n<p class=\"MsoNormal\" style=\"margin-bottom: .0001pt;line-height: normal\"><strong><span lang=\"EN-US\">Zobratu attiec\u012bba<\/span><\/strong><\/p>\n<\/td>\n<td style=\"width: 168.9pt;border-top: none;border-left: none;border-bottom: solid windowtext 1.0pt;border-right: solid windowtext 1.0pt;padding: 0cm 5.4pt 0cm 5.4pt\" width=\"225\" valign=\"top\">\n<p class=\"MsoNormal\" style=\"margin-bottom: .0001pt;line-height: normal\"><span style=\"font-size: 9.0pt;,sans-serif;color: #222222;background: white\" lang=\"EN-US\">5.0:1<\/span><\/p>\n<\/td>\n<\/tr>\n<tr>\n<td style=\"width: 241.95pt;border: solid windowtext 1.0pt;border-top: none;background: #BFBFBF;padding: 0cm 5.4pt 0cm 5.4pt\" width=\"323\" valign=\"top\">\n<p class=\"MsoNormal\" style=\"margin-bottom: .0001pt;line-height: normal\"><strong><span lang=\"EN-US\">Bremzes maksim\u0101l\u0101 slodze<\/span><\/strong><\/p>\n<\/td>\n<td style=\"width: 168.9pt;border-top: none;border-left: none;border-bottom: solid windowtext 1.0pt;border-right: solid windowtext 1.0pt;padding: 0cm 5.4pt 0cm 5.4pt\" width=\"225\" valign=\"top\">\n<p class=\"MsoNormal\" style=\"margin-bottom: .0001pt;line-height: normal\"><span lang=\"EN-US\">8,5kg<\/span><\/p>\n<\/td>\n<\/tr>\n<tr>\n<td style=\"width: 241.95pt;border: solid windowtext 1.0pt;border-top: none;background: #BFBFBF;padding: 0cm 5.4pt 0cm 5.4pt\" width=\"323\" valign=\"top\">\n<p class=\"MsoNormal\" style=\"margin-bottom: .0001pt;line-height: normal\"><strong><span lang=\"EN-US\">Kasetes izm\u0113rs<\/span><\/strong><\/p>\n<\/td>\n<td style=\"width: 168.9pt;border-top: none;border-left: none;border-bottom: solid windowtext 1.0pt;border-right: solid windowtext 1.0pt;padding: 0cm 5.4pt 0cm 5.4pt\" width=\"225\" valign=\"top\">\n<p class=\"MsoNormal\" style=\"margin-bottom: .0001pt;line-height: normal\"><span lang=\"EN-US\">3000<\/span><\/p>\n<\/td>\n<\/tr>\n<tr>\n<td style=\"width: 241.95pt;border: solid windowtext 1.0pt;border-top: none;background: #BFBFBF;padding: 0cm 5.4pt 0cm 5.4pt\" width=\"323\" valign=\"top\">\n<p class=\"MsoNormal\" style=\"margin-bottom: .0001pt;line-height: normal\"><strong><span lang=\"EN-US\">Modelis<\/span><\/strong><\/p>\n<\/td>\n<td style=\"width: 168.9pt;border-top: none;border-left: none;border-bottom: solid windowtext 1.0pt;border-right: solid windowtext 1.0pt;padding: 0cm 5.4pt 0cm 5.4pt\" width=\"225\" valign=\"top\">\n<p>NEXAVE<\/p>\n<\/td>\n<\/tr>\n<tr>\n<td style=\"width: 241.95pt;border: solid windowtext 1.0pt;border-top: none;background: #BFBFBF;padding: 0cm 5.4pt 0cm 5.4pt\" width=\"323\" valign=\"top\">\n<p class=\"MsoNormal\" style=\"margin-bottom: .0001pt;line-height: normal\"><strong><span lang=\"EN-US\">Iet\u012btais auklas garums ar vienu roktura apgriezienu<\/span><\/strong><\/p>\n<\/td>\n<td style=\"width: 168.9pt;border-top: none;border-left: none;border-bottom: solid windowtext 1.0pt;border-right: solid windowtext 1.0pt;padding: 0cm 5.4pt 0cm 5.4pt\" width=\"225\" valign=\"top\">\n<p class=\"MsoNormal\" style=\"margin-bottom: .0001pt;line-height: normal\"><span lang=\"EN-US\">71cm<\/span><\/p>\n<\/td>\n<\/tr>\n<tr>\n<td style=\"width: 241.95pt;border: solid windowtext 1.0pt;border-top: none;background: #BFBFBF;padding: 0cm 5.4pt 0cm 5.4pt\" width=\"323\" valign=\"top\">\n<p class=\"MsoNormal\" style=\"margin-bottom: .0001pt;line-height: normal\"><strong><span lang=\"EN-US\">Papildus kasete<\/span><\/strong><\/p>\n<\/td>\n<td style=\"width: 168.9pt;border-top: none;border-left: none;border-bottom: solid windowtext 1.0pt;border-right: solid windowtext 1.0pt;padding: 0cm 5.4pt 0cm 5.4pt\" width=\"225\" valign=\"top\">\n<p class=\"MsoListParagraph\" style=\"margin-bottom: .0001pt;text-indent: -18.0pt;line-height: normal\"><span lang=\"EN-US\"><span><span>&nbsp;&nbsp;&nbsp;&nbsp;&nbsp;&nbsp;&nbsp;&nbsp;&nbsp; <\/span><\/span><\/span><span lang=\"EN-US\">Nav<\/span><\/p>\n<\/td>\n<\/tr>\n<tr>\n<td style=\"width: 241.95pt;border: solid windowtext 1.0pt;border-top: none;background: #BFBFBF;padding: 0cm 5.4pt 0cm 5.4pt\" width=\"323\" valign=\"top\">\n<p class=\"MsoNormal\" style=\"margin-bottom: .0001pt;line-height: normal\"><strong><span lang=\"EN-US\">Spoles bremze<\/span><\/strong><\/p>\n<\/td>\n<td style=\"width: 168.9pt;border-top: none;border-left: none;border-bottom: solid windowtext 1.0pt;border-right: solid windowtext 1.0pt;padding: 0cm 5.4pt 0cm 5.4pt\" width=\"225\" valign=\"top\">\n<p class=\"MsoNormal\" style=\"margin-bottom: .0001pt;line-height: normal\"><span lang=\"EN-US\">Priek&scaron;\u0113j\u0101<\/span><\/p>\n<\/td>\n<\/tr>\n<tr>\n<td style=\"width: 241.95pt;border: solid windowtext 1.0pt;border-top: none;background: #BFBFBF;padding: 0cm 5.4pt 0cm 5.4pt\" width=\"323\" valign=\"top\">\n<p class=\"MsoNormal\" style=\"margin-bottom: .0001pt;line-height: normal\"><strong><span lang=\"EN-US\">Spoles veids<\/span><\/strong><\/p>\n<\/td>\n<td style=\"width: 168.9pt;border-top: none;border-left: none;border-bottom: solid windowtext 1.0pt;border-right: solid windowtext 1.0pt;padding: 0cm 5.4pt 0cm 5.4pt\" width=\"225\" valign=\"top\">\n<p class=\"MsoNormal\" style=\"margin-bottom: .0001pt;line-height: normal\"><span lang=\"EN-US\">Bezinerces spole<\/span><\/p>\n<\/td>\n<\/tr>\n<tr>\n<td style=\"width: 241.95pt;border: solid windowtext 1.0pt;border-top: none;background: #BFBFBF;padding: 0cm 5.4pt 0cm 5.4pt\" width=\"323\" valign=\"top\">\n<p class=\"MsoNormal\" style=\"margin-bottom: .0001pt;line-height: normal\"><strong><span lang=\"EN-US\">Rokturis<\/span><\/strong><\/p>\n<\/td>\n<td style=\"width: 168.9pt;border-top: none;border-left: none;border-bottom: solid windowtext 1.0pt;border-right: solid windowtext 1.0pt;padding: 0cm 5.4pt 0cm 5.4pt\" width=\"225\" valign=\"top\">\n<p class=\"MsoNormal\" style=\"margin-bottom: .0001pt;line-height: normal\"><span lang=\"EN-US\">Viens<\/span><\/p>\n<\/td>\n<\/tr>\n<tr>\n<td style=\"width: 241.95pt;border: solid windowtext 1.0pt;border-top: none;background: #BFBFBF;padding: 0cm 5.4pt 0cm 5.4pt\" width=\"323\" valign=\"top\">\n<p class=\"MsoNormal\" style=\"margin-bottom: .0001pt;line-height: normal\"><strong><span lang=\"EN-US\">Ra\u017eots<\/span><\/strong><\/p>\n<\/td>\n<td style=\"width: 168.9pt;border-top: none;border-left: none;border-bottom: solid windowtext 1.0pt;border-right: solid windowtext 1.0pt;padding: 0cm 5.4pt 0cm 5.4pt\" width=\"225\" valign=\"top\">\n<p class=\"MsoNormal\" style=\"margin-bottom: .0001pt;line-height: normal\"><span lang=\"EN-US\">Malaizija<\/span><\/p>\n<\/td>\n<\/tr>\n<tr>\n<td style=\"width: 241.95pt;border: solid windowtext 1.0pt;border-top: none;background: #BFBFBF;padding: 0cm 5.4pt 0cm 5.4pt\" width=\"323\" valign=\"top\">\n<p class=\"MsoNormal\" style=\"margin-bottom: .0001pt;line-height: normal\"><strong><span lang=\"EN-US\">Izlaiduma gads<\/span><\/strong><\/p>\n<\/td>\n<td style=\"width: 168.9pt;border-top: none;border-left: none;border-bottom: solid windowtext 1.0pt;border-right: solid windowtext 1.0pt;padding: 0cm 5.4pt 0cm 5.4pt\" width=\"225\" valign=\"top\">\n<p class=\"MsoNormal\" style=\"margin-bottom: .0001pt;line-height: normal\"><span lang=\"EN-US\">2018<\/span><\/p>\n<\/td>\n<\/tr>\n<\/tbody>\n<\/table>\n<p>&nbsp;<\/p>\n<p>&nbsp;<\/p>\n<p>&nbsp;<\/p>\n","protected":false},"excerpt":{"rendered":"<p>Shimano spo\u013cu s\u0113rija Nexave FE &#8211; t\u0101 ir atjaunin\u0101ta un uzlabota no iepriek&scaron;\u0113j\u0101s , popul\u0101r\u0101s spo\u013cu s\u0113rijas Nexave FD! &Scaron;\u012b spo\u013cu s\u0113rija ir paredz\u0113ta k\u0101 ikdienas copei, t\u0101 trofejzivju vilk&scaron;anai! Pateicoties lieliski nostr\u0101d\u0101tajiem gult\u0146iem, spole str\u0101d\u0101 \u013coti vienm\u0113r\u012bgi un labi. Spoles bremzi var pieregul\u0113t \u013coti prec\u012bzi, t\u0101p\u0113c spole tiks gal\u0101 ar\u012b, ja gal\u0101 b\u016bs trofejzivs! [&hellip;]<\/p>\n","protected":false},"featured_media":0,"template":"","meta":[],"product_brand":[3371],"product_cat":[4538,4539,4541,4640],"product_tag":[],"class_list":{"0":"post-78386","1":"product","2":"type-product","3":"status-publish","5":"product_brand-shimano","6":"product_cat-fishing-equipment-recreation","7":"product_cat-reels-fishing-equipment-recreation","8":"product_cat-spinning-reels-reels-fishing-equipment-recreation","9":"product_cat-recreation","11":"first","12":"instock","13":"shipping-taxable","14":"purchasable","15":"product-type-simple"},"_links":{"self":[{"href":"https:\/\/sezona.lv\/en\/wp-json\/wp\/v2\/product\/78386","targetHints":{"allow":["GET"]}}],"collection":[{"href":"https:\/\/sezona.lv\/en\/wp-json\/wp\/v2\/product"}],"about":[{"href":"https:\/\/sezona.lv\/en\/wp-json\/wp\/v2\/types\/product"}],"wp:attachment":[{"href":"https:\/\/sezona.lv\/en\/wp-json\/wp\/v2\/media?parent=78386"}],"wp:term":[{"taxonomy":"product_brand","embeddable":true,"href":"https:\/\/sezona.lv\/en\/wp-json\/wp\/v2\/product_brand?post=78386"},{"taxonomy":"product_cat","embeddable":true,"href":"https:\/\/sezona.lv\/en\/wp-json\/wp\/v2\/product_cat?post=78386"},{"taxonomy":"product_tag","embeddable":true,"href":"https:\/\/sezona.lv\/en\/wp-json\/wp\/v2\/product_tag?post=78386"}],"curies":[{"name":"wp","href":"https:\/\/api.w.org\/{rel}","templated":true}]}}