{"id":78387,"date":"2025-07-14T15:23:21","date_gmt":"2025-07-14T12:23:21","guid":{"rendered":"https:\/\/demo8.ecube.lv\/sezona.lv\/products\/shimano-spinings-beastmaster-ex-300m\/"},"modified":"2025-07-14T15:23:21","modified_gmt":"2025-07-14T12:23:21","slug":"shimano-spinings-beastmaster-ex-300m","status":"publish","type":"product","link":"https:\/\/sezona.lv\/en\/products\/shimano-spinings-beastmaster-ex-300m\/","title":{"rendered":"Shimano spinings BEASTMASTER EX 300M"},"content":{"rendered":"<p>Progres\u012bv\u0101  Beasmaster akcija \u013cauj viegli un prec\u012bzi iemest m\u0101nekli  un c\u012b\u0146as laik\u0101  g\u016bt p\u0101rliecino&scaron;u vad\u012bbu. C\u012bnoties ar lielu pl\u0113so\u0146u  slodzes rezult\u0101t\u0101 uz  ri\u0146\u0137iem var rasties liels karstums, kas b\u016btiski  boj\u0101 auklu. Fuji  Improved Hard ri\u0146\u0137i nesakarst, un t\u0101dej\u0101di paildzina  auklas m\u016b\u017eu un  nov\u0113r&scaron; nevajadz\u012bgu p\u0101rtr\u016bk&scaron;anu.<\/p>\n<p>&#8211; Ra\u017eot\u0101js: Shimano<\/p>\n<p>&#8211; Kategorija: sald\u016bdens spinings<\/p>\n<p>&#8211; Garums 3.00 m<\/p>\n<div class=\"std\">\n<p>&#8211; Tests:10-30 gr<\/p>\n<p>&#8211; Sekciju skaits: 2<\/p>\n<p>&#8211; K\u0101ta materi\u0101ls: XT60 &amp; Biofibre<\/p>\n<p>&#8211; Transport\u0113&scaron;anas garums: 1.53m<\/p>\n<\/div>\n<p>&#8211; Svars: 168g<\/p>\n<p>&#8211; Auklas caurlaides gredzeni: Fuji ner\u016bs\u0113jo&scaron;a t\u0113rauda uzlaboti Hard guide<\/p>\n<p>&#8211; Spoles tur\u0113t\u0101js: Shimano Custom<\/p>\n<p>&#8211; Rokturis: Kor\u0137is<\/p>\n<p>&#8211; Auklas caurlaides gredzenu skaits: 11<\/p>\n<p>&nbsp;<\/p>\n<div class=\"ma-main-container col2-right-layout\">\n<div class=\"container\">\n<div class=\"main\">\n<div class=\"main-inner\">\n<div class=\"row\">\n<div class=\"col-main col-xs-12 col-sm-9\">\n<div class=\"product-view\"><\/div>\n<\/div>\n<\/div>\n<\/div>\n<\/div>\n<\/div>\n<\/div>\n<p>&nbsp;<\/p>\n","protected":false},"excerpt":{"rendered":"<p>Progres\u012bv\u0101 Beasmaster akcija \u013cauj viegli un prec\u012bzi iemest m\u0101nekli un c\u012b\u0146as laik\u0101 g\u016bt p\u0101rliecino&scaron;u vad\u012bbu. C\u012bnoties ar lielu pl\u0113so\u0146u slodzes rezult\u0101t\u0101 uz ri\u0146\u0137iem var rasties liels karstums, kas b\u016btiski boj\u0101 auklu. Fuji Improved Hard ri\u0146\u0137i nesakarst, un t\u0101dej\u0101di paildzina auklas m\u016b\u017eu un nov\u0113r&scaron; nevajadz\u012bgu p\u0101rtr\u016bk&scaron;anu. &#8211; Ra\u017eot\u0101js: Shimano &#8211; Kategorija: sald\u016bdens spinings &#8211; Garums 3.00 [&hellip;]<\/p>\n","protected":false},"featured_media":0,"template":"","meta":[],"product_brand":[3371],"product_cat":[4538,4540,4551,4640],"product_tag":[],"class_list":{"0":"post-78387","1":"product","2":"type-product","3":"status-publish","5":"product_brand-shimano","6":"product_cat-fishing-equipment-recreation","7":"product_cat-fishing-rods-fishing-equipment-recreation","8":"product_cat-spin-fishing-rods-fishing-rods-fishing-equipment-recreation","9":"product_cat-recreation","11":"first","12":"instock","13":"shipping-taxable","14":"purchasable","15":"product-type-simple"},"_links":{"self":[{"href":"https:\/\/sezona.lv\/en\/wp-json\/wp\/v2\/product\/78387","targetHints":{"allow":["GET"]}}],"collection":[{"href":"https:\/\/sezona.lv\/en\/wp-json\/wp\/v2\/product"}],"about":[{"href":"https:\/\/sezona.lv\/en\/wp-json\/wp\/v2\/types\/product"}],"wp:attachment":[{"href":"https:\/\/sezona.lv\/en\/wp-json\/wp\/v2\/media?parent=78387"}],"wp:term":[{"taxonomy":"product_brand","embeddable":true,"href":"https:\/\/sezona.lv\/en\/wp-json\/wp\/v2\/product_brand?post=78387"},{"taxonomy":"product_cat","embeddable":true,"href":"https:\/\/sezona.lv\/en\/wp-json\/wp\/v2\/product_cat?post=78387"},{"taxonomy":"product_tag","embeddable":true,"href":"https:\/\/sezona.lv\/en\/wp-json\/wp\/v2\/product_tag?post=78387"}],"curies":[{"name":"wp","href":"https:\/\/api.w.org\/{rel}","templated":true}]}}