{"id":78394,"date":"2025-07-14T15:23:27","date_gmt":"2025-07-14T12:23:27","guid":{"rendered":"https:\/\/demo8.ecube.lv\/sezona.lv\/products\/shimano-spinings-zodias-6-6-ml\/"},"modified":"2025-07-14T15:23:27","modified_gmt":"2025-07-14T12:23:27","slug":"shimano-spinings-zodias-6-6-ml","status":"publish","type":"product","link":"https:\/\/sezona.lv\/en\/products\/shimano-spinings-zodias-6-6-ml\/","title":{"rendered":"Shimano spinings ZODIAS 6&#8217;6&#8243; ML"},"content":{"rendered":"<p>&#8211;&nbsp;Ra\u017eot\u0101js: <span> Shimano <\/span><\/p>\n<div>\n<p>&nbsp;&#8211;&nbsp;Mak&scaron;\u0137erk\u0101ti: <span>Saliekamie<\/span><\/p>\n<\/div>\n<div>\n<p>&nbsp;&#8211;&nbsp;Garums (m): <span>1.98<\/span><\/p>\n<\/div>\n<div>\n<p>&nbsp;&#8211;&nbsp;Tests (g) no: <span>5<\/span><\/p>\n<\/div>\n<div>\n<p>&nbsp;&#8211;&nbsp;Tests (g) l\u012bdz: <span>15<\/span><\/p>\n<\/div>\n<div>\n<p>&nbsp;&#8211;&nbsp;Svars (g): <span>105<\/span><\/p>\n<\/div>\n<div>\n<p>&nbsp;&#8211;&nbsp;Sekcijas skaits: <span>1<\/span><\/p>\n<\/div>\n<div>\n<p>&nbsp;&#8211;&nbsp;Transp.garums (m): <span>1.98<\/span><\/p>\n<\/div>\n<div>\n<p>&nbsp;&#8211;&nbsp;Saliekamie: <span>oglek\u013c&scaron;\u0137iedras<\/span><\/p>\n<\/div>\n<div>\n<p>&nbsp;&#8211;&nbsp;Speci\u0101lie: <span>mono<\/span><\/p>\n<\/div>\n","protected":false},"excerpt":{"rendered":"<p>&#8211;&nbsp;Ra\u017eot\u0101js: Shimano &nbsp;&#8211;&nbsp;Mak&scaron;\u0137erk\u0101ti: Saliekamie &nbsp;&#8211;&nbsp;Garums (m): 1.98 &nbsp;&#8211;&nbsp;Tests (g) no: 5 &nbsp;&#8211;&nbsp;Tests (g) l\u012bdz: 15 &nbsp;&#8211;&nbsp;Svars (g): 105 &nbsp;&#8211;&nbsp;Sekcijas skaits: 1 &nbsp;&#8211;&nbsp;Transp.garums (m): 1.98 &nbsp;&#8211;&nbsp;Saliekamie: oglek\u013c&scaron;\u0137iedras &nbsp;&#8211;&nbsp;Speci\u0101lie: mono<\/p>\n","protected":false},"featured_media":0,"template":"","meta":[],"product_brand":[3371],"product_cat":[4538,4540,4551,4640],"product_tag":[],"class_list":{"0":"post-78394","1":"product","2":"type-product","3":"status-publish","5":"product_brand-shimano","6":"product_cat-fishing-equipment-recreation","7":"product_cat-fishing-rods-fishing-equipment-recreation","8":"product_cat-spin-fishing-rods-fishing-rods-fishing-equipment-recreation","9":"product_cat-recreation","11":"first","12":"instock","13":"shipping-taxable","14":"purchasable","15":"product-type-simple"},"_links":{"self":[{"href":"https:\/\/sezona.lv\/en\/wp-json\/wp\/v2\/product\/78394","targetHints":{"allow":["GET"]}}],"collection":[{"href":"https:\/\/sezona.lv\/en\/wp-json\/wp\/v2\/product"}],"about":[{"href":"https:\/\/sezona.lv\/en\/wp-json\/wp\/v2\/types\/product"}],"wp:attachment":[{"href":"https:\/\/sezona.lv\/en\/wp-json\/wp\/v2\/media?parent=78394"}],"wp:term":[{"taxonomy":"product_brand","embeddable":true,"href":"https:\/\/sezona.lv\/en\/wp-json\/wp\/v2\/product_brand?post=78394"},{"taxonomy":"product_cat","embeddable":true,"href":"https:\/\/sezona.lv\/en\/wp-json\/wp\/v2\/product_cat?post=78394"},{"taxonomy":"product_tag","embeddable":true,"href":"https:\/\/sezona.lv\/en\/wp-json\/wp\/v2\/product_tag?post=78394"}],"curies":[{"name":"wp","href":"https:\/\/api.w.org\/{rel}","templated":true}]}}