{"id":78395,"date":"2025-07-14T15:23:28","date_gmt":"2025-07-14T12:23:28","guid":{"rendered":"https:\/\/demo8.ecube.lv\/sezona.lv\/products\/shimano-spinings-speedmaster-cx-240ml\/"},"modified":"2025-07-14T15:23:28","modified_gmt":"2025-07-14T12:23:28","slug":"shimano-spinings-speedmaster-cx-240ml","status":"publish","type":"product","link":"https:\/\/sezona.lv\/en\/products\/shimano-spinings-speedmaster-cx-240ml\/","title":{"rendered":"Shimano spinings SPEEDMASTER CX 240ML"},"content":{"rendered":"<p>&#8211;&nbsp;Ra\u017eot\u0101js: <span> Shimano <\/span><\/p>\n<div>\n<p>&nbsp;&#8211;&nbsp;Mak&scaron;\u0137erk\u0101ti: <span>Saliekamie<\/span><\/p>\n<\/div>\n<div>\n<p>&nbsp;&#8211;&nbsp;Garums (m): <span>2.4<\/span><\/p>\n<\/div>\n<div>\n<p>&nbsp;&#8211;&nbsp;Tests (g) no: <span>7<\/span><\/p>\n<\/div>\n<div>\n<p>&nbsp;&#8211;&nbsp;Tests (g) l\u012bdz: <span>21<\/span><\/p>\n<\/div>\n<div>\n<p>&nbsp;&#8211;&nbsp;Svars (g): <span>119<\/span><\/p>\n<\/div>\n<div>\n<p>&nbsp;&#8211;&nbsp;Ri\u0146\u0137u skaits: <span>9<\/span><\/p>\n<\/div>\n<div>\n<p>&nbsp;&#8211;&nbsp;Sekcijas skaits: <span>2<\/span><\/p>\n<\/div>\n<div>\n<p>&nbsp;&#8211;&nbsp;Transp.garums (m): <span>1.22<\/span><\/p>\n<\/div>\n<div>\n<p>&nbsp;&#8211;&nbsp;Saliekamie: <span>oglek\u013c&scaron;\u0137iedras<\/span><\/p>\n<\/div>\n<p>&nbsp;<\/p>\n","protected":false},"excerpt":{"rendered":"<p>&#8211;&nbsp;Ra\u017eot\u0101js: Shimano &nbsp;&#8211;&nbsp;Mak&scaron;\u0137erk\u0101ti: Saliekamie &nbsp;&#8211;&nbsp;Garums (m): 2.4 &nbsp;&#8211;&nbsp;Tests (g) no: 7 &nbsp;&#8211;&nbsp;Tests (g) l\u012bdz: 21 &nbsp;&#8211;&nbsp;Svars (g): 119 &nbsp;&#8211;&nbsp;Ri\u0146\u0137u skaits: 9 &nbsp;&#8211;&nbsp;Sekcijas skaits: 2 &nbsp;&#8211;&nbsp;Transp.garums (m): 1.22 &nbsp;&#8211;&nbsp;Saliekamie: oglek\u013c&scaron;\u0137iedras &nbsp;<\/p>\n","protected":false},"featured_media":0,"template":"","meta":[],"product_brand":[3371],"product_cat":[4538,4540,4551,4640],"product_tag":[],"class_list":{"0":"post-78395","1":"product","2":"type-product","3":"status-publish","5":"product_brand-shimano","6":"product_cat-fishing-equipment-recreation","7":"product_cat-fishing-rods-fishing-equipment-recreation","8":"product_cat-spin-fishing-rods-fishing-rods-fishing-equipment-recreation","9":"product_cat-recreation","11":"first","12":"instock","13":"shipping-taxable","14":"purchasable","15":"product-type-simple"},"_links":{"self":[{"href":"https:\/\/sezona.lv\/en\/wp-json\/wp\/v2\/product\/78395","targetHints":{"allow":["GET"]}}],"collection":[{"href":"https:\/\/sezona.lv\/en\/wp-json\/wp\/v2\/product"}],"about":[{"href":"https:\/\/sezona.lv\/en\/wp-json\/wp\/v2\/types\/product"}],"wp:attachment":[{"href":"https:\/\/sezona.lv\/en\/wp-json\/wp\/v2\/media?parent=78395"}],"wp:term":[{"taxonomy":"product_brand","embeddable":true,"href":"https:\/\/sezona.lv\/en\/wp-json\/wp\/v2\/product_brand?post=78395"},{"taxonomy":"product_cat","embeddable":true,"href":"https:\/\/sezona.lv\/en\/wp-json\/wp\/v2\/product_cat?post=78395"},{"taxonomy":"product_tag","embeddable":true,"href":"https:\/\/sezona.lv\/en\/wp-json\/wp\/v2\/product_tag?post=78395"}],"curies":[{"name":"wp","href":"https:\/\/api.w.org\/{rel}","templated":true}]}}