{"id":78396,"date":"2025-07-14T15:23:29","date_gmt":"2025-07-14T12:23:29","guid":{"rendered":"https:\/\/demo8.ecube.lv\/sezona.lv\/products\/shimano-spinings-diaflash-bx-light-8-0-ul\/"},"modified":"2025-07-14T15:23:29","modified_gmt":"2025-07-14T12:23:29","slug":"shimano-spinings-diaflash-bx-light-8-0-ul","status":"publish","type":"product","link":"https:\/\/sezona.lv\/en\/products\/shimano-spinings-diaflash-bx-light-8-0-ul\/","title":{"rendered":"Shimano spinings DIAFLASH BX LIGHT 8&#8217;0&#8243; UL"},"content":{"rendered":"<p>&#8211;&nbsp;Ra\u017eot\u0101js: <span> Shimano <\/span><\/p>\n<div>\n<p>&nbsp;&#8211; Rokturis: <span>EVA<\/span><\/p>\n<\/div>\n<div>\n<p>&nbsp;&#8211;&nbsp;Garums (m): <span>2.44<\/span><\/p>\n<p><span>&nbsp;&#8211; Transport\u0113&scaron;anas garums (m): 1.25<\/span><\/p>\n<p><span>&nbsp;&#8211; Akcija: UL<br \/><\/span><\/p>\n<\/div>\n<p><span>&nbsp;&#8211; Sekciju skaits: 2<\/span><\/p>\n<p><span>&nbsp;&#8211; Ri\u0146\u0137i: Fuji, 9<\/span><\/p>\n<p>&nbsp;<\/p>\n<p>&nbsp;<\/p>\n","protected":false},"excerpt":{"rendered":"<p>&#8211;&nbsp;Ra\u017eot\u0101js: Shimano &nbsp;&#8211; Rokturis: EVA &nbsp;&#8211;&nbsp;Garums (m): 2.44 &nbsp;&#8211; Transport\u0113&scaron;anas garums (m): 1.25 &nbsp;&#8211; Akcija: UL &nbsp;&#8211; Sekciju skaits: 2 &nbsp;&#8211; Ri\u0146\u0137i: Fuji, 9 &nbsp; &nbsp;<\/p>\n","protected":false},"featured_media":0,"template":"","meta":[],"product_brand":[3371],"product_cat":[4538,4540,4551,4640],"product_tag":[],"class_list":{"0":"post-78396","1":"product","2":"type-product","3":"status-publish","5":"product_brand-shimano","6":"product_cat-fishing-equipment-recreation","7":"product_cat-fishing-rods-fishing-equipment-recreation","8":"product_cat-spin-fishing-rods-fishing-rods-fishing-equipment-recreation","9":"product_cat-recreation","11":"first","12":"instock","13":"shipping-taxable","14":"purchasable","15":"product-type-simple"},"_links":{"self":[{"href":"https:\/\/sezona.lv\/en\/wp-json\/wp\/v2\/product\/78396","targetHints":{"allow":["GET"]}}],"collection":[{"href":"https:\/\/sezona.lv\/en\/wp-json\/wp\/v2\/product"}],"about":[{"href":"https:\/\/sezona.lv\/en\/wp-json\/wp\/v2\/types\/product"}],"wp:attachment":[{"href":"https:\/\/sezona.lv\/en\/wp-json\/wp\/v2\/media?parent=78396"}],"wp:term":[{"taxonomy":"product_brand","embeddable":true,"href":"https:\/\/sezona.lv\/en\/wp-json\/wp\/v2\/product_brand?post=78396"},{"taxonomy":"product_cat","embeddable":true,"href":"https:\/\/sezona.lv\/en\/wp-json\/wp\/v2\/product_cat?post=78396"},{"taxonomy":"product_tag","embeddable":true,"href":"https:\/\/sezona.lv\/en\/wp-json\/wp\/v2\/product_tag?post=78396"}],"curies":[{"name":"wp","href":"https:\/\/api.w.org\/{rel}","templated":true}]}}