{"id":78397,"date":"2025-07-14T15:23:30","date_gmt":"2025-07-14T12:23:30","guid":{"rendered":"https:\/\/demo8.ecube.lv\/sezona.lv\/products\/shimano-spole-sedona-4000-xgfi\/"},"modified":"2025-07-14T15:23:30","modified_gmt":"2025-07-14T12:23:30","slug":"shimano-spole-sedona-4000-xgfi","status":"publish","type":"product","link":"https:\/\/sezona.lv\/en\/products\/shimano-spole-sedona-4000-xgfi\/","title":{"rendered":"Shimano spole SEDONA 4000 XGFI"},"content":{"rendered":"<p>Sedona &ndash; viena no bud\u017eeta klases spol\u0113m, 2017. gad\u0101 n\u0101kusi kl\u0101t ar  p\u0101ris  uzlabojumiem. &Scaron;ie FI s\u0113rijas mode\u013ci ir ar Hagane korpusu.  Pieejami  izm\u0113ros no 1000 -5000 izm\u0113ram. 3+1 gultnis. MAx drag atkar\u012bgs  no mode\u013ca,  bet s\u0101kot no 3-11kg<\/p>\n<p>&#8211;&nbsp;Ra\u017eot\u0101js: <span> Shimano <\/span><\/p>\n<div>\n<p>&nbsp;&#8211;&nbsp;Tips: <span>Bezinerces<\/span><\/p>\n<p><span>&nbsp;&#8211; Frikciona bremze: Priek&scaron;\u0113j\u0101<br \/><\/span><\/p>\n<\/div>\n<div>\n<p>&nbsp;&#8211;&nbsp;Svars (g.): <span>295<\/span><\/p>\n<\/div>\n<div>\n<p>&nbsp;&#8211;&nbsp; Zobratu attiec\u012bba: <span>6.2:1<\/span><\/p>\n<\/div>\n<div>\n<p><span>&nbsp;&#8211; Auklas ietilp\u012bba (m\/mm):&nbsp; <\/span><span>0.25-260\/0.30-180\/0.35-130<\/span><\/p>\n<p>&nbsp;&#8211; Maksim\u0101l\u0101 jauda: 11kg<\/p>\n<p><span>&nbsp;&#8211; Gult\u0146i:<\/span><span><strong> <\/strong>3 S SUS + 1 Rollerbearing <\/span><\/p>\n<p><span>&nbsp;&#8211; Auklas uzt\u012b&scaron;anas sist\u0113ma: <\/span><span>Varispeed II<\/span><\/p>\n<\/div>\n<p>&nbsp;<\/p>\n<p>&nbsp;<\/p>\n<p>&nbsp;<\/p>\n<p>&nbsp;<\/p>\n<p>&nbsp;<\/p>\n","protected":false},"excerpt":{"rendered":"<p>Sedona &ndash; viena no bud\u017eeta klases spol\u0113m, 2017. gad\u0101 n\u0101kusi kl\u0101t ar p\u0101ris uzlabojumiem. &Scaron;ie FI s\u0113rijas mode\u013ci ir ar Hagane korpusu. Pieejami izm\u0113ros no 1000 -5000 izm\u0113ram. 3+1 gultnis. MAx drag atkar\u012bgs no mode\u013ca, bet s\u0101kot no 3-11kg &#8211;&nbsp;Ra\u017eot\u0101js: Shimano &nbsp;&#8211;&nbsp;Tips: Bezinerces &nbsp;&#8211; Frikciona bremze: Priek&scaron;\u0113j\u0101 &nbsp;&#8211;&nbsp;Svars (g.): 295 &nbsp;&#8211;&nbsp; Zobratu attiec\u012bba: 6.2:1 &nbsp;&#8211; [&hellip;]<\/p>\n","protected":false},"featured_media":0,"template":"","meta":[],"product_brand":[3371],"product_cat":[4538,4539,4541,4640],"product_tag":[],"class_list":{"0":"post-78397","1":"product","2":"type-product","3":"status-publish","5":"product_brand-shimano","6":"product_cat-fishing-equipment-recreation","7":"product_cat-reels-fishing-equipment-recreation","8":"product_cat-spinning-reels-reels-fishing-equipment-recreation","9":"product_cat-recreation","11":"first","12":"instock","13":"shipping-taxable","14":"purchasable","15":"product-type-simple"},"_links":{"self":[{"href":"https:\/\/sezona.lv\/en\/wp-json\/wp\/v2\/product\/78397","targetHints":{"allow":["GET"]}}],"collection":[{"href":"https:\/\/sezona.lv\/en\/wp-json\/wp\/v2\/product"}],"about":[{"href":"https:\/\/sezona.lv\/en\/wp-json\/wp\/v2\/types\/product"}],"wp:attachment":[{"href":"https:\/\/sezona.lv\/en\/wp-json\/wp\/v2\/media?parent=78397"}],"wp:term":[{"taxonomy":"product_brand","embeddable":true,"href":"https:\/\/sezona.lv\/en\/wp-json\/wp\/v2\/product_brand?post=78397"},{"taxonomy":"product_cat","embeddable":true,"href":"https:\/\/sezona.lv\/en\/wp-json\/wp\/v2\/product_cat?post=78397"},{"taxonomy":"product_tag","embeddable":true,"href":"https:\/\/sezona.lv\/en\/wp-json\/wp\/v2\/product_tag?post=78397"}],"curies":[{"name":"wp","href":"https:\/\/api.w.org\/{rel}","templated":true}]}}