{"id":78399,"date":"2025-07-14T15:23:32","date_gmt":"2025-07-14T12:23:32","guid":{"rendered":"https:\/\/demo8.ecube.lv\/sezona.lv\/products\/shimano-spole-power-aero-xs-17-pa-14000xsb\/"},"modified":"2025-07-14T15:23:32","modified_gmt":"2025-07-14T12:23:32","slug":"shimano-spole-power-aero-xs-17-pa-14000xsb","status":"publish","type":"product","link":"https:\/\/sezona.lv\/en\/products\/shimano-spole-power-aero-xs-17-pa-14000xsb\/","title":{"rendered":"Shimano spole POWER AERO XS 17 PA 14000XSB"},"content":{"rendered":"<p>&#8211; Ra\u017eot\u0101js: Shimano<\/p>\n<p>&#8211; Svars: 510g<\/p>\n<p>&#8211; Lod\u012b&scaron;u gult\u0146i: 8S A-RB+1RB<\/p>\n<p><span style=\"background-color: #ffffff\">&#8211; Auklas ietilp\u012bba: <\/span>0,35-550\/0,40-400\/0,45-300<\/p>\n<p><span style=\"background-color: #ffffff\"><span style=\"background-color: #ffffff\">&#8211; Zobratu attiec\u012bba: <\/span><\/span><span style=\"background-color: #ffffff\"><span style=\"background-color: #ffffff\"><span style=\"background-color: #ffffff\">4,3:1<\/span><\/span><\/span><\/p>\n<p><span style=\"background-color: #ffffff\"><span style=\"background-color: #ffffff\"><span style=\"background-color: #ffffff\">&#8211; Auklas apgriezieni: 103cm<\/span><\/span><\/span><\/p>\n<p><span style=\"background-color: #ffffff\"><span style=\"background-color: #ffffff\"><span style=\"background-color: #ffffff\">&#8211; Maksim\u0101l\u0101 jauda: 20kg<\/span><\/span><\/span><\/p>\n","protected":false},"excerpt":{"rendered":"<p>&#8211; Ra\u017eot\u0101js: Shimano &#8211; Svars: 510g &#8211; Lod\u012b&scaron;u gult\u0146i: 8S A-RB+1RB &#8211; Auklas ietilp\u012bba: 0,35-550\/0,40-400\/0,45-300 &#8211; Zobratu attiec\u012bba: 4,3:1 &#8211; Auklas apgriezieni: 103cm &#8211; Maksim\u0101l\u0101 jauda: 20kg<\/p>\n","protected":false},"featured_media":0,"template":"","meta":[],"product_brand":[3371],"product_cat":[4538,4539,4541,4640],"product_tag":[],"class_list":{"0":"post-78399","1":"product","2":"type-product","3":"status-publish","5":"product_brand-shimano","6":"product_cat-fishing-equipment-recreation","7":"product_cat-reels-fishing-equipment-recreation","8":"product_cat-spinning-reels-reels-fishing-equipment-recreation","9":"product_cat-recreation","11":"first","12":"instock","13":"shipping-taxable","14":"purchasable","15":"product-type-simple"},"_links":{"self":[{"href":"https:\/\/sezona.lv\/en\/wp-json\/wp\/v2\/product\/78399","targetHints":{"allow":["GET"]}}],"collection":[{"href":"https:\/\/sezona.lv\/en\/wp-json\/wp\/v2\/product"}],"about":[{"href":"https:\/\/sezona.lv\/en\/wp-json\/wp\/v2\/types\/product"}],"wp:attachment":[{"href":"https:\/\/sezona.lv\/en\/wp-json\/wp\/v2\/media?parent=78399"}],"wp:term":[{"taxonomy":"product_brand","embeddable":true,"href":"https:\/\/sezona.lv\/en\/wp-json\/wp\/v2\/product_brand?post=78399"},{"taxonomy":"product_cat","embeddable":true,"href":"https:\/\/sezona.lv\/en\/wp-json\/wp\/v2\/product_cat?post=78399"},{"taxonomy":"product_tag","embeddable":true,"href":"https:\/\/sezona.lv\/en\/wp-json\/wp\/v2\/product_tag?post=78399"}],"curies":[{"name":"wp","href":"https:\/\/api.w.org\/{rel}","templated":true}]}}