{"id":78400,"date":"2025-07-14T15:23:33","date_gmt":"2025-07-14T12:23:33","guid":{"rendered":"https:\/\/demo8.ecube.lv\/sezona.lv\/products\/shimano-spole-ultegra-ci4-5500xsc\/"},"modified":"2025-07-14T15:23:33","modified_gmt":"2025-07-14T12:23:33","slug":"shimano-spole-ultegra-ci4-5500xsc","status":"publish","type":"product","link":"https:\/\/sezona.lv\/en\/products\/shimano-spole-ultegra-ci4-5500xsc\/","title":{"rendered":"Shimano spole ULTEGRA CI4-5500XSC"},"content":{"rendered":"<p>Spole Shimano&nbsp;<\/p>\n<p><span style=\"font-size: 11.0pt;line-height: 107%;,sans-serif\" lang=\"lv\">ULTEGRA CI4 5500 XSC<\/span>&nbsp; ir spole, kura dom\u0101tu karpu mak&scaron;\u0137er\u0113&scaron;anai un j\u016bras mak&scaron;\u0137er\u0113&scaron;anai.<br \/> Komplekt\u0101 spolei n\u0101k l\u012bdz rezerves kasete. Spolei ir jauns un moderns  dizains. Spole apr\u012bkota ar priek&scaron;\u0113jo bremzi Instant Drag. Spolei  iesp\u0113jams nofiks\u0113t freespool st\u0101vokli, lai viegl\u0101k izvad\u012bt lielu karpu.  Spolei ir unik\u0101las funkcijas, k\u0101 <strong>X-Ship<\/strong>, <strong>Super Slow<\/strong> uzt\u012b&scaron;ana 50, <strong>Aero Wrap II<\/strong> un <strong>Instant Dra<\/strong>g. Ar &scaron;o spoli jums b\u016bs p\u0101rliec\u012bba, ka liel\u0101 karpa tiks izvilkta!<\/p>\n<p><strong>Spoles funkcijas un iesp\u0113jas:<\/strong><\/p>\n<p>Shielded A-RB Bearings;<br \/> Ci4+ Frame;<br \/> Single Machined Aluminium Handle;<br \/> Stamping Bail;<br \/> Slow Oscillation;<br \/> Cold Forged Aluminium Gear;<br \/> Aero Wrap II;<br \/> Maintenance Port;<br \/> Waterroof Drag;<br \/> Hypergear;<br \/> Super Stopper II;<br \/> D\u0443na Balance;<br \/> Power Roller;<\/p>\n<p><strong>Specifik\u0101cija:<\/strong><\/p>\n<p>Spoles izm\u0113rs : 5500<br \/> Spoles svars : 440gr<br \/> Gult\u0146u skaits:&nbsp; 5 S A-RB + 1 RB<br \/> Zobratu attiec\u012bba: 5.3:1<br \/> Auklas ietilp\u012bba: mm\/m: 0.30-390 \/ 0.35-290 \/ 0.40-200<br \/> Mono auklas ietilp\u012bba: (lb\/yds): 10-425 \/ 12-315 \/ 16-230<br \/> Maksim\u0101la bremz\u0113&scaron;anas jauda: 15kg<br \/> Modelis: Ultegra<br \/> Iet\u012btais auklas garums ar vienu roktura apgriezienu: 105cm<br \/> Paopildus kasete: ir(alum\u012bnija)<br \/> Bremze: priek&scaron;\u0113j\u0101<br \/> Spoles veids: bezinerces<\/p>\n","protected":false},"excerpt":{"rendered":"<p>Spole Shimano&nbsp; ULTEGRA CI4 5500 XSC&nbsp; ir spole, kura dom\u0101tu karpu mak&scaron;\u0137er\u0113&scaron;anai un j\u016bras mak&scaron;\u0137er\u0113&scaron;anai. Komplekt\u0101 spolei n\u0101k l\u012bdz rezerves kasete. Spolei ir jauns un moderns dizains. Spole apr\u012bkota ar priek&scaron;\u0113jo bremzi Instant Drag. Spolei iesp\u0113jams nofiks\u0113t freespool st\u0101vokli, lai viegl\u0101k izvad\u012bt lielu karpu. Spolei ir unik\u0101las funkcijas, k\u0101 X-Ship, Super Slow uzt\u012b&scaron;ana 50, Aero [&hellip;]<\/p>\n","protected":false},"featured_media":0,"template":"","meta":[],"product_brand":[3371],"product_cat":[4538,4539,4541,4640],"product_tag":[],"class_list":{"0":"post-78400","1":"product","2":"type-product","3":"status-publish","5":"product_brand-shimano","6":"product_cat-fishing-equipment-recreation","7":"product_cat-reels-fishing-equipment-recreation","8":"product_cat-spinning-reels-reels-fishing-equipment-recreation","9":"product_cat-recreation","11":"first","12":"instock","13":"shipping-taxable","14":"purchasable","15":"product-type-simple"},"_links":{"self":[{"href":"https:\/\/sezona.lv\/en\/wp-json\/wp\/v2\/product\/78400","targetHints":{"allow":["GET"]}}],"collection":[{"href":"https:\/\/sezona.lv\/en\/wp-json\/wp\/v2\/product"}],"about":[{"href":"https:\/\/sezona.lv\/en\/wp-json\/wp\/v2\/types\/product"}],"wp:attachment":[{"href":"https:\/\/sezona.lv\/en\/wp-json\/wp\/v2\/media?parent=78400"}],"wp:term":[{"taxonomy":"product_brand","embeddable":true,"href":"https:\/\/sezona.lv\/en\/wp-json\/wp\/v2\/product_brand?post=78400"},{"taxonomy":"product_cat","embeddable":true,"href":"https:\/\/sezona.lv\/en\/wp-json\/wp\/v2\/product_cat?post=78400"},{"taxonomy":"product_tag","embeddable":true,"href":"https:\/\/sezona.lv\/en\/wp-json\/wp\/v2\/product_tag?post=78400"}],"curies":[{"name":"wp","href":"https:\/\/api.w.org\/{rel}","templated":true}]}}