{"id":78403,"date":"2025-07-11T16:36:27","date_gmt":"2025-07-11T13:36:27","guid":{"rendered":"https:\/\/demo8.ecube.lv\/sezona.lv\/products\/shimano-spole-ultegra-spod-xtd\/"},"modified":"2025-07-14T15:23:36","modified_gmt":"2025-07-14T12:23:36","slug":"shimano-spole-ultegra-spod-xtd","status":"publish","type":"product","link":"https:\/\/sezona.lv\/en\/products\/shimano-spole-ultegra-spod-xtd\/","title":{"rendered":"Shimano spole ULTEGRA SPOD XTD"},"content":{"rendered":"<p>&#8211; Ra\u017eot\u0101js: Shimano<\/p>\n<p>&#8211; K\u0101ta materi\u0101ls: XT-7<\/p>\n<p>&#8211; Svars: 645g<\/p>\n<p>&#8211; Gult\u0146i: 4+1<\/p>\n<p><span style=\"background-color: #ffffff\"><span style=\"background-color: #ffffff\">&#8211; Zobratu attiec\u012bba: <\/span><\/span><span style=\"background-color: #ffffff\"><span style=\"background-color: #ffffff\"><span style=\"background-color: #ffffff\">5,2:1<\/span><\/span><\/span><\/p>\n<p><span style=\"background-color: #ffffff\"><span style=\"background-color: #ffffff\"><span style=\"background-color: #ffffff\">&#8211; Auklas apgriezieni: 124cm<\/span><\/span><\/span><\/p>\n","protected":false},"excerpt":{"rendered":"<p>&#8211; Ra\u017eot\u0101js: Shimano &#8211; K\u0101ta materi\u0101ls: XT-7 &#8211; Svars: 645g &#8211; Gult\u0146i: 4+1 &#8211; Zobratu attiec\u012bba: 5,2:1 &#8211; Auklas apgriezieni: 124cm<\/p>\n","protected":false},"featured_media":69760,"template":"","meta":[],"product_brand":[3371],"product_cat":[4538,4539,4541],"product_tag":[],"class_list":{"0":"post-78403","1":"product","2":"type-product","3":"status-publish","4":"has-post-thumbnail","6":"product_brand-shimano","7":"product_cat-fishing-equipment-recreation","8":"product_cat-reels-fishing-equipment-recreation","9":"product_cat-spinning-reels-reels-fishing-equipment-recreation","11":"first","12":"instock","13":"shipping-taxable","14":"purchasable","15":"product-type-simple"},"_links":{"self":[{"href":"https:\/\/sezona.lv\/en\/wp-json\/wp\/v2\/product\/78403","targetHints":{"allow":["GET"]}}],"collection":[{"href":"https:\/\/sezona.lv\/en\/wp-json\/wp\/v2\/product"}],"about":[{"href":"https:\/\/sezona.lv\/en\/wp-json\/wp\/v2\/types\/product"}],"wp:featuredmedia":[{"embeddable":true,"href":"https:\/\/sezona.lv\/en\/wp-json\/wp\/v2\/media\/69760"}],"wp:attachment":[{"href":"https:\/\/sezona.lv\/en\/wp-json\/wp\/v2\/media?parent=78403"}],"wp:term":[{"taxonomy":"product_brand","embeddable":true,"href":"https:\/\/sezona.lv\/en\/wp-json\/wp\/v2\/product_brand?post=78403"},{"taxonomy":"product_cat","embeddable":true,"href":"https:\/\/sezona.lv\/en\/wp-json\/wp\/v2\/product_cat?post=78403"},{"taxonomy":"product_tag","embeddable":true,"href":"https:\/\/sezona.lv\/en\/wp-json\/wp\/v2\/product_tag?post=78403"}],"curies":[{"name":"wp","href":"https:\/\/api.w.org\/{rel}","templated":true}]}}