{"id":78406,"date":"2025-07-14T15:23:39","date_gmt":"2025-07-14T12:23:39","guid":{"rendered":"https:\/\/demo8.ecube.lv\/sezona.lv\/products\/shimano-spole-talica-2s-8ii\/"},"modified":"2025-07-14T15:23:39","modified_gmt":"2025-07-14T12:23:39","slug":"shimano-spole-talica-2s-8ii","status":"publish","type":"product","link":"https:\/\/sezona.lv\/en\/products\/shimano-spole-talica-2s-8ii\/","title":{"rendered":"Shimano spole TALICA 2S 8II"},"content":{"rendered":"<p class=\"itemPrParam\">&nbsp;<\/p>\n<div>\n<p>&nbsp;&#8211;&nbsp;Ra\u017eot\u0101js: <span> Shimano <\/span><\/p>\n<\/div>\n<div>\n<p>&nbsp;&#8211;&nbsp;Tips: <span>Multiplikatoru<\/span><\/p>\n<\/div>\n<div>\n<p>&nbsp;&#8211;&nbsp;Gult\u0146i: <span>6<\/span><\/p>\n<\/div>\n<p>&nbsp;<\/p>\n<p>&nbsp;<\/p>\n<p>&nbsp;<\/p>\n<div>\n<p>&nbsp;<\/p>\n<\/div>\n","protected":false},"excerpt":{"rendered":"<p>&nbsp; &nbsp;&#8211;&nbsp;Ra\u017eot\u0101js: Shimano &nbsp;&#8211;&nbsp;Tips: Multiplikatoru &nbsp;&#8211;&nbsp;Gult\u0146i: 6 &nbsp; &nbsp; &nbsp; &nbsp;<\/p>\n","protected":false},"featured_media":0,"template":"","meta":[],"product_brand":[3371],"product_cat":[4538,4539,4542,4640],"product_tag":[],"class_list":{"0":"post-78406","1":"product","2":"type-product","3":"status-publish","5":"product_brand-shimano","6":"product_cat-fishing-equipment-recreation","7":"product_cat-reels-fishing-equipment-recreation","8":"product_cat-baitcasting-reels-reels-fishing-equipment-recreation","9":"product_cat-recreation","11":"first","12":"instock","13":"shipping-taxable","14":"purchasable","15":"product-type-simple"},"_links":{"self":[{"href":"https:\/\/sezona.lv\/en\/wp-json\/wp\/v2\/product\/78406","targetHints":{"allow":["GET"]}}],"collection":[{"href":"https:\/\/sezona.lv\/en\/wp-json\/wp\/v2\/product"}],"about":[{"href":"https:\/\/sezona.lv\/en\/wp-json\/wp\/v2\/types\/product"}],"wp:attachment":[{"href":"https:\/\/sezona.lv\/en\/wp-json\/wp\/v2\/media?parent=78406"}],"wp:term":[{"taxonomy":"product_brand","embeddable":true,"href":"https:\/\/sezona.lv\/en\/wp-json\/wp\/v2\/product_brand?post=78406"},{"taxonomy":"product_cat","embeddable":true,"href":"https:\/\/sezona.lv\/en\/wp-json\/wp\/v2\/product_cat?post=78406"},{"taxonomy":"product_tag","embeddable":true,"href":"https:\/\/sezona.lv\/en\/wp-json\/wp\/v2\/product_tag?post=78406"}],"curies":[{"name":"wp","href":"https:\/\/api.w.org\/{rel}","templated":true}]}}