{"id":78411,"date":"2025-07-14T15:23:43","date_gmt":"2025-07-14T12:23:43","guid":{"rendered":"https:\/\/demo8.ecube.lv\/sezona.lv\/products\/shimano-spole-aerlex-10000-xtb-spod\/"},"modified":"2025-07-14T15:23:43","modified_gmt":"2025-07-14T12:23:43","slug":"shimano-spole-aerlex-10000-xtb-spod","status":"publish","type":"product","link":"https:\/\/sezona.lv\/en\/products\/shimano-spole-aerlex-10000-xtb-spod\/","title":{"rendered":"Shimano spole AERLEX 10000 XTB SPOD"},"content":{"rendered":"<p>&#8211;&nbsp;Ra\u017eot\u0101js: <span> Shimano <\/span><\/p>\n<div>\n<p>&nbsp;&#8211;&nbsp;Tips: <span>Bezinerces<\/span><\/p>\n<\/div>\n<div>\n<p>&nbsp;&#8211;&nbsp;Svars (g.): <span>650<\/span><\/p>\n<\/div>\n<div>\n<p>&nbsp;&#8211;&nbsp;Auklas ietilp\u012bba (m\/mm): <span>200\/0.45<\/span><\/p>\n<\/div>\n<div>\n<p>&nbsp;&#8211;&nbsp;P\u0101rnesums: <span>5.3:1<\/span><\/p>\n<\/div>\n<div>\n<p>&nbsp;&#8211;&nbsp;Gult\u0146i: <span>2+1<\/span><\/p>\n<\/div>\n<div>\n<p>&nbsp;&#8211;&nbsp;Auklas apgriez.(cm): <span>115<\/span><\/p>\n<\/div>\n","protected":false},"excerpt":{"rendered":"<p>&#8211;&nbsp;Ra\u017eot\u0101js: Shimano &nbsp;&#8211;&nbsp;Tips: Bezinerces &nbsp;&#8211;&nbsp;Svars (g.): 650 &nbsp;&#8211;&nbsp;Auklas ietilp\u012bba (m\/mm): 200\/0.45 &nbsp;&#8211;&nbsp;P\u0101rnesums: 5.3:1 &nbsp;&#8211;&nbsp;Gult\u0146i: 2+1 &nbsp;&#8211;&nbsp;Auklas apgriez.(cm): 115<\/p>\n","protected":false},"featured_media":0,"template":"","meta":[],"product_brand":[3371],"product_cat":[4538,4539,4541,4640],"product_tag":[],"class_list":{"0":"post-78411","1":"product","2":"type-product","3":"status-publish","5":"product_brand-shimano","6":"product_cat-fishing-equipment-recreation","7":"product_cat-reels-fishing-equipment-recreation","8":"product_cat-spinning-reels-reels-fishing-equipment-recreation","9":"product_cat-recreation","11":"first","12":"instock","13":"shipping-taxable","14":"purchasable","15":"product-type-simple"},"_links":{"self":[{"href":"https:\/\/sezona.lv\/en\/wp-json\/wp\/v2\/product\/78411","targetHints":{"allow":["GET"]}}],"collection":[{"href":"https:\/\/sezona.lv\/en\/wp-json\/wp\/v2\/product"}],"about":[{"href":"https:\/\/sezona.lv\/en\/wp-json\/wp\/v2\/types\/product"}],"wp:attachment":[{"href":"https:\/\/sezona.lv\/en\/wp-json\/wp\/v2\/media?parent=78411"}],"wp:term":[{"taxonomy":"product_brand","embeddable":true,"href":"https:\/\/sezona.lv\/en\/wp-json\/wp\/v2\/product_brand?post=78411"},{"taxonomy":"product_cat","embeddable":true,"href":"https:\/\/sezona.lv\/en\/wp-json\/wp\/v2\/product_cat?post=78411"},{"taxonomy":"product_tag","embeddable":true,"href":"https:\/\/sezona.lv\/en\/wp-json\/wp\/v2\/product_tag?post=78411"}],"curies":[{"name":"wp","href":"https:\/\/api.w.org\/{rel}","templated":true}]}}