{"id":78412,"date":"2025-07-14T15:23:44","date_gmt":"2025-07-14T12:23:44","guid":{"rendered":"https:\/\/demo8.ecube.lv\/sezona.lv\/products\/shimano-spole-ultegra-ci4-14000xtc\/"},"modified":"2025-07-14T15:23:44","modified_gmt":"2025-07-14T12:23:44","slug":"shimano-spole-ultegra-ci4-14000xtc","status":"publish","type":"product","link":"https:\/\/sezona.lv\/en\/products\/shimano-spole-ultegra-ci4-14000xtc\/","title":{"rendered":"Shimano spole ULTEGRA CI4-14000XTC"},"content":{"rendered":"<p>&#8211;&nbsp;Ra\u017eot\u0101js: <span> Shimano <\/span><\/p>\n<div>\n<p>&nbsp;&#8211;&nbsp;Svars (g.): <span>539<\/span><\/p>\n<\/div>\n<div>\n<p>&nbsp;&#8211;&nbsp;P\u0101rnesums: <span>4.3:1<\/span><\/p>\n<\/div>\n<div>\n<p>&nbsp;&#8211;&nbsp;Gult\u0146i: <span>5+1<\/span><\/p>\n<\/div>\n<p>&nbsp;&#8211;&nbsp;Auklas apgriez.(cm): <span>104<\/span><\/p>\n<p>&#8211; Maksim\u0101l\u0101 jauda: 20kg<\/p>\n","protected":false},"excerpt":{"rendered":"<p>&#8211;&nbsp;Ra\u017eot\u0101js: Shimano &nbsp;&#8211;&nbsp;Svars (g.): 539 &nbsp;&#8211;&nbsp;P\u0101rnesums: 4.3:1 &nbsp;&#8211;&nbsp;Gult\u0146i: 5+1 &nbsp;&#8211;&nbsp;Auklas apgriez.(cm): 104 &#8211; Maksim\u0101l\u0101 jauda: 20kg<\/p>\n","protected":false},"featured_media":0,"template":"","meta":[],"product_brand":[3371],"product_cat":[4538,4539,4541,4640],"product_tag":[],"class_list":{"0":"post-78412","1":"product","2":"type-product","3":"status-publish","5":"product_brand-shimano","6":"product_cat-fishing-equipment-recreation","7":"product_cat-reels-fishing-equipment-recreation","8":"product_cat-spinning-reels-reels-fishing-equipment-recreation","9":"product_cat-recreation","11":"first","12":"instock","13":"shipping-taxable","14":"purchasable","15":"product-type-simple"},"_links":{"self":[{"href":"https:\/\/sezona.lv\/en\/wp-json\/wp\/v2\/product\/78412","targetHints":{"allow":["GET"]}}],"collection":[{"href":"https:\/\/sezona.lv\/en\/wp-json\/wp\/v2\/product"}],"about":[{"href":"https:\/\/sezona.lv\/en\/wp-json\/wp\/v2\/types\/product"}],"wp:attachment":[{"href":"https:\/\/sezona.lv\/en\/wp-json\/wp\/v2\/media?parent=78412"}],"wp:term":[{"taxonomy":"product_brand","embeddable":true,"href":"https:\/\/sezona.lv\/en\/wp-json\/wp\/v2\/product_brand?post=78412"},{"taxonomy":"product_cat","embeddable":true,"href":"https:\/\/sezona.lv\/en\/wp-json\/wp\/v2\/product_cat?post=78412"},{"taxonomy":"product_tag","embeddable":true,"href":"https:\/\/sezona.lv\/en\/wp-json\/wp\/v2\/product_tag?post=78412"}],"curies":[{"name":"wp","href":"https:\/\/api.w.org\/{rel}","templated":true}]}}