{"id":78413,"date":"2025-07-14T15:23:45","date_gmt":"2025-07-14T12:23:45","guid":{"rendered":"https:\/\/demo8.ecube.lv\/sezona.lv\/products\/shimano-spole-medium-baitrunner-ci4-xtr-a-lc\/"},"modified":"2025-07-14T15:23:45","modified_gmt":"2025-07-14T12:23:45","slug":"shimano-spole-medium-baitrunner-ci4-xtr-a-lc","status":"publish","type":"product","link":"https:\/\/sezona.lv\/en\/products\/shimano-spole-medium-baitrunner-ci4-xtr-a-lc\/","title":{"rendered":"Shimano spole MEDIUM BAITRUNNER CI4 XTR A-LC"},"content":{"rendered":"<p>Jaud\u012bga spole gruntsmak&scaron;\u0137er\u0113m.<\/p>\n<p>&#8211; Ra\u017eot\u0101js: Shimano<\/p>\n<p>&#8211; Frikciona bremze: Priek&scaron;\u0113j\u0101<\/p>\n<p>&#8211; Svars: 505g<\/p>\n<p>&#8211; P\u0101rnesums: 5.3:1<\/p>\n<p>&#8211; Auklas ietilp\u012bba (m\/mm): 0.30-390 \/ 0.35-290 \/ 0.40-210<\/p>\n<p>&#8211; Gult\u0146i: 6 S A-RB + 1 Roller Bearing<\/p>\n<p>&#8211; Auklas uzt\u012b&scaron;anas sist\u0113ma: Aerowrap II + 2-speed<\/p>\n<p>&#8211; Auklas uzt\u012b&scaron;anas garums vien\u0101 apgriezien\u0101 (cm): 105<\/p>\n","protected":false},"excerpt":{"rendered":"<p>Jaud\u012bga spole gruntsmak&scaron;\u0137er\u0113m. &#8211; Ra\u017eot\u0101js: Shimano &#8211; Frikciona bremze: Priek&scaron;\u0113j\u0101 &#8211; Svars: 505g &#8211; P\u0101rnesums: 5.3:1 &#8211; Auklas ietilp\u012bba (m\/mm): 0.30-390 \/ 0.35-290 \/ 0.40-210 &#8211; Gult\u0146i: 6 S A-RB + 1 Roller Bearing &#8211; Auklas uzt\u012b&scaron;anas sist\u0113ma: Aerowrap II + 2-speed &#8211; Auklas uzt\u012b&scaron;anas garums vien\u0101 apgriezien\u0101 (cm): 105<\/p>\n","protected":false},"featured_media":0,"template":"","meta":[],"product_brand":[3371],"product_cat":[4538,4539,4640],"product_tag":[],"class_list":{"0":"post-78413","1":"product","2":"type-product","3":"status-publish","5":"product_brand-shimano","6":"product_cat-fishing-equipment-recreation","7":"product_cat-reels-fishing-equipment-recreation","8":"product_cat-recreation","10":"first","11":"instock","12":"shipping-taxable","13":"purchasable","14":"product-type-simple"},"_links":{"self":[{"href":"https:\/\/sezona.lv\/en\/wp-json\/wp\/v2\/product\/78413","targetHints":{"allow":["GET"]}}],"collection":[{"href":"https:\/\/sezona.lv\/en\/wp-json\/wp\/v2\/product"}],"about":[{"href":"https:\/\/sezona.lv\/en\/wp-json\/wp\/v2\/types\/product"}],"wp:attachment":[{"href":"https:\/\/sezona.lv\/en\/wp-json\/wp\/v2\/media?parent=78413"}],"wp:term":[{"taxonomy":"product_brand","embeddable":true,"href":"https:\/\/sezona.lv\/en\/wp-json\/wp\/v2\/product_brand?post=78413"},{"taxonomy":"product_cat","embeddable":true,"href":"https:\/\/sezona.lv\/en\/wp-json\/wp\/v2\/product_cat?post=78413"},{"taxonomy":"product_tag","embeddable":true,"href":"https:\/\/sezona.lv\/en\/wp-json\/wp\/v2\/product_tag?post=78413"}],"curies":[{"name":"wp","href":"https:\/\/api.w.org\/{rel}","templated":true}]}}