{"id":78414,"date":"2025-07-11T16:36:39","date_gmt":"2025-07-11T13:36:39","guid":{"rendered":"https:\/\/demo8.ecube.lv\/sezona.lv\/products\/shimano-spole-ultegra-5500-xsc\/"},"modified":"2025-07-14T15:23:45","modified_gmt":"2025-07-14T12:23:45","slug":"shimano-spole-ultegra-5500-xsc","status":"publish","type":"product","link":"https:\/\/sezona.lv\/en\/products\/shimano-spole-ultegra-5500-xsc\/","title":{"rendered":"Shimano spole ULTEGRA 5500 XSC"},"content":{"rendered":"<p>Spole mak&scaron;\u0137er\u0113&scaron;anai gan sald\u016bde\u0146os ar gruntsmak&scaron;\u0137er\u0113m, gan j\u016br\u0101 ar viegliem mak&scaron;\u0137er\u0113&scaron;anas r\u012bkiem.<\/p>\n<p>&#8211; Ra\u017eot\u0101js: Shimano<\/p>\n<p>&#8211; Frikciona bremze: Priek&scaron;\u0113j\u0101<\/p>\n<p>&#8211; Svars: 505g<\/p>\n<p>&#8211; P\u0101rnesums: 5.3:1<\/p>\n<p>&#8211; Maksim\u0101l\u0101 jauda: 15kg<\/p>\n<p>&#8211; Auklas ietilp\u012bba (m\/mm): 0,30\/390 | 0,35\/290 | 0,40\/210<\/p>\n<p>&#8211; Gult\u0146i: 2S A-RB \/ 2 SSS + 1 RB<\/p>\n<p>&#8211; Auklas uzt\u012b&scaron;anas garums vien\u0101 apgriezien\u0101 (cm): 105<strong><strong><strong><br \/><\/strong><\/strong><\/strong><\/p>\n","protected":false},"excerpt":{"rendered":"<p>Spole mak&scaron;\u0137er\u0113&scaron;anai gan sald\u016bde\u0146os ar gruntsmak&scaron;\u0137er\u0113m, gan j\u016br\u0101 ar viegliem mak&scaron;\u0137er\u0113&scaron;anas r\u012bkiem. &#8211; Ra\u017eot\u0101js: Shimano &#8211; Frikciona bremze: Priek&scaron;\u0113j\u0101 &#8211; Svars: 505g &#8211; P\u0101rnesums: 5.3:1 &#8211; Maksim\u0101l\u0101 jauda: 15kg &#8211; Auklas ietilp\u012bba (m\/mm): 0,30\/390 | 0,35\/290 | 0,40\/210 &#8211; Gult\u0146i: 2S A-RB \/ 2 SSS + 1 RB &#8211; Auklas uzt\u012b&scaron;anas garums vien\u0101 apgriezien\u0101 (cm): [&hellip;]<\/p>\n","protected":false},"featured_media":69775,"template":"","meta":[],"product_brand":[3371],"product_cat":[4538,4539],"product_tag":[],"class_list":{"0":"post-78414","1":"product","2":"type-product","3":"status-publish","4":"has-post-thumbnail","6":"product_brand-shimano","7":"product_cat-fishing-equipment-recreation","8":"product_cat-reels-fishing-equipment-recreation","10":"first","11":"instock","12":"shipping-taxable","13":"purchasable","14":"product-type-simple"},"_links":{"self":[{"href":"https:\/\/sezona.lv\/en\/wp-json\/wp\/v2\/product\/78414","targetHints":{"allow":["GET"]}}],"collection":[{"href":"https:\/\/sezona.lv\/en\/wp-json\/wp\/v2\/product"}],"about":[{"href":"https:\/\/sezona.lv\/en\/wp-json\/wp\/v2\/types\/product"}],"wp:featuredmedia":[{"embeddable":true,"href":"https:\/\/sezona.lv\/en\/wp-json\/wp\/v2\/media\/69775"}],"wp:attachment":[{"href":"https:\/\/sezona.lv\/en\/wp-json\/wp\/v2\/media?parent=78414"}],"wp:term":[{"taxonomy":"product_brand","embeddable":true,"href":"https:\/\/sezona.lv\/en\/wp-json\/wp\/v2\/product_brand?post=78414"},{"taxonomy":"product_cat","embeddable":true,"href":"https:\/\/sezona.lv\/en\/wp-json\/wp\/v2\/product_cat?post=78414"},{"taxonomy":"product_tag","embeddable":true,"href":"https:\/\/sezona.lv\/en\/wp-json\/wp\/v2\/product_tag?post=78414"}],"curies":[{"name":"wp","href":"https:\/\/api.w.org\/{rel}","templated":true}]}}