{"id":78415,"date":"2025-07-14T15:23:46","date_gmt":"2025-07-14T12:23:46","guid":{"rendered":"https:\/\/demo8.ecube.lv\/sezona.lv\/products\/dmm-virvju-soma-porter-rope-bag-70l\/"},"modified":"2025-07-14T15:23:46","modified_gmt":"2025-07-14T12:23:46","slug":"dmm-virvju-soma-porter-rope-bag-70l","status":"publish","type":"product","link":"https:\/\/sezona.lv\/en\/products\/dmm-virvju-soma-porter-rope-bag-70l\/","title":{"rendered":"DMM virvju soma Porter Rope Bag 70L"},"content":{"rendered":"<div class=\"rte\">\n<p>DMM Porter 70 ir ietilp\u012bga invent\u0101ra soma ne tikai  virv\u0113m. Izgatavota no&nbsp;\u012bpa&scaron;a Tarpaulin materi\u0101la izcilai iztur\u012bbai un  ilgm\u016b\u017e\u012bbai. Somai ir no\u0146emamas mugursomas lences k\u0101 ar\u012b kapuce. Tums\u0101  somu atrast pal\u012bdz\u0113s atstarojo&scaron;as lentas. Daisy chain cilpas un  komprecijas lences \u013caus somai piestiprin\u0101t papildu invent\u0101ru vai  padar\u012bt&nbsp;somu kompakt\u0101ku. Somas iek&scaron;pus\u0113 ir cilpas virves gala  stiprin\u0101&scaron;anai, k\u0101 ar\u012b atsevi&scaron;\u0137a kabata.&nbsp;<\/p>\n<h4>Specifik\u0101cija:<\/h4>\n<p><strong>Svars<\/strong>: 1400 g<br \/><strong>Izm\u0113rs:<\/strong> h 62 cm, dia 36 cm<br \/><strong>Tilpums:<\/strong> 70 l<\/p>\n<\/div>\n","protected":false},"excerpt":{"rendered":"<p>DMM Porter 70 ir ietilp\u012bga invent\u0101ra soma ne tikai virv\u0113m. Izgatavota no&nbsp;\u012bpa&scaron;a Tarpaulin materi\u0101la izcilai iztur\u012bbai un ilgm\u016b\u017e\u012bbai. Somai ir no\u0146emamas mugursomas lences k\u0101 ar\u012b kapuce. Tums\u0101 somu atrast pal\u012bdz\u0113s atstarojo&scaron;as lentas. Daisy chain cilpas un komprecijas lences \u013caus somai piestiprin\u0101t papildu invent\u0101ru vai padar\u012bt&nbsp;somu kompakt\u0101ku. Somas iek&scaron;pus\u0113 ir cilpas virves gala stiprin\u0101&scaron;anai, k\u0101 ar\u012b [&hellip;]<\/p>\n","protected":false},"featured_media":0,"template":"","meta":[],"product_brand":[965],"product_cat":[4640,4851,4885,4893],"product_tag":[],"class_list":{"0":"post-78415","1":"product","2":"type-product","3":"status-publish","5":"product_brand-dmm","6":"product_cat-recreation","7":"product_cat-mountaineering-equipment-recreation","8":"product_cat-ropes-mountaineering-equipment-recreation","9":"product_cat-rope-and-equipment-bags-ropes-mountaineering-equipment-recreation","11":"first","12":"instock","13":"shipping-taxable","14":"purchasable","15":"product-type-simple"},"_links":{"self":[{"href":"https:\/\/sezona.lv\/en\/wp-json\/wp\/v2\/product\/78415","targetHints":{"allow":["GET"]}}],"collection":[{"href":"https:\/\/sezona.lv\/en\/wp-json\/wp\/v2\/product"}],"about":[{"href":"https:\/\/sezona.lv\/en\/wp-json\/wp\/v2\/types\/product"}],"wp:attachment":[{"href":"https:\/\/sezona.lv\/en\/wp-json\/wp\/v2\/media?parent=78415"}],"wp:term":[{"taxonomy":"product_brand","embeddable":true,"href":"https:\/\/sezona.lv\/en\/wp-json\/wp\/v2\/product_brand?post=78415"},{"taxonomy":"product_cat","embeddable":true,"href":"https:\/\/sezona.lv\/en\/wp-json\/wp\/v2\/product_cat?post=78415"},{"taxonomy":"product_tag","embeddable":true,"href":"https:\/\/sezona.lv\/en\/wp-json\/wp\/v2\/product_tag?post=78415"}],"curies":[{"name":"wp","href":"https:\/\/api.w.org\/{rel}","templated":true}]}}