{"id":78416,"date":"2025-07-14T15:23:47","date_gmt":"2025-07-14T12:23:47","guid":{"rendered":"https:\/\/demo8.ecube.lv\/sezona.lv\/products\/la-sportiva-virvju-soma-laspo-rope-bag\/"},"modified":"2025-07-14T15:23:47","modified_gmt":"2025-07-14T12:23:47","slug":"la-sportiva-virvju-soma-laspo-rope-bag","status":"publish","type":"product","link":"https:\/\/sezona.lv\/en\/products\/la-sportiva-virvju-soma-laspo-rope-bag\/","title":{"rendered":"La Sportiva virvju soma Laspo Rope Bag"},"content":{"rendered":"<div class=\"rte\">\u0112rta virvju un ekip\u0113juma soma. Komplekt\u0101 ietilpst virvju pakl\u0101ji\u0146&scaron;.<\/div>\n","protected":false},"excerpt":{"rendered":"<p>\u0112rta virvju un ekip\u0113juma soma. Komplekt\u0101 ietilpst virvju pakl\u0101ji\u0146&scaron;.<\/p>\n","protected":false},"featured_media":0,"template":"","meta":[],"product_brand":[],"product_cat":[4640,4851,4885,4893],"product_tag":[],"class_list":{"0":"post-78416","1":"product","2":"type-product","3":"status-publish","5":"product_cat-recreation","6":"product_cat-mountaineering-equipment-recreation","7":"product_cat-ropes-mountaineering-equipment-recreation","8":"product_cat-rope-and-equipment-bags-ropes-mountaineering-equipment-recreation","10":"first","11":"instock","12":"shipping-taxable","13":"purchasable","14":"product-type-simple"},"_links":{"self":[{"href":"https:\/\/sezona.lv\/en\/wp-json\/wp\/v2\/product\/78416","targetHints":{"allow":["GET"]}}],"collection":[{"href":"https:\/\/sezona.lv\/en\/wp-json\/wp\/v2\/product"}],"about":[{"href":"https:\/\/sezona.lv\/en\/wp-json\/wp\/v2\/types\/product"}],"wp:attachment":[{"href":"https:\/\/sezona.lv\/en\/wp-json\/wp\/v2\/media?parent=78416"}],"wp:term":[{"taxonomy":"product_brand","embeddable":true,"href":"https:\/\/sezona.lv\/en\/wp-json\/wp\/v2\/product_brand?post=78416"},{"taxonomy":"product_cat","embeddable":true,"href":"https:\/\/sezona.lv\/en\/wp-json\/wp\/v2\/product_cat?post=78416"},{"taxonomy":"product_tag","embeddable":true,"href":"https:\/\/sezona.lv\/en\/wp-json\/wp\/v2\/product_tag?post=78416"}],"curies":[{"name":"wp","href":"https:\/\/api.w.org\/{rel}","templated":true}]}}