{"id":78417,"date":"2025-07-14T15:23:48","date_gmt":"2025-07-14T12:23:48","guid":{"rendered":"https:\/\/demo8.ecube.lv\/sezona.lv\/products\/marmot-kempinga-telts-limestone-4p-2\/"},"modified":"2025-07-14T15:23:48","modified_gmt":"2025-07-14T12:23:48","slug":"marmot-kempinga-telts-limestone-4p-2","status":"publish","type":"product","link":"https:\/\/sezona.lv\/en\/products\/marmot-kempinga-telts-limestone-4p-2\/","title":{"rendered":"Marmot kempinga telts limestone 4P"},"content":{"rendered":"<div class=\"rte\">\n<div class=\"rte\">\n<p>Izcila telts komfortablam \u0123imenes kempinga  braucienam. Iztur\u012bga konstrukcija un materi\u0101li, liels ventil\u0101cijas  atv\u0113rums nodro&scaron;in\u0101s svaigu gaisu ar\u012b epiku spilvena kauju laik\u0101. Jauna  dizaina loku konstrukcija, kas sienas padara vertik\u0101l\u0101kas, radot vair\u0101k  vietas telts aug&scaron;\u0113j\u0101 da\u013c\u0101, lai taj\u0101 b\u016btu ar\u012b \u0113rti s\u0113d\u0113t.<\/p>\n<h4>Specifik\u0101cija:<\/h4>\n<table style=\"height: 170px\" border=\"0\" width=\"573\">\n<tbody>\n<tr>\n<td><strong>Gr\u012bdas materi\u0101ls<\/strong>:<\/td>\n<td>150d 100% Polyester Oxford 3000mm W\/R, F\/R<\/td>\n<\/tr>\n<tr>\n<td><strong>Tenta materi\u0101ls<\/strong>:<\/td>\n<td>68d Polyester Taffeta 190T 1500mm F\/R<\/td>\n<\/tr>\n<tr>\n<td><strong>Iek&scaron;\u0113j\u0101s telts materi\u0101ls<\/strong>:<\/td>\n<td>40d 100% Polyester No-See-Um Mesh F\/R | 68d 100% Polyester Taffeta F\/R<\/td>\n<\/tr>\n<tr>\n<td><strong>Minim\u0101lais svars<\/strong>:<\/td>\n<td>4575 grami<\/td>\n<\/tr>\n<tr>\n<td><strong>Pilna komplekta svars<\/strong>:<\/td>\n<td>5330 grami<\/td>\n<\/tr>\n<tr>\n<td><strong>Gr\u012bdas laukums<\/strong>:<\/td>\n<td>5,6 m&sup2;<\/td>\n<\/tr>\n<tr>\n<td><strong>Sapakotas telts izm\u0113ri<\/strong>:<\/td>\n<td>70 x 26 cm<\/td>\n<\/tr>\n<tr>\n<td><strong>Telts izm\u0113ri<\/strong>:<\/td>\n<td>160 x 218 x 254 cm<\/td>\n<\/tr>\n<tr>\n<td><strong><strong>Karkasa loku materi\u0101ls<\/strong>:<\/strong><\/td>\n<td>4\/ DAC DA17 12MM<\/td>\n<\/tr>\n<tr>\n<td><strong><strong><strong>Karkasa loku skaits:<\/strong><\/strong><\/strong><\/td>\n<td>4<\/td>\n<\/tr>\n<tr>\n<td><strong><strong><strong><strong>Ieeju skaits<\/strong>:<\/strong><\/strong><\/strong><\/td>\n<td>2<\/td>\n<\/tr>\n<tr>\n<td><strong><strong><strong><strong><strong>Vietu skaits<\/strong>:<\/strong><\/strong><\/strong><\/strong><\/td>\n<td>4<\/td>\n<\/tr>\n<\/tbody>\n<\/table>\n<h4>Raksturojums:<\/h4>\n<ul>\n<li>Jauna karkasa loku konstrukcija ar vertik\u0101l\u0101m sien\u0101m<\/li>\n<li>D tipa durvis ar vestibilu<\/li>\n<li>Kr\u0101su atz\u012bmes viegl\u0101kai uzst\u0101d\u012b&scaron;anai<\/li>\n<li>Br\u012bvi st\u0101vo&scaron;a konstrukcija<\/li>\n<li>Atstarojo&scaron;i logotipi<\/li>\n<li>Piln\u012bb\u0101 p\u0101rl\u012bm\u0113tas &scaron;uves<\/li>\n<li>Telts loku kabati\u0146as<\/li>\n<li>Kabata galvas lampai<\/li>\n<li>Kabati\u0146as s\u012bkumiem<\/li>\n<li>Atstarojo&scaron;i elementi<\/li>\n<li>Negrabo&scaron;i r\u0101v\u0113jsl\u0113dz\u0113ji<\/li>\n<li>Iesp\u0113jams ieg\u0101d\u0101ties papildus gr\u012bdu<\/li>\n<\/ul>\n<\/div>\n<\/div>\n","protected":false},"excerpt":{"rendered":"<p>Izcila telts komfortablam \u0123imenes kempinga braucienam. Iztur\u012bga konstrukcija un materi\u0101li, liels ventil\u0101cijas atv\u0113rums nodro&scaron;in\u0101s svaigu gaisu ar\u012b epiku spilvena kauju laik\u0101. Jauna dizaina loku konstrukcija, kas sienas padara vertik\u0101l\u0101kas, radot vair\u0101k vietas telts aug&scaron;\u0113j\u0101 da\u013c\u0101, lai taj\u0101 b\u016btu ar\u012b \u0113rti s\u0113d\u0113t. Specifik\u0101cija: Gr\u012bdas materi\u0101ls: 150d 100% Polyester Oxford 3000mm W\/R, F\/R Tenta materi\u0101ls: 68d Polyester [&hellip;]<\/p>\n","protected":false},"featured_media":0,"template":"","meta":[],"product_brand":[908],"product_cat":[4558,4568,4640,4955],"product_tag":[],"class_list":{"0":"post-78417","1":"product","2":"type-product","3":"status-publish","5":"product_brand-marmot","6":"product_cat-for-tourism-recreation","7":"product_cat-tents-for-tourism-recreation","8":"product_cat-recreation","9":"product_cat-marmot-tents-tents-for-tourism-recreation","11":"first","12":"instock","13":"shipping-taxable","14":"purchasable","15":"product-type-simple"},"_links":{"self":[{"href":"https:\/\/sezona.lv\/en\/wp-json\/wp\/v2\/product\/78417","targetHints":{"allow":["GET"]}}],"collection":[{"href":"https:\/\/sezona.lv\/en\/wp-json\/wp\/v2\/product"}],"about":[{"href":"https:\/\/sezona.lv\/en\/wp-json\/wp\/v2\/types\/product"}],"wp:attachment":[{"href":"https:\/\/sezona.lv\/en\/wp-json\/wp\/v2\/media?parent=78417"}],"wp:term":[{"taxonomy":"product_brand","embeddable":true,"href":"https:\/\/sezona.lv\/en\/wp-json\/wp\/v2\/product_brand?post=78417"},{"taxonomy":"product_cat","embeddable":true,"href":"https:\/\/sezona.lv\/en\/wp-json\/wp\/v2\/product_cat?post=78417"},{"taxonomy":"product_tag","embeddable":true,"href":"https:\/\/sezona.lv\/en\/wp-json\/wp\/v2\/product_tag?post=78417"}],"curies":[{"name":"wp","href":"https:\/\/api.w.org\/{rel}","templated":true}]}}