{"id":78418,"date":"2025-07-14T15:23:49","date_gmt":"2025-07-14T12:23:49","guid":{"rendered":"https:\/\/demo8.ecube.lv\/sezona.lv\/products\/marmot-kalnu-telts-thor-2p-2016\/"},"modified":"2025-07-14T15:23:49","modified_gmt":"2025-07-14T12:23:49","slug":"marmot-kalnu-telts-thor-2p-2016","status":"publish","type":"product","link":"https:\/\/sezona.lv\/en\/products\/marmot-kalnu-telts-thor-2p-2016\/","title":{"rendered":"Marmot kalnu telts Thor 2P 2016"},"content":{"rendered":"<div class=\"rte\">\n<p>Divu sl\u0101\u0146u, \u010detru sezonu telts ar iztur\u012bgu un  unik\u0101lu telts loku strukt\u016bru. Piln\u012bga aizsardz\u012bba un dro&scaron;s patv\u0113rums  jebkuros laika apst\u0101k\u013cos. Telts ir piem\u0113rota \u013coti ekstr\u0113miem apst\u0101k\u013ciem,  kalnu eksped\u012bcij\u0101m, alp\u012bnismam vai kalnu p\u0101rg\u0101jieniem, kur svaram,  materi\u0101lu iztur\u012bbai un v\u0113ja not\u016br\u012bbai ir b\u016btiska noz\u012bme. &scaron;\u012b kalnu telts  ir \u012bpa&scaron;i piem\u0113rota b\u0101zes nometn\u0113m un ekstr\u0113miem ziemas p\u0101rg\u0101jieniem.<\/p>\n<h4>Specifik\u0101cija<\/h4>\n<p><strong>Gr\u012bdas materi\u0101ls<\/strong>: 70d 100% Nylon 5000mm W\/R, F\/R <br \/><strong>Tenta materi\u0101ls<\/strong>: 40d 100% Nylon Ripstop Silicon\/PU 1800mm W\/R, F\/R <br \/><strong>Iek&scaron;\u0113j\u0101s telts materi\u0101ls<\/strong>: 40d 100% Nylon Ripstop, F\/R <br \/><strong>Pilna komplekta svars<\/strong>: 3600g <br \/><strong>Iepakojuma izm\u0113rs:<\/strong> 20 x 51cm <br \/><strong>Telts izm\u0113ri<\/strong>: 109 x 142 x 236cm <br \/><strong>Telts gr\u012bdas laukums<\/strong>: 3.5m2 <br \/><strong>Vestibila laukums<\/strong>: 0,89m2<br \/><strong>Karkasa loku materi\u0101ls<\/strong>: DAC Featherlite NSL 9.6mm\/9mm <br \/><strong>Karkasa loku skaits<\/strong>: 6 <br \/><strong>Ieeju skaits:<\/strong> 2 <br \/><strong>Vietu skaits:<\/strong> 2<\/p>\n<h4>Raksturojums<\/h4>\n<ul>\n<li>Gaisa ventil\u0101cijai &#8211; Regul\u0113jams atloks jumt\u0101 ar r\u0101v\u0113jsl\u0113dz\u0113ju<\/li>\n<li>Vestibils &#8211; Vestibil\u0101 izvietots apa\u013cs lodzi\u0146&scaron;, laika apst\u0101k\u013cu nov\u0113rt\u0113&scaron;anai neizejot no telts<\/li>\n<li>\u016adensnotur\u012bbai &#8211; Visas telts v\u012bles p\u0101rl\u012bm\u0113tas<\/li>\n<li>Knees Pole System&nbsp; &#8211; Palielina telts iek&scaron;\u0113jos izm\u0113rus, bez telts svara pieauguma<\/li>\n<li>Storm Pitch &#8211; \u0100trai telts uzb\u016bv\u0113&scaron;anai ekstrem\u0101los apst\u0101k\u013cos<\/li>\n<li>Iek\u013cauts remkomplekts<\/li>\n<\/ul>\n<\/div>\n","protected":false},"excerpt":{"rendered":"<p>Divu sl\u0101\u0146u, \u010detru sezonu telts ar iztur\u012bgu un unik\u0101lu telts loku strukt\u016bru. Piln\u012bga aizsardz\u012bba un dro&scaron;s patv\u0113rums jebkuros laika apst\u0101k\u013cos. Telts ir piem\u0113rota \u013coti ekstr\u0113miem apst\u0101k\u013ciem, kalnu eksped\u012bcij\u0101m, alp\u012bnismam vai kalnu p\u0101rg\u0101jieniem, kur svaram, materi\u0101lu iztur\u012bbai un v\u0113ja not\u016br\u012bbai ir b\u016btiska noz\u012bme. &scaron;\u012b kalnu telts ir \u012bpa&scaron;i piem\u0113rota b\u0101zes nometn\u0113m un ekstr\u0113miem ziemas p\u0101rg\u0101jieniem. Specifik\u0101cija [&hellip;]<\/p>\n","protected":false},"featured_media":0,"template":"","meta":[],"product_brand":[908],"product_cat":[4558,4568,4640,4955],"product_tag":[],"class_list":{"0":"post-78418","1":"product","2":"type-product","3":"status-publish","5":"product_brand-marmot","6":"product_cat-for-tourism-recreation","7":"product_cat-tents-for-tourism-recreation","8":"product_cat-recreation","9":"product_cat-marmot-tents-tents-for-tourism-recreation","11":"first","12":"instock","13":"shipping-taxable","14":"purchasable","15":"product-type-simple"},"_links":{"self":[{"href":"https:\/\/sezona.lv\/en\/wp-json\/wp\/v2\/product\/78418","targetHints":{"allow":["GET"]}}],"collection":[{"href":"https:\/\/sezona.lv\/en\/wp-json\/wp\/v2\/product"}],"about":[{"href":"https:\/\/sezona.lv\/en\/wp-json\/wp\/v2\/types\/product"}],"wp:attachment":[{"href":"https:\/\/sezona.lv\/en\/wp-json\/wp\/v2\/media?parent=78418"}],"wp:term":[{"taxonomy":"product_brand","embeddable":true,"href":"https:\/\/sezona.lv\/en\/wp-json\/wp\/v2\/product_brand?post=78418"},{"taxonomy":"product_cat","embeddable":true,"href":"https:\/\/sezona.lv\/en\/wp-json\/wp\/v2\/product_cat?post=78418"},{"taxonomy":"product_tag","embeddable":true,"href":"https:\/\/sezona.lv\/en\/wp-json\/wp\/v2\/product_tag?post=78418"}],"curies":[{"name":"wp","href":"https:\/\/api.w.org\/{rel}","templated":true}]}}