{"id":78420,"date":"2025-07-14T15:23:50","date_gmt":"2025-07-14T12:23:50","guid":{"rendered":"https:\/\/demo8.ecube.lv\/sezona.lv\/products\/rockland-telts-hiker-2p\/"},"modified":"2025-07-14T15:23:50","modified_gmt":"2025-07-14T12:23:50","slug":"rockland-telts-hiker-2p","status":"publish","type":"product","link":"https:\/\/sezona.lv\/en\/products\/rockland-telts-hiker-2p\/","title":{"rendered":"Rockland telts Hiker 2P"},"content":{"rendered":"<div class=\"rte\">\n<div class=\"rte\">\n<p>Lielisks cenas un kvalit\u0101tes kompromiss. &Scaron;ai  divviet\u012bgajai teltij ir \u0101r\u0113jo loku sist\u0113ma, kas \u013cauj to uzb\u016bv\u0113t lietus  laik\u0101, nesaslapinot iek&scaron;pusi. Ir divi ietilp\u012bgi priek&scaron;nami. P\u0101rdom\u0101ta  ventil\u0101cija sniegs komfortu ar\u012b karstaj\u0101s vasaras dien\u0101s. Iek&scaron;\u0113jo telti  var izpog\u0101t \u0101r\u0101 un lieto tikai \u0101r\u0113jo telts da\u013cu k\u0101 nojumi. Telts ir  pietiekam augsta, lai taj\u0101 komfortabli justos ar\u012b gar\u0101kos p\u0101rg\u0101jienos.<\/p>\n<h4>Specifik\u0101cja:<\/h4>\n<p><strong>Tenta materi\u0101ls<\/strong>: 70D 190T poliesters<br \/><strong>Iek&scaron;\u0113j\u0101 telts<\/strong>: 70D 190T elpojo&scaron;s poliesters<br \/><strong>Gr\u012bda<\/strong>: PE 120g\/ m2 <br \/><strong>\u016adens iztru\u012bba<\/strong>: 3000mm <br \/><strong>Loki<\/strong>: Stikla&scaron;\u0137iedra (&Oslash; 7.9 x 2, &Oslash; 8.5 x 1 un &Oslash; 8.5 x 3)<br \/><strong>Izm\u0113rs<\/strong>: 210cm x 140cm x 120cm <br \/><strong>Svars<\/strong>: 3400 grami<\/p>\n<\/div>\n<\/div>\n","protected":false},"excerpt":{"rendered":"<p>Lielisks cenas un kvalit\u0101tes kompromiss. &Scaron;ai divviet\u012bgajai teltij ir \u0101r\u0113jo loku sist\u0113ma, kas \u013cauj to uzb\u016bv\u0113t lietus laik\u0101, nesaslapinot iek&scaron;pusi. Ir divi ietilp\u012bgi priek&scaron;nami. P\u0101rdom\u0101ta ventil\u0101cija sniegs komfortu ar\u012b karstaj\u0101s vasaras dien\u0101s. Iek&scaron;\u0113jo telti var izpog\u0101t \u0101r\u0101 un lieto tikai \u0101r\u0113jo telts da\u013cu k\u0101 nojumi. Telts ir pietiekam augsta, lai taj\u0101 komfortabli justos ar\u012b gar\u0101kos [&hellip;]<\/p>\n","protected":false},"featured_media":0,"template":"","meta":[],"product_brand":[],"product_cat":[4558,4568,4640],"product_tag":[],"class_list":{"0":"post-78420","1":"product","2":"type-product","3":"status-publish","5":"product_cat-for-tourism-recreation","6":"product_cat-tents-for-tourism-recreation","7":"product_cat-recreation","9":"first","10":"instock","11":"shipping-taxable","12":"purchasable","13":"product-type-simple"},"_links":{"self":[{"href":"https:\/\/sezona.lv\/en\/wp-json\/wp\/v2\/product\/78420","targetHints":{"allow":["GET"]}}],"collection":[{"href":"https:\/\/sezona.lv\/en\/wp-json\/wp\/v2\/product"}],"about":[{"href":"https:\/\/sezona.lv\/en\/wp-json\/wp\/v2\/types\/product"}],"wp:attachment":[{"href":"https:\/\/sezona.lv\/en\/wp-json\/wp\/v2\/media?parent=78420"}],"wp:term":[{"taxonomy":"product_brand","embeddable":true,"href":"https:\/\/sezona.lv\/en\/wp-json\/wp\/v2\/product_brand?post=78420"},{"taxonomy":"product_cat","embeddable":true,"href":"https:\/\/sezona.lv\/en\/wp-json\/wp\/v2\/product_cat?post=78420"},{"taxonomy":"product_tag","embeddable":true,"href":"https:\/\/sezona.lv\/en\/wp-json\/wp\/v2\/product_tag?post=78420"}],"curies":[{"name":"wp","href":"https:\/\/api.w.org\/{rel}","templated":true}]}}