{"id":78421,"date":"2025-07-14T15:23:51","date_gmt":"2025-07-14T12:23:51","guid":{"rendered":"https:\/\/demo8.ecube.lv\/sezona.lv\/products\/rockland-telts-hiker-3p\/"},"modified":"2025-07-14T15:23:51","modified_gmt":"2025-07-14T12:23:51","slug":"rockland-telts-hiker-3p","status":"publish","type":"product","link":"https:\/\/sezona.lv\/en\/products\/rockland-telts-hiker-3p\/","title":{"rendered":"Rockland telts Hiker 3P"},"content":{"rendered":"<div class=\"rte\">\n<div class=\"rte\">\n<div class=\"rte\">\n<p>Vienk\u0101r&scaron;a, bet p\u0101rdom\u0101ta p\u0101rg\u0101jienu telts trij\u0101m  person\u0101m. Pateicoties p\u0101rdom\u0101tai ventil\u0101cijai, t\u0101 b\u016bs \u013coti komfortabla  ar\u012b vasar\u0101. Teltij ir divas ieejas ar lieliem priek&scaron;namiem, kursos var  salikt visu savu p\u0101rg\u0101jienu ekip\u0113jumu.&nbsp;<\/p>\n<h4>Specifik\u0101cja:<\/h4>\n<p><strong>Tenta materi\u0101ls<\/strong>: 70D 190T polyester <br \/><strong>Iek&scaron;\u0113j\u0101 telts<\/strong>: 70D 190T elpojo&scaron;s polyester <br \/><strong>Gr\u012bda<\/strong>: PE 120g\/ m2 <br \/><strong>\u016adens iztru\u012bba<\/strong>: 3000mm <br \/><strong>Loki<\/strong>: Stikla&scaron;\u0137iedra (&Oslash; 7.9 x 2, &Oslash; 8.5 x 1 un &Oslash; 8.5 x 3) <br \/><strong>Izm\u0113rs<\/strong>: 210cm x 180cm x 130cm <br \/><strong>Svars<\/strong>: 4000 grami<\/p>\n<\/div>\n<\/div>\n<\/div>\n","protected":false},"excerpt":{"rendered":"<p>Vienk\u0101r&scaron;a, bet p\u0101rdom\u0101ta p\u0101rg\u0101jienu telts trij\u0101m person\u0101m. Pateicoties p\u0101rdom\u0101tai ventil\u0101cijai, t\u0101 b\u016bs \u013coti komfortabla ar\u012b vasar\u0101. Teltij ir divas ieejas ar lieliem priek&scaron;namiem, kursos var salikt visu savu p\u0101rg\u0101jienu ekip\u0113jumu.&nbsp; Specifik\u0101cja: Tenta materi\u0101ls: 70D 190T polyester Iek&scaron;\u0113j\u0101 telts: 70D 190T elpojo&scaron;s polyester Gr\u012bda: PE 120g\/ m2 \u016adens iztru\u012bba: 3000mm Loki: Stikla&scaron;\u0137iedra (&Oslash; 7.9 x 2, [&hellip;]<\/p>\n","protected":false},"featured_media":0,"template":"","meta":[],"product_brand":[],"product_cat":[4558,4568,4640],"product_tag":[],"class_list":{"0":"post-78421","1":"product","2":"type-product","3":"status-publish","5":"product_cat-for-tourism-recreation","6":"product_cat-tents-for-tourism-recreation","7":"product_cat-recreation","9":"first","10":"instock","11":"shipping-taxable","12":"purchasable","13":"product-type-simple"},"_links":{"self":[{"href":"https:\/\/sezona.lv\/en\/wp-json\/wp\/v2\/product\/78421","targetHints":{"allow":["GET"]}}],"collection":[{"href":"https:\/\/sezona.lv\/en\/wp-json\/wp\/v2\/product"}],"about":[{"href":"https:\/\/sezona.lv\/en\/wp-json\/wp\/v2\/types\/product"}],"wp:attachment":[{"href":"https:\/\/sezona.lv\/en\/wp-json\/wp\/v2\/media?parent=78421"}],"wp:term":[{"taxonomy":"product_brand","embeddable":true,"href":"https:\/\/sezona.lv\/en\/wp-json\/wp\/v2\/product_brand?post=78421"},{"taxonomy":"product_cat","embeddable":true,"href":"https:\/\/sezona.lv\/en\/wp-json\/wp\/v2\/product_cat?post=78421"},{"taxonomy":"product_tag","embeddable":true,"href":"https:\/\/sezona.lv\/en\/wp-json\/wp\/v2\/product_tag?post=78421"}],"curies":[{"name":"wp","href":"https:\/\/api.w.org\/{rel}","templated":true}]}}