{"id":78422,"date":"2025-07-14T15:23:52","date_gmt":"2025-07-14T12:23:52","guid":{"rendered":"https:\/\/demo8.ecube.lv\/sezona.lv\/products\/marmot-pargajienu-telts-alvar-2p\/"},"modified":"2025-07-14T15:23:52","modified_gmt":"2025-07-14T12:23:52","slug":"marmot-pargajienu-telts-alvar-2p","status":"publish","type":"product","link":"https:\/\/sezona.lv\/en\/products\/marmot-pargajienu-telts-alvar-2p\/","title":{"rendered":"Marmot p\u0101rg\u0101jienu telts Alvar 2P"},"content":{"rendered":"<div class=\"rte\">\n<div class=\"rte\">\n<p>Ide\u0101ls risin\u0101jums jebkuriem piedz\u012bvojumiem. Alvar telts nodro&scaron;in\u0101s  maksim\u0101lu aizsardz\u012bbu sliktos laika apst\u0101k\u013cos. Tenta materi\u0101ls ir  ultraviegls un iztur\u012bgs, ar l\u012bm\u0113t\u0101m &scaron;uv\u0113m. \u0100tri saliekams \u0101r\u0113jais  karkass ar kr\u0101su kod\u0113jumiem, maksim\u0101li saprotamai salik&scaron;anai. Divas  durvis ar vestibilu katr\u0101 s\u0101n\u0101, t\u0101p\u0113c b\u016bs pietieko&scaron;i daudz vietas  ekip\u0113juma un mantu glab\u0101&scaron;anai. DAC karkasa konstrukcija nodro&scaron;in\u0101s  pietieko&scaron;i daudz vietas ar\u012b telts mal\u0101s. Divas ventil\u0101cijas atveres,  ieb\u016bv\u0113ta jumta kabatai lampai un kabata s\u0101nos, da\u017e\u0101diem s\u012bkumiem. <br \/>Alvar  telts b\u016bs \u012bde\u0101li piem\u0113rota piedz\u012bvojumu mekl\u0113t\u0101jiem, kas nov\u0113rt\u0113  komforta un funkcionalit\u0101tes apvienojumu kemping\u0101, p\u0101rg\u0101jien\u0101 vai kalnu  treking\u0101.<\/p>\n<h4>Specifik\u0101cija:<\/h4>\n<table style=\"height: 149px\" border=\"0\" width=\"562\">\n<tbody>\n<tr>\n<td><strong>Gr\u012bdas materi\u0101ls:<\/strong><\/td>\n<td>68d 100% poliester Taffeta 5000mm F\/R<\/td>\n<\/tr>\n<tr>\n<td><strong>Tenta materi\u0101ls:<\/strong><\/td>\n<td>68d 100% Polyesters Taffeta 3000mm F\/R<\/td>\n<\/tr>\n<tr>\n<td><strong>Iek&scaron;\u0113j\u0101s telts materi\u0101ls<\/strong>:<\/td>\n<td>40D 100% Poliester No-See-Um Mesh F\/R | 68d 100% Poly. Taffeta F\/R<\/td>\n<\/tr>\n<tr>\n<td><strong>Minim\u0101lais svars<\/strong>:<\/td>\n<td>2425 grami<\/td>\n<\/tr>\n<tr>\n<td><strong>Pilna komplekta svars<\/strong>:<\/td>\n<td>2780 grami<\/td>\n<\/tr>\n<tr>\n<td><strong>Gr\u012bdas laukums<\/strong>:<\/td>\n<td>2,9 m&sup2;<\/td>\n<\/tr>\n<tr>\n<td><strong>Vestibila laukums:<\/strong><\/td>\n<td>2 x 0,92 m&sup2;<\/td>\n<\/tr>\n<tr>\n<td><strong><strong>Sapakotas telts izm\u0113ri<\/strong>:<\/strong><\/td>\n<td>68,6 x 17,8 cm<\/td>\n<\/tr>\n<tr>\n<td><strong><strong><strong>Telts izm\u0113ri<\/strong>:<\/strong><\/strong><\/td>\n<td>102 x 135\/122 x 224 cm<\/td>\n<\/tr>\n<tr>\n<td><strong><strong><strong><strong><strong>Karkasa loku materi\u0101ls<\/strong>:<\/strong><\/strong><\/strong><\/strong><\/td>\n<td>DAC Pressfit 9,0 mm\/ Velo.8,5 mm<\/td>\n<\/tr>\n<tr>\n<td><strong><strong><strong><strong><strong><strong><strong><strong>Karkasa loku skaits:<\/strong><\/strong><\/strong><\/strong><\/strong><\/strong><\/strong><\/strong><\/td>\n<td>3<\/td>\n<\/tr>\n<tr>\n<td><strong><strong><strong><strong><strong><strong><strong><strong><strong><strong><strong><strong>Ieeju skaits<\/strong>:<\/strong><\/strong><\/strong><\/strong><\/strong><\/strong><\/strong><\/strong><\/strong><\/strong><\/strong><\/td>\n<td>2<\/td>\n<\/tr>\n<tr>\n<td><strong><strong><strong><strong><strong><strong><strong><strong><strong><strong><strong><strong>Vietu skaits:<\/strong><\/strong><\/strong><\/strong><\/strong><\/strong><\/strong><\/strong><\/strong><\/strong><\/strong><\/strong><\/td>\n<td>2<\/td>\n<\/tr>\n<\/tbody>\n<\/table>\n<h4>Raksturojums:<\/h4>\n<ul>\n<li>\u0100tri aliekama konstrukcija ar \u0101r\u0113jo loku sist\u0113mu un div\u0101m ventil\u0101cijas atver\u0113m<\/li>\n<li>Divas D tipa durvis ar mosk\u012btu t\u012bklu, papildus ventil\u0101cijai<\/li>\n<li>Jauna telts loku forma, kas apak&scaron;\u0101 ir vair\u0101k vertik\u0101la, nodro&scaron;inot vair\u0101k vietas mal\u0101s gu\u013co&scaron;ajiem<\/li>\n<li>Jumt\u0101 kabata lampai<\/li>\n<li>Gr\u012bdai un tentam piln\u012bb\u0101 l\u012bm\u0113tas &scaron;uves<\/li>\n<li>Vair\u0101ki atsai&scaron;u punkti, kurus var izmantot papildus stabilit\u0101tei v\u0113jain\u0101 laik\u0101<\/li>\n<li>Strat\u0113\u0123isks klip&scaron;u novietojums nodro&scaron;in\u0101s maksim\u0101li daudz vietas telts iek&scaron;pus\u0113<\/li>\n<li>Visi stiprin\u0101jumu punkti ir ar kr\u0101su atz\u012bm\u0113m, maksim\u0101li vieglai un saprotamai salik&scaron;anai<\/li>\n<li>Iek&scaron;pus\u0113 kabati\u0146as da\u017e\u0101diem s\u012bkumiem<\/li>\n<li>Negrabo&scaron;i r\u0101v\u0113jsl\u0113dz\u0113ji<\/li>\n<li>Iesp\u0113jams ieg\u0101d\u0101ties papildus telts gr\u012bdu, kas pasarg\u0101s telts ori\u0123in\u0101lo gr\u012bdu, nodro&scaron;inot ilg\u0101ku kalpo&scaron;anas laiku<\/li>\n<\/ul>\n<\/div>\n<\/div>\n","protected":false},"excerpt":{"rendered":"<p>Ide\u0101ls risin\u0101jums jebkuriem piedz\u012bvojumiem. Alvar telts nodro&scaron;in\u0101s maksim\u0101lu aizsardz\u012bbu sliktos laika apst\u0101k\u013cos. Tenta materi\u0101ls ir ultraviegls un iztur\u012bgs, ar l\u012bm\u0113t\u0101m &scaron;uv\u0113m. \u0100tri saliekams \u0101r\u0113jais karkass ar kr\u0101su kod\u0113jumiem, maksim\u0101li saprotamai salik&scaron;anai. Divas durvis ar vestibilu katr\u0101 s\u0101n\u0101, t\u0101p\u0113c b\u016bs pietieko&scaron;i daudz vietas ekip\u0113juma un mantu glab\u0101&scaron;anai. DAC karkasa konstrukcija nodro&scaron;in\u0101s pietieko&scaron;i daudz vietas ar\u012b telts [&hellip;]<\/p>\n","protected":false},"featured_media":0,"template":"","meta":[],"product_brand":[908],"product_cat":[4558,4568,4640,4955],"product_tag":[],"class_list":{"0":"post-78422","1":"product","2":"type-product","3":"status-publish","5":"product_brand-marmot","6":"product_cat-for-tourism-recreation","7":"product_cat-tents-for-tourism-recreation","8":"product_cat-recreation","9":"product_cat-marmot-tents-tents-for-tourism-recreation","11":"first","12":"instock","13":"shipping-taxable","14":"purchasable","15":"product-type-simple"},"_links":{"self":[{"href":"https:\/\/sezona.lv\/en\/wp-json\/wp\/v2\/product\/78422","targetHints":{"allow":["GET"]}}],"collection":[{"href":"https:\/\/sezona.lv\/en\/wp-json\/wp\/v2\/product"}],"about":[{"href":"https:\/\/sezona.lv\/en\/wp-json\/wp\/v2\/types\/product"}],"wp:attachment":[{"href":"https:\/\/sezona.lv\/en\/wp-json\/wp\/v2\/media?parent=78422"}],"wp:term":[{"taxonomy":"product_brand","embeddable":true,"href":"https:\/\/sezona.lv\/en\/wp-json\/wp\/v2\/product_brand?post=78422"},{"taxonomy":"product_cat","embeddable":true,"href":"https:\/\/sezona.lv\/en\/wp-json\/wp\/v2\/product_cat?post=78422"},{"taxonomy":"product_tag","embeddable":true,"href":"https:\/\/sezona.lv\/en\/wp-json\/wp\/v2\/product_tag?post=78422"}],"curies":[{"name":"wp","href":"https:\/\/api.w.org\/{rel}","templated":true}]}}