{"id":78423,"date":"2025-07-14T15:23:53","date_gmt":"2025-07-14T12:23:53","guid":{"rendered":"https:\/\/demo8.ecube.lv\/sezona.lv\/products\/marmot-kempinga-telts-orbit-4p\/"},"modified":"2025-07-14T15:23:53","modified_gmt":"2025-07-14T12:23:53","slug":"marmot-kempinga-telts-orbit-4p","status":"publish","type":"product","link":"https:\/\/sezona.lv\/en\/products\/marmot-kempinga-telts-orbit-4p\/","title":{"rendered":"Marmot kempinga telts Orbit 4P"},"content":{"rendered":"<div class=\"rte\">\n<div class=\"rte\">\n<div class=\"rte\">\n<p>Orbit 4P telts ir k\u0101 mobila m\u0101ja, lieliskai laika  pavad\u012b&scaron;anai kemping\u0101. Tai ir liels, no\u0146emams vestibils, kas vienlaikus  kalpo k\u0101 tents &#8211; daudz vietas, kur uzglab\u0101t invent\u0101ru. \u013boti viegli  uzst\u0101d\u0101ma, daudz kabatu da\u017e\u0101diem s\u012bkumiem.<\/p>\n<h4>Specifik\u0101cija:<\/h4>\n<table style=\"height: 170px\" border=\"0\" width=\"573\">\n<tbody>\n<tr>\n<td><strong>Gr\u012bdas materi\u0101ls<\/strong>:<\/td>\n<td>68d Polyester Taffeta 190T 2000mm F\/R<\/td>\n<\/tr>\n<tr>\n<td><strong>Tenta materi\u0101ls<\/strong>:<\/td>\n<td>68d 100% Polyester Taffeta 1500mm F\/R<\/td>\n<\/tr>\n<tr>\n<td><strong>Iek&scaron;\u0113j\u0101s telts materi\u0101ls<\/strong>:<\/td>\n<td>40d 100% Polyester No-See-Um Mesh F\/R | 68d 100% Polyester Taffeta F\/R<\/td>\n<\/tr>\n<tr>\n<td><strong>Minim\u0101lais svars<\/strong>:<\/td>\n<td>6950 grami<\/td>\n<\/tr>\n<tr>\n<td><strong>Pilna komplekta svars<\/strong>:<\/td>\n<td>7340 grami<\/td>\n<\/tr>\n<tr>\n<td><strong>Gr\u012bdas laukums<\/strong>:<\/td>\n<td>5,5 m&sup2;<\/td>\n<\/tr>\n<tr>\n<td><strong>Vestibila laukums:<\/strong><\/td>\n<td>7,09 m&sup2;<\/td>\n<\/tr>\n<tr>\n<td><strong>Sapakotas telts izm\u0113ri<\/strong>:<\/td>\n<td>70 x 26 cm<\/td>\n<\/tr>\n<tr>\n<td><strong>Telts izm\u0113ri<\/strong>:<\/td>\n<td>160 x 215 x 254 cm<\/td>\n<\/tr>\n<tr>\n<td><strong><strong>Karkasa loku materi\u0101ls<\/strong>:<\/strong><\/td>\n<td>5\/ DAC DA17 12mm<\/td>\n<\/tr>\n<tr>\n<td><strong><strong><strong>Karkasa loku skaits:<\/strong><\/strong><\/strong><\/td>\n<td>5<\/td>\n<\/tr>\n<tr>\n<td><strong><strong><strong><strong>Ieeju skaits<\/strong>:<\/strong><\/strong><\/strong><\/td>\n<td>1<\/td>\n<\/tr>\n<tr>\n<td><strong><strong><strong><strong><strong>Vietu skaits<\/strong>:<\/strong><\/strong><\/strong><\/strong><\/td>\n<td>4<\/td>\n<\/tr>\n<\/tbody>\n<\/table>\n<h4>Raksturojums:<\/h4>\n<ul>\n<li>Univers\u0101la nojume \/ vestibils, kas ir no\u0146emams<\/li>\n<li>Lielas durvis<\/li>\n<li>Kr\u0101su atz\u012bmes viegl\u0101kai uzst\u0101d\u012b&scaron;anai<\/li>\n<li>Br\u012bvi st\u0101vo&scaron;a konstrukcija<\/li>\n<li>Atstarojo&scaron;i logotipi<\/li>\n<li>Piln\u012bb\u0101 p\u0101rl\u012bm\u0113tas &scaron;uves<\/li>\n<li>Telts loku kabati\u0146as<\/li>\n<li>Kabata galvas lampai<\/li>\n<li>Kabati\u0146as s\u012bkumiem<\/li>\n<li>Atstarojo&scaron;i elementi<\/li>\n<li>Negrabo&scaron;i r\u0101v\u0113jsl\u0113dz\u0113ji<\/li>\n<li>Iesp\u0113jams ieg\u0101d\u0101ties papildus gr\u012bdu<\/li>\n<\/ul>\n<\/div>\n<\/div>\n<\/div>\n","protected":false},"excerpt":{"rendered":"<p>Orbit 4P telts ir k\u0101 mobila m\u0101ja, lieliskai laika pavad\u012b&scaron;anai kemping\u0101. Tai ir liels, no\u0146emams vestibils, kas vienlaikus kalpo k\u0101 tents &#8211; daudz vietas, kur uzglab\u0101t invent\u0101ru. \u013boti viegli uzst\u0101d\u0101ma, daudz kabatu da\u017e\u0101diem s\u012bkumiem. Specifik\u0101cija: Gr\u012bdas materi\u0101ls: 68d Polyester Taffeta 190T 2000mm F\/R Tenta materi\u0101ls: 68d 100% Polyester Taffeta 1500mm F\/R Iek&scaron;\u0113j\u0101s telts materi\u0101ls: 40d [&hellip;]<\/p>\n","protected":false},"featured_media":0,"template":"","meta":[],"product_brand":[908],"product_cat":[4558,4568,4640,4955],"product_tag":[],"class_list":{"0":"post-78423","1":"product","2":"type-product","3":"status-publish","5":"product_brand-marmot","6":"product_cat-for-tourism-recreation","7":"product_cat-tents-for-tourism-recreation","8":"product_cat-recreation","9":"product_cat-marmot-tents-tents-for-tourism-recreation","11":"first","12":"instock","13":"shipping-taxable","14":"purchasable","15":"product-type-simple"},"_links":{"self":[{"href":"https:\/\/sezona.lv\/en\/wp-json\/wp\/v2\/product\/78423","targetHints":{"allow":["GET"]}}],"collection":[{"href":"https:\/\/sezona.lv\/en\/wp-json\/wp\/v2\/product"}],"about":[{"href":"https:\/\/sezona.lv\/en\/wp-json\/wp\/v2\/types\/product"}],"wp:attachment":[{"href":"https:\/\/sezona.lv\/en\/wp-json\/wp\/v2\/media?parent=78423"}],"wp:term":[{"taxonomy":"product_brand","embeddable":true,"href":"https:\/\/sezona.lv\/en\/wp-json\/wp\/v2\/product_brand?post=78423"},{"taxonomy":"product_cat","embeddable":true,"href":"https:\/\/sezona.lv\/en\/wp-json\/wp\/v2\/product_cat?post=78423"},{"taxonomy":"product_tag","embeddable":true,"href":"https:\/\/sezona.lv\/en\/wp-json\/wp\/v2\/product_tag?post=78423"}],"curies":[{"name":"wp","href":"https:\/\/api.w.org\/{rel}","templated":true}]}}