{"id":78424,"date":"2025-07-14T15:23:53","date_gmt":"2025-07-14T12:23:53","guid":{"rendered":"https:\/\/demo8.ecube.lv\/sezona.lv\/products\/marmot-pargajienu-telts-tungsten-ul-1p\/"},"modified":"2025-07-14T15:23:53","modified_gmt":"2025-07-14T12:23:53","slug":"marmot-pargajienu-telts-tungsten-ul-1p","status":"publish","type":"product","link":"https:\/\/sezona.lv\/en\/products\/marmot-pargajienu-telts-tungsten-ul-1p\/","title":{"rendered":"Marmot p\u0101rg\u0101jienu telts Tungsten UL 1P"},"content":{"rendered":"<div class=\"rte\">\n<div class=\"rte\">\n<p>Dodies piedz\u012bvojumos ar ultra vieglu un superkompaktu Marmot telti.  Tungsten UL 1P telts ir k\u0101 rad\u012bta velot\u016brismam vai piedz\u012bvojumu  mekl\u0113t\u0101jiem ar augt\u0101m pras\u012bb\u0101m. Parasti viegl\u0101s teltis ir \u013coti &scaron;auras un  zemas, bet Tungsten s\u0113rija izce\u013cas ar \u013coti lielu kubat\u016bru un pla&scaron;umu.  Viegli uzst\u0101d\u0101m konstrukcija \u013caus to uzcelt ar\u012b vienam. Teicama  ventil\u0101cija nesag\u0101d\u0101s diskomfortu ar\u012b karst\u0101s dien\u0101s, jo telts iek&scaron;\u0113j\u0101  k\u0101rta ir no pl\u0101na un elpojo&scaron;a sieti\u0146auduma. &nbsp;<\/p>\n<h4>Specifik\u0101cija:<\/h4>\n<table style=\"height: 212px\" border=\"0\" width=\"562\">\n<tbody>\n<tr>\n<td><strong>Gr\u012bdas materi\u0101ls<\/strong>:<\/td>\n<td>30d 100% Nylon 2000mm, F\/R<\/td>\n<\/tr>\n<tr>\n<td><strong>Tenta materi\u0101ls<\/strong>:<\/td>\n<td>20D 100% Polyester RS, Sil\/PU 1500mm F\/R<\/td>\n<\/tr>\n<tr>\n<td><strong>Iek&scaron;\u0113j\u0101s telts materi\u0101ls<\/strong>:<\/td>\n<td>15d 100% Nylon No-See-Um Mesh F\/R<\/td>\n<\/tr>\n<tr>\n<td><strong>Minim\u0101lais svars<\/strong>:<\/td>\n<td>1170 grami<\/td>\n<\/tr>\n<tr>\n<td><strong>Gr\u012bdas laukums:<\/strong><\/td>\n<td>1.9m&sup2;<\/td>\n<\/tr>\n<tr>\n<td><strong>Vestibila laukums<\/strong>:<\/td>\n<td>0.841m&sup2;<\/td>\n<\/tr>\n<tr>\n<td><strong>Sapakotas telts izm\u0113ri<\/strong>:<\/td>\n<td>45.7 x 16 cm<\/td>\n<\/tr>\n<tr>\n<td><strong>Telts izm\u0113ri<\/strong>:<\/td>\n<td>97 x 92\/74 x 214cm<\/td>\n<\/tr>\n<tr>\n<td><strong>Karkasa loku materi\u0101ls<\/strong>:<\/td>\n<td>DAC Pressfit 8.5mm<\/td>\n<\/tr>\n<tr>\n<td><strong>Karkasa loku skaits<\/strong>:<\/td>\n<td>3<\/td>\n<\/tr>\n<tr>\n<td><strong><strong>Ieeju skaits<\/strong>: <\/strong><\/td>\n<td>2<\/td>\n<\/tr>\n<tr>\n<td><strong>Vietu skaits<\/strong>:<\/td>\n<td>1<\/td>\n<\/tr>\n<\/tbody>\n<\/table>\n<h4>Raksturojums: &nbsp;<\/h4>\n<ul>\n<li>D tipa durvis ar vestibilu<\/li>\n<li>Visas &scaron;uves ir 100% p\u0101rl\u012bm\u0113tas<\/li>\n<li>Sieti\u0146auduma durvju logs ar r\u0101v\u0113jsl\u0113dz\u0113ju<\/li>\n<li>Kr\u0101su atz\u012bmes viegl\u0101kai telts uzb\u016bvei<\/li>\n<li>Br\u012bvi st\u0101vo&scaron;a konstrukcija<\/li>\n<li>Gaismu atstarojo&scaron;i logotipi<\/li>\n<li>Neskano&scaron;i r\u0101v\u0113jsl\u0113dz\u0113ji<\/li>\n<li>\u012apa&scaron;i pla&scaron;a telts gu\u013cam\u0101 plat\u012bba<\/li>\n<li>Papildus pieejams &#8220;footprint&#8221; (papildus gr\u012bda)<\/li>\n<\/ul>\n<\/div>\n<\/div>\n","protected":false},"excerpt":{"rendered":"<p>Dodies piedz\u012bvojumos ar ultra vieglu un superkompaktu Marmot telti. Tungsten UL 1P telts ir k\u0101 rad\u012bta velot\u016brismam vai piedz\u012bvojumu mekl\u0113t\u0101jiem ar augt\u0101m pras\u012bb\u0101m. Parasti viegl\u0101s teltis ir \u013coti &scaron;auras un zemas, bet Tungsten s\u0113rija izce\u013cas ar \u013coti lielu kubat\u016bru un pla&scaron;umu. Viegli uzst\u0101d\u0101m konstrukcija \u013caus to uzcelt ar\u012b vienam. Teicama ventil\u0101cija nesag\u0101d\u0101s diskomfortu ar\u012b karst\u0101s [&hellip;]<\/p>\n","protected":false},"featured_media":0,"template":"","meta":[],"product_brand":[908],"product_cat":[4558,4568,4640,4955],"product_tag":[],"class_list":{"0":"post-78424","1":"product","2":"type-product","3":"status-publish","5":"product_brand-marmot","6":"product_cat-for-tourism-recreation","7":"product_cat-tents-for-tourism-recreation","8":"product_cat-recreation","9":"product_cat-marmot-tents-tents-for-tourism-recreation","11":"first","12":"instock","13":"shipping-taxable","14":"purchasable","15":"product-type-simple"},"_links":{"self":[{"href":"https:\/\/sezona.lv\/en\/wp-json\/wp\/v2\/product\/78424","targetHints":{"allow":["GET"]}}],"collection":[{"href":"https:\/\/sezona.lv\/en\/wp-json\/wp\/v2\/product"}],"about":[{"href":"https:\/\/sezona.lv\/en\/wp-json\/wp\/v2\/types\/product"}],"wp:attachment":[{"href":"https:\/\/sezona.lv\/en\/wp-json\/wp\/v2\/media?parent=78424"}],"wp:term":[{"taxonomy":"product_brand","embeddable":true,"href":"https:\/\/sezona.lv\/en\/wp-json\/wp\/v2\/product_brand?post=78424"},{"taxonomy":"product_cat","embeddable":true,"href":"https:\/\/sezona.lv\/en\/wp-json\/wp\/v2\/product_cat?post=78424"},{"taxonomy":"product_tag","embeddable":true,"href":"https:\/\/sezona.lv\/en\/wp-json\/wp\/v2\/product_tag?post=78424"}],"curies":[{"name":"wp","href":"https:\/\/api.w.org\/{rel}","templated":true}]}}