{"id":78425,"date":"2025-07-14T15:23:55","date_gmt":"2025-07-14T12:23:55","guid":{"rendered":"https:\/\/demo8.ecube.lv\/sezona.lv\/products\/marmot-telts-colfax-3p\/"},"modified":"2025-07-14T15:23:55","modified_gmt":"2025-07-14T12:23:55","slug":"marmot-telts-colfax-3p","status":"publish","type":"product","link":"https:\/\/sezona.lv\/en\/products\/marmot-telts-colfax-3p\/","title":{"rendered":"Marmot telts Colfax 3P"},"content":{"rendered":"<div class=\"rte\">\n<p>Telts karst\u0101m un saus\u0101m vasaras nakt\u012bm. \u012apa&scaron;i lielas durvis\/logi ar t\u012bkli\u0146u ne\u013caus pie jums tikt odiem vai mu&scaron;\u0101m.&nbsp;<\/p>\n<h4>Specifik\u0101cija:<\/h4>\n<p><strong>Svars:<\/strong> 3 kg<br \/><strong>Materi\u0101ls:<\/strong> poliestris<br \/><strong>Vietu skaits:<\/strong> 3<br \/><strong>Gr\u012bdas laukums:<\/strong> 4,1 m2<br \/><strong>Izm\u0113rs:<\/strong>&nbsp;<span>124 x 179 x 229cm (iekojum\u0101&nbsp;<span>61 x 20.3cm)<br \/><strong>Mitrumnotur\u012bba:<\/strong> l\u012bdz 2000mm<br \/><strong>Loki:<\/strong> alum\u012bnija<\/span><\/span><\/p>\n<\/div>\n","protected":false},"excerpt":{"rendered":"<p>Telts karst\u0101m un saus\u0101m vasaras nakt\u012bm. \u012apa&scaron;i lielas durvis\/logi ar t\u012bkli\u0146u ne\u013caus pie jums tikt odiem vai mu&scaron;\u0101m.&nbsp; Specifik\u0101cija: Svars: 3 kgMateri\u0101ls: poliestrisVietu skaits: 3Gr\u012bdas laukums: 4,1 m2Izm\u0113rs:&nbsp;124 x 179 x 229cm (iekojum\u0101&nbsp;61 x 20.3cm)Mitrumnotur\u012bba: l\u012bdz 2000mmLoki: alum\u012bnija<\/p>\n","protected":false},"featured_media":0,"template":"","meta":[],"product_brand":[908],"product_cat":[4558,4568,4640,4955],"product_tag":[],"class_list":{"0":"post-78425","1":"product","2":"type-product","3":"status-publish","5":"product_brand-marmot","6":"product_cat-for-tourism-recreation","7":"product_cat-tents-for-tourism-recreation","8":"product_cat-recreation","9":"product_cat-marmot-tents-tents-for-tourism-recreation","11":"first","12":"instock","13":"shipping-taxable","14":"purchasable","15":"product-type-simple"},"_links":{"self":[{"href":"https:\/\/sezona.lv\/en\/wp-json\/wp\/v2\/product\/78425","targetHints":{"allow":["GET"]}}],"collection":[{"href":"https:\/\/sezona.lv\/en\/wp-json\/wp\/v2\/product"}],"about":[{"href":"https:\/\/sezona.lv\/en\/wp-json\/wp\/v2\/types\/product"}],"wp:attachment":[{"href":"https:\/\/sezona.lv\/en\/wp-json\/wp\/v2\/media?parent=78425"}],"wp:term":[{"taxonomy":"product_brand","embeddable":true,"href":"https:\/\/sezona.lv\/en\/wp-json\/wp\/v2\/product_brand?post=78425"},{"taxonomy":"product_cat","embeddable":true,"href":"https:\/\/sezona.lv\/en\/wp-json\/wp\/v2\/product_cat?post=78425"},{"taxonomy":"product_tag","embeddable":true,"href":"https:\/\/sezona.lv\/en\/wp-json\/wp\/v2\/product_tag?post=78425"}],"curies":[{"name":"wp","href":"https:\/\/api.w.org\/{rel}","templated":true}]}}