{"id":78427,"date":"2025-07-14T15:23:57","date_gmt":"2025-07-14T12:23:57","guid":{"rendered":"https:\/\/demo8.ecube.lv\/sezona.lv\/products\/marmot-pargajienu-telts-tungsten-ul-2p\/"},"modified":"2025-07-14T15:23:57","modified_gmt":"2025-07-14T12:23:57","slug":"marmot-pargajienu-telts-tungsten-ul-2p","status":"publish","type":"product","link":"https:\/\/sezona.lv\/en\/products\/marmot-pargajienu-telts-tungsten-ul-2p\/","title":{"rendered":"Marmot p\u0101rg\u0101jienu telts Tungsten UL 2P"},"content":{"rendered":"<div class=\"rte\">\n<div class=\"rte\">\n<div class=\"rte\">\n<div class=\"rte\">\n<p>Dodies piedz\u012bvojumos ar ultra vieglu un  superkompaktu Marmot telti. Tungsten UL 2P telts ir k\u0101 rad\u012bta  velot\u016brismam vai piedz\u012bvojumu mekl\u0113t\u0101jiem ar augt\u0101m pras\u012bb\u0101m. Parasti  viegl\u0101s teltis ir \u013coti &scaron;auras un zemas, bet Tungsten s\u0113rija izce\u013cas ar  \u013coti lielu kubat\u016bru un pla&scaron;umu. Teltij ir divas ieejas un divi vestibili  mantu glab\u0101&scaron;anai. Gu\u013cot divat\u0101 katram b\u016bs sava ieeja un vieta kur  nolikt z\u0101bakus un somu. Viegli uzst\u0101d\u0101ma konstrukcija \u013caus to uzcelt ar\u012b  vienam. Teicama ventil\u0101cija nesag\u0101d\u0101s diskomfortu ar\u012b karst\u0101s dien\u0101s,  jo telts iek&scaron;\u0113j\u0101 k\u0101rta ir no pl\u0101na un elpojo&scaron;a sieti\u0146auduma. &nbsp;<\/p>\n<h4>Specifik\u0101cija: &nbsp;<\/h4>\n<p><strong>Gr\u012bdas materi\u0101ls<\/strong>: 30d 100% Nylon 2000mm W\/R, F\/R <br \/><strong>Tenta materi\u0101ls<\/strong>: 20D 100% Polyester RS, Sil\/PU 1500mm F\/R <br \/><strong>Iek&scaron;\u0113j\u0101s telts materi\u0101ls<\/strong>: 15d 100% Nylon No-See-Um Mesh F\/R <br \/><strong>Minim\u0101lais svars<\/strong>: 1470 grami <br \/><strong>Pilna komplekta svars<\/strong>: 1603 grami <br \/><strong>Gr\u012bdas laukums<\/strong>: 3m&sup2; <br \/><strong>Vestibila laukums<\/strong>: 0,91m&sup2; x 0,48m&sup2; <br \/><strong>Sapakotas telts izm\u0113ri<\/strong>: 17.8 x 45,7 cm <br \/><strong>Telts izm\u0113ri:<\/strong> 107 x 137\/117 x 224cm <br \/><strong>Karkasa loku materi\u0101ls<\/strong>: DAC Pressfit aluminum 9,0mm <br \/><strong>Karkasa loku skaits<\/strong>: 3 <br \/><strong>Ieeju skaits:<\/strong> 2 <br \/><strong>Vietu skaits<\/strong>: 2 &nbsp;<\/p>\n<h4>Raksturojums: &nbsp;<\/h4>\n<ul>\n<li>D tipa durvis ar vestibilu<\/li>\n<li>Visas &scaron;uves ir 100% p\u0101rl\u012bm\u0113tas<\/li>\n<li>Sieti\u0146auduma durvju logs ar r\u0101v\u0113jsl\u0113dz\u0113ju<\/li>\n<li>Kr\u0101su atz\u012bmes viegl\u0101kai telts uzb\u016bvei<\/li>\n<li>Br\u012bvi st\u0101vo&scaron;a konstrukcija<\/li>\n<li>Gaismu atstarojo&scaron;i logotipi<\/li>\n<li>Neskano&scaron;i r\u0101v\u0113jsl\u0113dz\u0113ji<\/li>\n<li>\u012apa&scaron;i pla&scaron;a telts gu\u013cam\u0101 plat\u012bba<\/li>\n<li>Papildus pieejams &#8220;footprint&#8221; (papildus gr\u012bda)<\/li>\n<\/ul>\n<\/div>\n<\/div>\n<\/div>\n<\/div>\n","protected":false},"excerpt":{"rendered":"<p>Dodies piedz\u012bvojumos ar ultra vieglu un superkompaktu Marmot telti. Tungsten UL 2P telts ir k\u0101 rad\u012bta velot\u016brismam vai piedz\u012bvojumu mekl\u0113t\u0101jiem ar augt\u0101m pras\u012bb\u0101m. Parasti viegl\u0101s teltis ir \u013coti &scaron;auras un zemas, bet Tungsten s\u0113rija izce\u013cas ar \u013coti lielu kubat\u016bru un pla&scaron;umu. Teltij ir divas ieejas un divi vestibili mantu glab\u0101&scaron;anai. Gu\u013cot divat\u0101 katram b\u016bs sava [&hellip;]<\/p>\n","protected":false},"featured_media":0,"template":"","meta":[],"product_brand":[908],"product_cat":[4558,4568,4640,4955],"product_tag":[],"class_list":{"0":"post-78427","1":"product","2":"type-product","3":"status-publish","5":"product_brand-marmot","6":"product_cat-for-tourism-recreation","7":"product_cat-tents-for-tourism-recreation","8":"product_cat-recreation","9":"product_cat-marmot-tents-tents-for-tourism-recreation","11":"first","12":"instock","13":"shipping-taxable","14":"purchasable","15":"product-type-simple"},"_links":{"self":[{"href":"https:\/\/sezona.lv\/en\/wp-json\/wp\/v2\/product\/78427","targetHints":{"allow":["GET"]}}],"collection":[{"href":"https:\/\/sezona.lv\/en\/wp-json\/wp\/v2\/product"}],"about":[{"href":"https:\/\/sezona.lv\/en\/wp-json\/wp\/v2\/types\/product"}],"wp:attachment":[{"href":"https:\/\/sezona.lv\/en\/wp-json\/wp\/v2\/media?parent=78427"}],"wp:term":[{"taxonomy":"product_brand","embeddable":true,"href":"https:\/\/sezona.lv\/en\/wp-json\/wp\/v2\/product_brand?post=78427"},{"taxonomy":"product_cat","embeddable":true,"href":"https:\/\/sezona.lv\/en\/wp-json\/wp\/v2\/product_cat?post=78427"},{"taxonomy":"product_tag","embeddable":true,"href":"https:\/\/sezona.lv\/en\/wp-json\/wp\/v2\/product_tag?post=78427"}],"curies":[{"name":"wp","href":"https:\/\/api.w.org\/{rel}","templated":true}]}}