{"id":78429,"date":"2025-07-14T15:23:58","date_gmt":"2025-07-14T12:23:58","guid":{"rendered":"https:\/\/demo8.ecube.lv\/sezona.lv\/products\/marmot-kempinga-telts-haldor-2p\/"},"modified":"2025-07-14T15:23:58","modified_gmt":"2025-07-14T12:23:58","slug":"marmot-kempinga-telts-haldor-2p","status":"publish","type":"product","link":"https:\/\/sezona.lv\/en\/products\/marmot-kempinga-telts-haldor-2p\/","title":{"rendered":"Marmot kempinga telts Haldor 2P"},"content":{"rendered":"<div class=\"rte\">\n<div class=\"rte\">\n<div class=\"rte\">\n<div class=\"rte\">\n<div class=\"rte\">\n<div class=\"rte\">\n<p>Le\u0123end\u0101ra divviet\u012bga tune\u013cveida telts no Marmot.  Lielisks cenas un kvalit\u0101tes apvienojums. Jauna alum\u012bnija loku  konstrukcija, kas palielina telts kubat\u016bru. Pat\u012bkams jaunums gar\u0101kiem  cilv\u0113kiem. Telts ir sal\u012bdzino&scaron;i smag\u0101ka par citiem divu personu  mode\u013ciem, bet lieliski noder\u0113s gar\u0101s eksped\u012bcij\u0101s, kur v\u0113j&scaron; un lietus  nav reta par\u0101d\u012bba. Pla&scaron;aj\u0101 priek&scaron;nam\u0101 b\u016bs daudz vietas, kur gatavot \u0113st  un salikt visas mantas. Mitrumiztur\u012bbas cien\u012bt\u0101jiem \u013coti pat\u012bkami un  zol\u012bdi skait\u013ci &#8211; 3000mm aug&scaron;\u0113jam sl\u0101nim un 5000mm gr\u012bdai. Papildus  pieejams &#8220;footprints&#8221;(papildus gr\u012bda) v\u0113l lab\u0101kai mitrumiztur\u012bbai un  aizsardz\u012bbai pret boj\u0101jumiem.<\/p>\n<h4>Specifik\u0101cija:<\/h4>\n<p><strong>Gr\u012bdas materi\u0101ls:<\/strong> 68d Polyester Taffeta 5000mm F\/R <br \/><strong>Tenta materi\u0101ls<\/strong>: 68d 100% Polyester Taffeta 3000mm F\/R <br \/><strong>Iek&scaron;\u0113j\u0101s telts materi\u0101ls<\/strong>: 40d 100% Polyester No-See-Um MeshF\/R <br \/><strong>Minim\u0101lais svars<\/strong>: 2880 grami <br \/><strong>Pilna komplekta svars<\/strong>: 3220 grami <br \/><strong>Gr\u012bdas laukums<\/strong>: 3,1m&sup2; Vestibila laukums: 2m&sup2; <br \/><strong>Sapakotas telts izm\u0113ri<\/strong>: 68,6 x 20,3cm <br \/><strong>Telts izm\u0113ri<\/strong>: 89 x 132 x 224cm (168 x 132cm priek&scaron;nams) <br \/><strong>Karkasa loku materi\u0101ls<\/strong>: DAC Press-Fit 9.0 mm <br \/><strong>Karkasa loku skaits<\/strong>: 3 <br \/><strong>Ieeju skaits:<\/strong> 1<br \/><strong>Vietu skaits<\/strong>: 2&nbsp;<\/p>\n<h4>Raksturojums:<\/h4>\n<ul>\n<li>Viena ieeja ar&nbsp; lielu vestibilu<\/li>\n<li>Visa &scaron;uves 100% p\u0101rl\u012bm\u0113tas<\/li>\n<li>Kr\u0101su atz\u012bmes viegl\u0101kais uzst\u0101d\u012b&scaron;anai<\/li>\n<li>Tune\u013cveida konstrukcija<\/li>\n<li>Iek&scaron;\u0113j\u0101s kabati\u0146as mantu organiz\u0113&scaron;anai<\/li>\n<li>Ne\u017evadzo&scaron;i r\u0101v\u0113jsl\u0113dz\u0113ji<\/li>\n<li>Atstarojo&scaron;i logotipi<\/li>\n<li>Liel\u0101ka kubat\u016bra<\/li>\n<li>Alum\u012bnija loki un mieti\u0146i<\/li>\n<\/ul>\n<\/div>\n<\/div>\n<\/div>\n<\/div>\n<\/div>\n<\/div>\n","protected":false},"excerpt":{"rendered":"<p>Le\u0123end\u0101ra divviet\u012bga tune\u013cveida telts no Marmot. Lielisks cenas un kvalit\u0101tes apvienojums. Jauna alum\u012bnija loku konstrukcija, kas palielina telts kubat\u016bru. Pat\u012bkams jaunums gar\u0101kiem cilv\u0113kiem. Telts ir sal\u012bdzino&scaron;i smag\u0101ka par citiem divu personu mode\u013ciem, bet lieliski noder\u0113s gar\u0101s eksped\u012bcij\u0101s, kur v\u0113j&scaron; un lietus nav reta par\u0101d\u012bba. Pla&scaron;aj\u0101 priek&scaron;nam\u0101 b\u016bs daudz vietas, kur gatavot \u0113st un salikt visas [&hellip;]<\/p>\n","protected":false},"featured_media":0,"template":"","meta":[],"product_brand":[908],"product_cat":[4558,4568,4640,4955],"product_tag":[],"class_list":{"0":"post-78429","1":"product","2":"type-product","3":"status-publish","5":"product_brand-marmot","6":"product_cat-for-tourism-recreation","7":"product_cat-tents-for-tourism-recreation","8":"product_cat-recreation","9":"product_cat-marmot-tents-tents-for-tourism-recreation","11":"first","12":"instock","13":"shipping-taxable","14":"purchasable","15":"product-type-simple"},"_links":{"self":[{"href":"https:\/\/sezona.lv\/en\/wp-json\/wp\/v2\/product\/78429","targetHints":{"allow":["GET"]}}],"collection":[{"href":"https:\/\/sezona.lv\/en\/wp-json\/wp\/v2\/product"}],"about":[{"href":"https:\/\/sezona.lv\/en\/wp-json\/wp\/v2\/types\/product"}],"wp:attachment":[{"href":"https:\/\/sezona.lv\/en\/wp-json\/wp\/v2\/media?parent=78429"}],"wp:term":[{"taxonomy":"product_brand","embeddable":true,"href":"https:\/\/sezona.lv\/en\/wp-json\/wp\/v2\/product_brand?post=78429"},{"taxonomy":"product_cat","embeddable":true,"href":"https:\/\/sezona.lv\/en\/wp-json\/wp\/v2\/product_cat?post=78429"},{"taxonomy":"product_tag","embeddable":true,"href":"https:\/\/sezona.lv\/en\/wp-json\/wp\/v2\/product_tag?post=78429"}],"curies":[{"name":"wp","href":"https:\/\/api.w.org\/{rel}","templated":true}]}}