{"id":78430,"date":"2025-07-14T15:23:59","date_gmt":"2025-07-14T12:23:59","guid":{"rendered":"https:\/\/demo8.ecube.lv\/sezona.lv\/products\/marmot-telts-grida-tungsten-ul-1p-footprint\/"},"modified":"2025-07-14T15:23:59","modified_gmt":"2025-07-14T12:23:59","slug":"marmot-telts-grida-tungsten-ul-1p-footprint","status":"publish","type":"product","link":"https:\/\/sezona.lv\/en\/products\/marmot-telts-grida-tungsten-ul-1p-footprint\/","title":{"rendered":"Marmot telts gr\u012bda Tungsten UL 1P Footprint"},"content":{"rendered":"<p>Papildus gr\u012bda Marmot Tungsten UL vienviet\u012bgajai teltij.<\/p>\n","protected":false},"excerpt":{"rendered":"<p>Papildus gr\u012bda Marmot Tungsten UL vienviet\u012bgajai teltij.<\/p>\n","protected":false},"featured_media":0,"template":"","meta":[],"product_brand":[908],"product_cat":[4558,4568,4640,4745],"product_tag":[],"class_list":{"0":"post-78430","1":"product","2":"type-product","3":"status-publish","5":"product_brand-marmot","6":"product_cat-for-tourism-recreation","7":"product_cat-tents-for-tourism-recreation","8":"product_cat-recreation","9":"product_cat-tent-accessories-tents-for-tourism-recreation","11":"first","12":"instock","13":"shipping-taxable","14":"purchasable","15":"product-type-simple"},"_links":{"self":[{"href":"https:\/\/sezona.lv\/en\/wp-json\/wp\/v2\/product\/78430","targetHints":{"allow":["GET"]}}],"collection":[{"href":"https:\/\/sezona.lv\/en\/wp-json\/wp\/v2\/product"}],"about":[{"href":"https:\/\/sezona.lv\/en\/wp-json\/wp\/v2\/types\/product"}],"wp:attachment":[{"href":"https:\/\/sezona.lv\/en\/wp-json\/wp\/v2\/media?parent=78430"}],"wp:term":[{"taxonomy":"product_brand","embeddable":true,"href":"https:\/\/sezona.lv\/en\/wp-json\/wp\/v2\/product_brand?post=78430"},{"taxonomy":"product_cat","embeddable":true,"href":"https:\/\/sezona.lv\/en\/wp-json\/wp\/v2\/product_cat?post=78430"},{"taxonomy":"product_tag","embeddable":true,"href":"https:\/\/sezona.lv\/en\/wp-json\/wp\/v2\/product_tag?post=78430"}],"curies":[{"name":"wp","href":"https:\/\/api.w.org\/{rel}","templated":true}]}}