{"id":78431,"date":"2025-07-14T15:24:00","date_gmt":"2025-07-14T12:24:00","guid":{"rendered":"https:\/\/demo8.ecube.lv\/sezona.lv\/products\/marmot-telts-grida-fortress-2p-footprint\/"},"modified":"2025-07-14T15:24:00","modified_gmt":"2025-07-14T12:24:00","slug":"marmot-telts-grida-fortress-2p-footprint","status":"publish","type":"product","link":"https:\/\/sezona.lv\/en\/products\/marmot-telts-grida-fortress-2p-footprint\/","title":{"rendered":"Marmot telts gr\u012bda Fortress 2P Footprint"},"content":{"rendered":"<p>Ja b\u016bv\u0113jat telti uz &scaron;\u0137autnainiem un asiem akme\u0146iem vai vienk\u0101r&scaron;i  v\u0113laties, lai telts gr\u012bda kalpo ilg\u0101k, ieteicams izmantot &scaron;o papildus  gr\u012bdu, kas stiprin\u0101s iek&scaron;\u0113j\u0101s telts stiprin\u0101jumos pie galven\u0101 r\u0101mja.<\/p>\n<p>&nbsp;<strong>Sader\u012bgais telts modelis:<\/strong> Fortress 2P<\/p>\n","protected":false},"excerpt":{"rendered":"<p>Ja b\u016bv\u0113jat telti uz &scaron;\u0137autnainiem un asiem akme\u0146iem vai vienk\u0101r&scaron;i v\u0113laties, lai telts gr\u012bda kalpo ilg\u0101k, ieteicams izmantot &scaron;o papildus gr\u012bdu, kas stiprin\u0101s iek&scaron;\u0113j\u0101s telts stiprin\u0101jumos pie galven\u0101 r\u0101mja. &nbsp;Sader\u012bgais telts modelis: Fortress 2P<\/p>\n","protected":false},"featured_media":0,"template":"","meta":[],"product_brand":[908],"product_cat":[4558,4568,4640,4745],"product_tag":[],"class_list":{"0":"post-78431","1":"product","2":"type-product","3":"status-publish","5":"product_brand-marmot","6":"product_cat-for-tourism-recreation","7":"product_cat-tents-for-tourism-recreation","8":"product_cat-recreation","9":"product_cat-tent-accessories-tents-for-tourism-recreation","11":"first","12":"instock","13":"shipping-taxable","14":"purchasable","15":"product-type-simple"},"_links":{"self":[{"href":"https:\/\/sezona.lv\/en\/wp-json\/wp\/v2\/product\/78431","targetHints":{"allow":["GET"]}}],"collection":[{"href":"https:\/\/sezona.lv\/en\/wp-json\/wp\/v2\/product"}],"about":[{"href":"https:\/\/sezona.lv\/en\/wp-json\/wp\/v2\/types\/product"}],"wp:attachment":[{"href":"https:\/\/sezona.lv\/en\/wp-json\/wp\/v2\/media?parent=78431"}],"wp:term":[{"taxonomy":"product_brand","embeddable":true,"href":"https:\/\/sezona.lv\/en\/wp-json\/wp\/v2\/product_brand?post=78431"},{"taxonomy":"product_cat","embeddable":true,"href":"https:\/\/sezona.lv\/en\/wp-json\/wp\/v2\/product_cat?post=78431"},{"taxonomy":"product_tag","embeddable":true,"href":"https:\/\/sezona.lv\/en\/wp-json\/wp\/v2\/product_tag?post=78431"}],"curies":[{"name":"wp","href":"https:\/\/api.w.org\/{rel}","templated":true}]}}