{"id":78432,"date":"2025-07-14T15:24:01","date_gmt":"2025-07-14T12:24:01","guid":{"rendered":"https:\/\/demo8.ecube.lv\/sezona.lv\/products\/tickettothemoon-sega-moon-quilt\/"},"modified":"2025-07-14T15:24:01","modified_gmt":"2025-07-14T12:24:01","slug":"tickettothemoon-sega-moon-quilt","status":"publish","type":"product","link":"https:\/\/sezona.lv\/en\/products\/tickettothemoon-sega-moon-quilt\/","title":{"rendered":"Tickettothemoon sega Moon Quilt"},"content":{"rendered":"<div class=\"rte\">\n<p>Gul\u0113&scaron;ana &scaron;\u016bpu\u013ct\u012bkl\u0101 ir super komfortabla, l\u012bdz  br\u012bdim kad gaisa temperat\u016bra nokr\u012btas zem +15&deg;C. Tad ir j\u0101s\u0101k dom\u0101t par  risin\u0101jumu, k\u0101 nov\u0113rst muguras sal&scaron;anu. Under Quilt &#8211; t\u0101 ir speci\u0101la  sega\/gu\u013cammmaiss, kas stiprin\u0101s tie&scaron;i zem gu\u013camt\u012bkla un nodro&scaron;ina  siltumu.<\/p>\n<h4>Specifik\u0101cija:<\/h4>\n<p><strong>Materi\u0101ls:<\/strong> 70D\/210T Polyester; 50D\/320T Polyester<br \/><strong>Siltin\u0101jums:<\/strong> Polyester Hollowfibre 13,5 TOG<br \/><strong>Izm\u0113rs:<\/strong> 200 x 140 cm<br \/><strong>Iepakojums:<\/strong> 34 x 19 cm<br \/><strong>Svars:<\/strong> 1130 grami<br \/><strong>Temperat\u016bras diapazons:<\/strong> 10&deg;C \/ 5&deg;C \/ 2&deg;C (Comfort \/ Limit \/ Extreme)<\/p>\n<\/div>\n","protected":false},"excerpt":{"rendered":"<p>Gul\u0113&scaron;ana &scaron;\u016bpu\u013ct\u012bkl\u0101 ir super komfortabla, l\u012bdz br\u012bdim kad gaisa temperat\u016bra nokr\u012btas zem +15&deg;C. Tad ir j\u0101s\u0101k dom\u0101t par risin\u0101jumu, k\u0101 nov\u0113rst muguras sal&scaron;anu. Under Quilt &#8211; t\u0101 ir speci\u0101la sega\/gu\u013cammmaiss, kas stiprin\u0101s tie&scaron;i zem gu\u013camt\u012bkla un nodro&scaron;ina siltumu. Specifik\u0101cija: Materi\u0101ls: 70D\/210T Polyester; 50D\/320T PolyesterSiltin\u0101jums: Polyester Hollowfibre 13,5 TOGIzm\u0113rs: 200 x 140 cmIepakojums: 34 x 19 [&hellip;]<\/p>\n","protected":false},"featured_media":0,"template":"","meta":[],"product_brand":[],"product_cat":[4558,4640,4908],"product_tag":[],"class_list":{"0":"post-78432","1":"product","2":"type-product","3":"status-publish","5":"product_cat-for-tourism-recreation","6":"product_cat-recreation","7":"product_cat-hammocks-for-tourism-recreation","9":"first","10":"instock","11":"shipping-taxable","12":"purchasable","13":"product-type-simple"},"_links":{"self":[{"href":"https:\/\/sezona.lv\/en\/wp-json\/wp\/v2\/product\/78432","targetHints":{"allow":["GET"]}}],"collection":[{"href":"https:\/\/sezona.lv\/en\/wp-json\/wp\/v2\/product"}],"about":[{"href":"https:\/\/sezona.lv\/en\/wp-json\/wp\/v2\/types\/product"}],"wp:attachment":[{"href":"https:\/\/sezona.lv\/en\/wp-json\/wp\/v2\/media?parent=78432"}],"wp:term":[{"taxonomy":"product_brand","embeddable":true,"href":"https:\/\/sezona.lv\/en\/wp-json\/wp\/v2\/product_brand?post=78432"},{"taxonomy":"product_cat","embeddable":true,"href":"https:\/\/sezona.lv\/en\/wp-json\/wp\/v2\/product_cat?post=78432"},{"taxonomy":"product_tag","embeddable":true,"href":"https:\/\/sezona.lv\/en\/wp-json\/wp\/v2\/product_tag?post=78432"}],"curies":[{"name":"wp","href":"https:\/\/api.w.org\/{rel}","templated":true}]}}