{"id":78433,"date":"2025-07-14T15:24:02","date_gmt":"2025-07-14T12:24:02","guid":{"rendered":"https:\/\/demo8.ecube.lv\/sezona.lv\/products\/marmot-telts-augsa-limelight-3p-fly\/"},"modified":"2025-07-14T15:24:02","modified_gmt":"2025-07-14T12:24:02","slug":"marmot-telts-augsa-limelight-3p-fly","status":"publish","type":"product","link":"https:\/\/sezona.lv\/en\/products\/marmot-telts-augsa-limelight-3p-fly\/","title":{"rendered":"Marmot telts aug\u0161a Limelight 3P Fly"},"content":{"rendered":"<div class=\"rte\">\n<div class=\"rte\">\n<div class=\"rte\">\n<div class=\"rte\">\n<div class=\"rte\">\n<div class=\"rte\">\n<div class=\"rte\">\n<div class=\"rte\">\n<div class=\"rte\">\n<div class=\"rte\">\n<div class=\"rte\">\n<div class=\"rte\">\n<div class=\"rte\">\n<div class=\"rte\">\n<div class=\"rte\">\n<div class=\"rte\">\n<div class=\"rte\">\n<div class=\"rte\">\n<div class=\"rte\">\n<div class=\"rte\">\n<div class=\"rte\">\n<div class=\"rte\">\n<div class=\"rte\">\n<div class=\"rte\">\n<div class=\"rte\">\n<div class=\"rte\">\n<div class=\"rte\">\n<div class=\"rte\">\n<div class=\"rte\">\n<div class=\"rte\">\n<div class=\"rte\">\n<div class=\"rte\">\n<div class=\"rte\">\n<div class=\"rte\">\n<div class=\"rte\">\n<p>Lietus p\u0101rvalks Marmot&nbsp;teltij Limelight 3P. Ar telts  gr\u012bdu un logu kompletku iesp\u0113jams uzb\u016bv\u0113t nojumi bez iek&scaron;\u0113j\u0101s telts  t\u012bkla da\u013cas. Divas ieejas, ventil\u0101cijas atvere, atsaites ar  atstarot\u0101jiem&nbsp;<\/p>\n<p><strong>Materi\u0101ls:<\/strong>&nbsp;<span>68d Polyester Taffeta 190T 1500mm F\/R<br \/><strong>Sedzo&scaron;ais laukums:<\/strong> 4 m<sup>2<br \/><\/sup><strong>Svars:<\/strong> 1070 grami<\/span><\/p>\n<\/div>\n<\/div>\n<\/div>\n<\/div>\n<\/div>\n<\/div>\n<\/div>\n<\/div>\n<\/div>\n<\/div>\n<\/div>\n<\/div>\n<\/div>\n<\/div>\n<\/div>\n<\/div>\n<\/div>\n<\/div>\n<\/div>\n<\/div>\n<\/div>\n<\/div>\n<\/div>\n<\/div>\n<\/div>\n<\/div>\n<\/div>\n<\/div>\n<\/div>\n<\/div>\n<\/div>\n<\/div>\n<\/div>\n<\/div>\n<\/div>\n","protected":false},"excerpt":{"rendered":"<p>Lietus p\u0101rvalks Marmot&nbsp;teltij Limelight 3P. Ar telts gr\u012bdu un logu kompletku iesp\u0113jams uzb\u016bv\u0113t nojumi bez iek&scaron;\u0113j\u0101s telts t\u012bkla da\u013cas. Divas ieejas, ventil\u0101cijas atvere, atsaites ar atstarot\u0101jiem&nbsp; Materi\u0101ls:&nbsp;68d Polyester Taffeta 190T 1500mm F\/RSedzo&scaron;ais laukums: 4 m2Svars: 1070 grami<\/p>\n","protected":false},"featured_media":0,"template":"","meta":[],"product_brand":[908],"product_cat":[4558,4568,4640,4745],"product_tag":[],"class_list":{"0":"post-78433","1":"product","2":"type-product","3":"status-publish","5":"product_brand-marmot","6":"product_cat-for-tourism-recreation","7":"product_cat-tents-for-tourism-recreation","8":"product_cat-recreation","9":"product_cat-tent-accessories-tents-for-tourism-recreation","11":"first","12":"instock","13":"shipping-taxable","14":"purchasable","15":"product-type-simple"},"_links":{"self":[{"href":"https:\/\/sezona.lv\/en\/wp-json\/wp\/v2\/product\/78433","targetHints":{"allow":["GET"]}}],"collection":[{"href":"https:\/\/sezona.lv\/en\/wp-json\/wp\/v2\/product"}],"about":[{"href":"https:\/\/sezona.lv\/en\/wp-json\/wp\/v2\/types\/product"}],"wp:attachment":[{"href":"https:\/\/sezona.lv\/en\/wp-json\/wp\/v2\/media?parent=78433"}],"wp:term":[{"taxonomy":"product_brand","embeddable":true,"href":"https:\/\/sezona.lv\/en\/wp-json\/wp\/v2\/product_brand?post=78433"},{"taxonomy":"product_cat","embeddable":true,"href":"https:\/\/sezona.lv\/en\/wp-json\/wp\/v2\/product_cat?post=78433"},{"taxonomy":"product_tag","embeddable":true,"href":"https:\/\/sezona.lv\/en\/wp-json\/wp\/v2\/product_tag?post=78433"}],"curies":[{"name":"wp","href":"https:\/\/api.w.org\/{rel}","templated":true}]}}