{"id":78434,"date":"2025-07-14T15:24:03","date_gmt":"2025-07-14T12:24:03","guid":{"rendered":"https:\/\/demo8.ecube.lv\/sezona.lv\/products\/marmot-prieksnams-colfax-3p-porch\/"},"modified":"2025-07-14T15:24:03","modified_gmt":"2025-07-14T12:24:03","slug":"marmot-prieksnams-colfax-3p-porch","status":"publish","type":"product","link":"https:\/\/sezona.lv\/en\/products\/marmot-prieksnams-colfax-3p-porch\/","title":{"rendered":"Marmot priek\u0161nams Colfax 3P Porch"},"content":{"rendered":"<div class=\"rte\">\n<div class=\"rte\">\n<div class=\"rte\">\n<div class=\"rte\">\n<div class=\"rte\">\n<div class=\"rte\">\n<div class=\"rte\">\n<div class=\"rte\">\n<div class=\"rte\">\n<div class=\"rte\">\n<div class=\"rte\">\n<div class=\"rte\">\n<div class=\"rte\">\n<div class=\"rte\">\n<div class=\"rte\">\n<div class=\"rte\">\n<div class=\"rte\">\n<div class=\"rte\">\n<div class=\"rte\">\n<div class=\"rte\">\n<div class=\"rte\">\n<div class=\"rte\">\n<div class=\"rte\">\n<div class=\"rte\">\n<div class=\"rte\">\n<div class=\"rte\">\n<div class=\"rte\">\n<div class=\"rte\">\n<div class=\"rte\">\n<div class=\"rte\">\n<div class=\"rte\">\n<div class=\"rte\">\n<div class=\"rte\">\n<div class=\"rte\">\n<div class=\"rte\">\n<div class=\"rte\">\n<div class=\"rte\">\n<div class=\"rte\">\n<div class=\"rte\">\n<div class=\"rte\">\n<div class=\"rte\">\n<div class=\"rte\">\n<div class=\"rte\">\n<p>Ja jums ir telts Colfax 3P, bet v\u0113laties vair\u0101k  vietas, kur salikt kempinga invent\u0101ru vai pla&scaron;\u0101ku \u0113nu saulain\u0101 dien\u0101,  tad b\u016bs nepiecie&scaron;ams &scaron;is tie&scaron;i 3P modelim paredz\u0113tais priek&scaron;nams.<\/p>\n<p><strong>Svars:<\/strong> 840 grami<br \/><strong>Materi\u0101ls:<\/strong>&nbsp;<span>68d Polyester Taffeta 190T 1800mm F\/R<br \/><strong>Zemi sedzo&scaron;ais laukums:<\/strong> 2,8 m<sup>2<\/sup><\/span><\/p>\n<\/div>\n<\/div>\n<\/div>\n<\/div>\n<\/div>\n<\/div>\n<\/div>\n<\/div>\n<\/div>\n<\/div>\n<\/div>\n<\/div>\n<\/div>\n<\/div>\n<\/div>\n<\/div>\n<\/div>\n<\/div>\n<\/div>\n<\/div>\n<\/div>\n<\/div>\n<\/div>\n<\/div>\n<\/div>\n<\/div>\n<\/div>\n<\/div>\n<\/div>\n<\/div>\n<\/div>\n<\/div>\n<\/div>\n<\/div>\n<\/div>\n<\/div>\n<\/div>\n<\/div>\n<\/div>\n<\/div>\n<\/div>\n<\/div>\n<\/div>\n","protected":false},"excerpt":{"rendered":"<p>Ja jums ir telts Colfax 3P, bet v\u0113laties vair\u0101k vietas, kur salikt kempinga invent\u0101ru vai pla&scaron;\u0101ku \u0113nu saulain\u0101 dien\u0101, tad b\u016bs nepiecie&scaron;ams &scaron;is tie&scaron;i 3P modelim paredz\u0113tais priek&scaron;nams. Svars: 840 gramiMateri\u0101ls:&nbsp;68d Polyester Taffeta 190T 1800mm F\/RZemi sedzo&scaron;ais laukums: 2,8 m2<\/p>\n","protected":false},"featured_media":0,"template":"","meta":[],"product_brand":[908],"product_cat":[4558,4568,4640,4745],"product_tag":[],"class_list":{"0":"post-78434","1":"product","2":"type-product","3":"status-publish","5":"product_brand-marmot","6":"product_cat-for-tourism-recreation","7":"product_cat-tents-for-tourism-recreation","8":"product_cat-recreation","9":"product_cat-tent-accessories-tents-for-tourism-recreation","11":"first","12":"instock","13":"shipping-taxable","14":"purchasable","15":"product-type-simple"},"_links":{"self":[{"href":"https:\/\/sezona.lv\/en\/wp-json\/wp\/v2\/product\/78434","targetHints":{"allow":["GET"]}}],"collection":[{"href":"https:\/\/sezona.lv\/en\/wp-json\/wp\/v2\/product"}],"about":[{"href":"https:\/\/sezona.lv\/en\/wp-json\/wp\/v2\/types\/product"}],"wp:attachment":[{"href":"https:\/\/sezona.lv\/en\/wp-json\/wp\/v2\/media?parent=78434"}],"wp:term":[{"taxonomy":"product_brand","embeddable":true,"href":"https:\/\/sezona.lv\/en\/wp-json\/wp\/v2\/product_brand?post=78434"},{"taxonomy":"product_cat","embeddable":true,"href":"https:\/\/sezona.lv\/en\/wp-json\/wp\/v2\/product_cat?post=78434"},{"taxonomy":"product_tag","embeddable":true,"href":"https:\/\/sezona.lv\/en\/wp-json\/wp\/v2\/product_tag?post=78434"}],"curies":[{"name":"wp","href":"https:\/\/api.w.org\/{rel}","templated":true}]}}