{"id":78437,"date":"2025-07-14T15:24:07","date_gmt":"2025-07-14T12:24:07","guid":{"rendered":"https:\/\/demo8.ecube.lv\/sezona.lv\/products\/summit-mat-spilvens-u-pillow-v2\/"},"modified":"2025-07-14T15:24:07","modified_gmt":"2025-07-14T12:24:07","slug":"summit-mat-spilvens-u-pillow-v2","status":"publish","type":"product","link":"https:\/\/sezona.lv\/en\/products\/summit-mat-spilvens-u-pillow-v2\/","title":{"rendered":"Summit Mat spilvens U-pillow V2"},"content":{"rendered":"<div class=\"rte\">\n<div class=\"rte\">\n<p>Komfortabls, ergonomiskas formas, piep\u016b&scaron;amais  spilvens. Viegli un \u0101tri piep\u016b&scaron;ams. \u013boti viegli sapakojams. \u0112rti  lietojams gul\u0113&scaron;anai s\u0113dus garu p\u0101rbraucienu laik\u0101. Sa&scaron;aurin\u0101ta  aizmugur\u0113j\u0101 da\u013ca papildus \u0113r&#8217;tibai. Komfortabls, maigs virs\u0113jais  materi\u0101ls, iztur\u012bgs pret meh\u0101niskiem boj\u0101jumiem.<\/p>\n<h4>Specifik\u0101cija:<\/h4>\n<p><strong>Virs\u0113jais materi\u0101ls<\/strong>: 70D CVC<br \/><strong>Izm\u0113ri<\/strong>: 36 x 30 x 8 cm <br \/><strong>Sapakot\u0101 veid\u0101<\/strong>: 10 x 1 cm <br \/><strong>Svars<\/strong>: 75 grami<\/p>\n<\/div>\n<\/div>\n","protected":false},"excerpt":{"rendered":"<p>Komfortabls, ergonomiskas formas, piep\u016b&scaron;amais spilvens. Viegli un \u0101tri piep\u016b&scaron;ams. \u013boti viegli sapakojams. \u0112rti lietojams gul\u0113&scaron;anai s\u0113dus garu p\u0101rbraucienu laik\u0101. Sa&scaron;aurin\u0101ta aizmugur\u0113j\u0101 da\u013ca papildus \u0113r&#8217;tibai. Komfortabls, maigs virs\u0113jais materi\u0101ls, iztur\u012bgs pret meh\u0101niskiem boj\u0101jumiem. Specifik\u0101cija: Virs\u0113jais materi\u0101ls: 70D CVCIzm\u0113ri: 36 x 30 x 8 cm Sapakot\u0101 veid\u0101: 10 x 1 cm Svars: 75 grami<\/p>\n","protected":false},"featured_media":0,"template":"","meta":[],"product_brand":[],"product_cat":[4558,4569,4640,4979],"product_tag":[],"class_list":{"0":"post-78437","1":"product","2":"type-product","3":"status-publish","5":"product_cat-for-tourism-recreation","6":"product_cat-sleeping-bags-for-tourism-recreation","7":"product_cat-recreation","8":"product_cat-pillows-sleeping-bags-for-tourism-recreation","10":"first","11":"instock","12":"shipping-taxable","13":"purchasable","14":"product-type-simple"},"_links":{"self":[{"href":"https:\/\/sezona.lv\/en\/wp-json\/wp\/v2\/product\/78437","targetHints":{"allow":["GET"]}}],"collection":[{"href":"https:\/\/sezona.lv\/en\/wp-json\/wp\/v2\/product"}],"about":[{"href":"https:\/\/sezona.lv\/en\/wp-json\/wp\/v2\/types\/product"}],"wp:attachment":[{"href":"https:\/\/sezona.lv\/en\/wp-json\/wp\/v2\/media?parent=78437"}],"wp:term":[{"taxonomy":"product_brand","embeddable":true,"href":"https:\/\/sezona.lv\/en\/wp-json\/wp\/v2\/product_brand?post=78437"},{"taxonomy":"product_cat","embeddable":true,"href":"https:\/\/sezona.lv\/en\/wp-json\/wp\/v2\/product_cat?post=78437"},{"taxonomy":"product_tag","embeddable":true,"href":"https:\/\/sezona.lv\/en\/wp-json\/wp\/v2\/product_tag?post=78437"}],"curies":[{"name":"wp","href":"https:\/\/api.w.org\/{rel}","templated":true}]}}