{"id":78438,"date":"2025-07-14T15:24:08","date_gmt":"2025-07-14T12:24:08","guid":{"rendered":"https:\/\/demo8.ecube.lv\/sezona.lv\/products\/summit-mat-spilvens-airy-pillow\/"},"modified":"2025-07-14T15:24:08","modified_gmt":"2025-07-14T12:24:08","slug":"summit-mat-spilvens-airy-pillow","status":"publish","type":"product","link":"https:\/\/sezona.lv\/en\/products\/summit-mat-spilvens-airy-pillow\/","title":{"rendered":"Summit Mat spilvens AIRY PILLOW"},"content":{"rendered":"<div class=\"rte\">\n<div class=\"rte\">\n<div class=\"rte\">\n<div class=\"rte\">\n<p>Lielisks spilvens tiem, kas v\u0113las taup\u012bt svaru,  nezaud\u0113jot komfortu- vairs nek\u0101du m\u016bko&scaron;u d\u017eemperu vai nogul\u0113tas  sprandas! Nelielais izm\u0113rs piep\u016bst\u0101 veid\u0101 \u013cauj spilvenu ievietot  gu\u013cammaisa kapuc\u0113, lai saglab\u0101tu siltumu.&nbsp;<\/p>\n<h4>Specifik\u0101cija:<\/h4>\n<p><strong>Svars:<\/strong> 58 g<br \/><strong>Izm\u0113rs (salikts):&nbsp;<\/strong>3x3x11 cm<br \/><strong>Izm\u0113rs (piep\u016bsts):<\/strong> 5x25x35 cm<\/p>\n<\/div>\n<\/div>\n<\/div>\n<\/div>\n","protected":false},"excerpt":{"rendered":"<p>Lielisks spilvens tiem, kas v\u0113las taup\u012bt svaru, nezaud\u0113jot komfortu- vairs nek\u0101du m\u016bko&scaron;u d\u017eemperu vai nogul\u0113tas sprandas! Nelielais izm\u0113rs piep\u016bst\u0101 veid\u0101 \u013cauj spilvenu ievietot gu\u013cammaisa kapuc\u0113, lai saglab\u0101tu siltumu.&nbsp; Specifik\u0101cija: Svars: 58 gIzm\u0113rs (salikts):&nbsp;3x3x11 cmIzm\u0113rs (piep\u016bsts): 5x25x35 cm<\/p>\n","protected":false},"featured_media":0,"template":"","meta":[],"product_brand":[],"product_cat":[4558,4569,4640,4979],"product_tag":[],"class_list":{"0":"post-78438","1":"product","2":"type-product","3":"status-publish","5":"product_cat-for-tourism-recreation","6":"product_cat-sleeping-bags-for-tourism-recreation","7":"product_cat-recreation","8":"product_cat-pillows-sleeping-bags-for-tourism-recreation","10":"first","11":"instock","12":"shipping-taxable","13":"purchasable","14":"product-type-simple"},"_links":{"self":[{"href":"https:\/\/sezona.lv\/en\/wp-json\/wp\/v2\/product\/78438","targetHints":{"allow":["GET"]}}],"collection":[{"href":"https:\/\/sezona.lv\/en\/wp-json\/wp\/v2\/product"}],"about":[{"href":"https:\/\/sezona.lv\/en\/wp-json\/wp\/v2\/types\/product"}],"wp:attachment":[{"href":"https:\/\/sezona.lv\/en\/wp-json\/wp\/v2\/media?parent=78438"}],"wp:term":[{"taxonomy":"product_brand","embeddable":true,"href":"https:\/\/sezona.lv\/en\/wp-json\/wp\/v2\/product_brand?post=78438"},{"taxonomy":"product_cat","embeddable":true,"href":"https:\/\/sezona.lv\/en\/wp-json\/wp\/v2\/product_cat?post=78438"},{"taxonomy":"product_tag","embeddable":true,"href":"https:\/\/sezona.lv\/en\/wp-json\/wp\/v2\/product_tag?post=78438"}],"curies":[{"name":"wp","href":"https:\/\/api.w.org\/{rel}","templated":true}]}}