{"id":78439,"date":"2025-07-14T15:24:09","date_gmt":"2025-07-14T12:24:09","guid":{"rendered":"https:\/\/demo8.ecube.lv\/sezona.lv\/products\/tickettothemoon-paligvirvju-komplekts-moon-strap\/"},"modified":"2025-07-14T15:24:09","modified_gmt":"2025-07-14T12:24:09","slug":"tickettothemoon-paligvirvju-komplekts-moon-strap","status":"publish","type":"product","link":"https:\/\/sezona.lv\/en\/products\/tickettothemoon-paligvirvju-komplekts-moon-strap\/","title":{"rendered":"Tickettothemoon pal\u012bgvirvju komplekts Moon strap"},"content":{"rendered":"<div class=\"rte\">\n<div class=\"rte\">\n<p>Moon strap ir jauna veida, kokiem draudz\u012bgi, &scaron;\u016bpu\u013ct\u012bkla stiprin\u0101jumi.  Iztur\u012bba l\u012bdz pat 200 kg. Stiprin\u0101jumi ir \u0101tri uzliekami un no\u0146emami.  Moons strap siksnas ir 2 cm platas un 260 cm garas ar 9 stiprin\u0101jumu  cilp\u0101m. Lieliska izv\u0113le Mammock Hammock &scaron;\u016bpu\u013ct\u012bklam, vai jebkuram citam,  kur nepiecie&scaron;ama, liela svara iztur\u012bba. Siksnas iepakotas kompakt\u0101  maisi\u0146\u0101.<\/p>\n<h4>Specifik\u0101cija:<\/h4>\n<table style=\"height: 86px\" border=\"0\" width=\"574\">\n<tbody>\n<tr>\n<td><strong>Izm\u0113ri:<\/strong><\/td>\n<td>Platums 2cm, garums 260cm, biezums 2mm<\/td>\n<\/tr>\n<tr>\n<td><strong><span id=\"result_box\" class=\"short_text\" lang=\"lv\"><span>Maksim\u0101l\u0101 statisk\u0101 slodze:<\/span><\/span><\/strong><\/td>\n<td>200kg<\/td>\n<\/tr>\n<tr>\n<td><strong>Materi\u0101ls:<\/strong><\/td>\n<td>100% poliesters<\/td>\n<\/tr>\n<\/tbody>\n<\/table>\n<\/div>\n<\/div>\n","protected":false},"excerpt":{"rendered":"<p>Moon strap ir jauna veida, kokiem draudz\u012bgi, &scaron;\u016bpu\u013ct\u012bkla stiprin\u0101jumi. Iztur\u012bba l\u012bdz pat 200 kg. Stiprin\u0101jumi ir \u0101tri uzliekami un no\u0146emami. Moons strap siksnas ir 2 cm platas un 260 cm garas ar 9 stiprin\u0101jumu cilp\u0101m. Lieliska izv\u0113le Mammock Hammock &scaron;\u016bpu\u013ct\u012bklam, vai jebkuram citam, kur nepiecie&scaron;ama, liela svara iztur\u012bba. Siksnas iepakotas kompakt\u0101 maisi\u0146\u0101. Specifik\u0101cija: Izm\u0113ri: Platums [&hellip;]<\/p>\n","protected":false},"featured_media":0,"template":"","meta":[],"product_brand":[],"product_cat":[4558,4640,4908],"product_tag":[],"class_list":{"0":"post-78439","1":"product","2":"type-product","3":"status-publish","5":"product_cat-for-tourism-recreation","6":"product_cat-recreation","7":"product_cat-hammocks-for-tourism-recreation","9":"first","10":"instock","11":"shipping-taxable","12":"purchasable","13":"product-type-simple"},"_links":{"self":[{"href":"https:\/\/sezona.lv\/en\/wp-json\/wp\/v2\/product\/78439","targetHints":{"allow":["GET"]}}],"collection":[{"href":"https:\/\/sezona.lv\/en\/wp-json\/wp\/v2\/product"}],"about":[{"href":"https:\/\/sezona.lv\/en\/wp-json\/wp\/v2\/types\/product"}],"wp:attachment":[{"href":"https:\/\/sezona.lv\/en\/wp-json\/wp\/v2\/media?parent=78439"}],"wp:term":[{"taxonomy":"product_brand","embeddable":true,"href":"https:\/\/sezona.lv\/en\/wp-json\/wp\/v2\/product_brand?post=78439"},{"taxonomy":"product_cat","embeddable":true,"href":"https:\/\/sezona.lv\/en\/wp-json\/wp\/v2\/product_cat?post=78439"},{"taxonomy":"product_tag","embeddable":true,"href":"https:\/\/sezona.lv\/en\/wp-json\/wp\/v2\/product_tag?post=78439"}],"curies":[{"name":"wp","href":"https:\/\/api.w.org\/{rel}","templated":true}]}}