{"id":78440,"date":"2025-07-14T15:24:09","date_gmt":"2025-07-14T12:24:09","guid":{"rendered":"https:\/\/demo8.ecube.lv\/sezona.lv\/products\/tickettothemoon-paligvirvju-komplekts-rope-set\/"},"modified":"2025-07-14T15:24:09","modified_gmt":"2025-07-14T12:24:09","slug":"tickettothemoon-paligvirvju-komplekts-rope-set","status":"publish","type":"product","link":"https:\/\/sezona.lv\/en\/products\/tickettothemoon-paligvirvju-komplekts-rope-set\/","title":{"rendered":"Tickettothemoon pal\u012bgvirvju komplekts Rope Set"},"content":{"rendered":"<div class=\"rte\">\n<div class=\"rte\">\n<div class=\"rte\">\n<p>Viegls un kompakts pal\u012bgvirvju komplekts &scaron;\u016bpu\u013ct\u012bkla nostiprin\u0101&scaron;anai.<\/p>\n<h4>Specifik\u0101cija:<\/h4>\n<p><strong>Garums<\/strong>: 2,40m <br \/><strong>Diametrs<\/strong>: 5mm <br \/><strong>Iztur\u012bba<\/strong>: 200kg <br \/><strong>Materi\u0101ls<\/strong>: 100% neilons<\/p>\n<\/div>\n<\/div>\n<\/div>\n","protected":false},"excerpt":{"rendered":"<p>Viegls un kompakts pal\u012bgvirvju komplekts &scaron;\u016bpu\u013ct\u012bkla nostiprin\u0101&scaron;anai. Specifik\u0101cija: Garums: 2,40m Diametrs: 5mm Iztur\u012bba: 200kg Materi\u0101ls: 100% neilons<\/p>\n","protected":false},"featured_media":0,"template":"","meta":[],"product_brand":[],"product_cat":[4558,4640,4908],"product_tag":[],"class_list":{"0":"post-78440","1":"product","2":"type-product","3":"status-publish","5":"product_cat-for-tourism-recreation","6":"product_cat-recreation","7":"product_cat-hammocks-for-tourism-recreation","9":"first","10":"instock","11":"shipping-taxable","12":"purchasable","13":"product-type-simple"},"_links":{"self":[{"href":"https:\/\/sezona.lv\/en\/wp-json\/wp\/v2\/product\/78440","targetHints":{"allow":["GET"]}}],"collection":[{"href":"https:\/\/sezona.lv\/en\/wp-json\/wp\/v2\/product"}],"about":[{"href":"https:\/\/sezona.lv\/en\/wp-json\/wp\/v2\/types\/product"}],"wp:attachment":[{"href":"https:\/\/sezona.lv\/en\/wp-json\/wp\/v2\/media?parent=78440"}],"wp:term":[{"taxonomy":"product_brand","embeddable":true,"href":"https:\/\/sezona.lv\/en\/wp-json\/wp\/v2\/product_brand?post=78440"},{"taxonomy":"product_cat","embeddable":true,"href":"https:\/\/sezona.lv\/en\/wp-json\/wp\/v2\/product_cat?post=78440"},{"taxonomy":"product_tag","embeddable":true,"href":"https:\/\/sezona.lv\/en\/wp-json\/wp\/v2\/product_tag?post=78440"}],"curies":[{"name":"wp","href":"https:\/\/api.w.org\/{rel}","templated":true}]}}