{"id":78441,"date":"2025-07-14T15:24:10","date_gmt":"2025-07-14T12:24:10","guid":{"rendered":"https:\/\/demo8.ecube.lv\/sezona.lv\/products\/leki-fotonuja-photosystem-alu-sl\/"},"modified":"2025-07-14T15:24:10","modified_gmt":"2025-07-14T12:24:10","slug":"leki-fotonuja-photosystem-alu-sl","status":"publish","type":"product","link":"https:\/\/sezona.lv\/en\/products\/leki-fotonuja-photosystem-alu-sl\/","title":{"rendered":"Leki foton\u016bja Photosystem Alu SL"},"content":{"rendered":"<div class=\"rte\">\n<p>N\u016bja foto entuziastiem. Noskr\u016bv\u0113jot n\u016bjas roktura  uzgali, pie n\u016bjas var piestiprin\u0101t nelielu fotoapar\u0101tu, izmantojot n\u016bju  k\u0101 monopodu. N\u016bja izvelkama l\u012bdz pat 150cm. &Scaron;\u012b foton\u016bja ir p\u0101rkl\u0101ta ar  Ultra Sonic p\u0101rkl\u0101jumu &#8211; kvalitat\u012bvs pul\u0113jums, p\u0101rkl\u0101ts ar grafisku  z\u012bm\u0113jumu, \u013coti sp\u0113c\u012bgs aizsaglakojums. \u0112rt\u0101kai regul\u0113&scaron;anai n\u016bja ir  apr\u012bkota ar Speed Lock sist\u0113mu, kas iztur 90kg vertik\u0101lo slodzi.<\/p>\n<h4>Specifik\u0101cija:<\/h4>\n<p><strong>Garums<\/strong>: 70-150cm <br \/><strong>Rokturis<\/strong>: Aergon Thermo <br \/><strong>Lence<\/strong>: Buckle Strap (BS) &#8211; neilona lence <br \/><strong>Uzgalis<\/strong>: Karb\u012bda Flextip <br \/><strong>Diametrs<\/strong>: 18\/16\/14mm <br \/><strong>Materi\u0101ls<\/strong>: Aluminium HTS 6.5 <br \/><strong>Regul\u0113&scaron;anas<\/strong> <strong>sist\u0113ma<\/strong>: Speed Lock <br \/><strong>Anti&scaron;oka sist\u0113ma<\/strong>: Nav <br \/><strong>P\u0101rkl\u0101jums<\/strong>: ELOXAL (vid\u0113jais un apak&scaron;\u0113jais posms) <br \/><strong>P\u0101rkl\u0101jums<\/strong>: UltraSonic Finish (aug&scaron;\u0113jais posms) <br \/><strong>Svars<\/strong>: 300 grami (gabals)<\/p>\n<\/div>\n","protected":false},"excerpt":{"rendered":"<p>N\u016bja foto entuziastiem. Noskr\u016bv\u0113jot n\u016bjas roktura uzgali, pie n\u016bjas var piestiprin\u0101t nelielu fotoapar\u0101tu, izmantojot n\u016bju k\u0101 monopodu. N\u016bja izvelkama l\u012bdz pat 150cm. &Scaron;\u012b foton\u016bja ir p\u0101rkl\u0101ta ar Ultra Sonic p\u0101rkl\u0101jumu &#8211; kvalitat\u012bvs pul\u0113jums, p\u0101rkl\u0101ts ar grafisku z\u012bm\u0113jumu, \u013coti sp\u0113c\u012bgs aizsaglakojums. \u0112rt\u0101kai regul\u0113&scaron;anai n\u016bja ir apr\u012bkota ar Speed Lock sist\u0113mu, kas iztur 90kg vertik\u0101lo slodzi. Specifik\u0101cija: [&hellip;]<\/p>\n","protected":false},"featured_media":0,"template":"","meta":[],"product_brand":[932],"product_cat":[4587,4602,4746],"product_tag":[],"class_list":{"0":"post-78441","1":"product","2":"type-product","3":"status-publish","5":"product_brand-leki","6":"product_cat-sports","7":"product_cat-summer-sports-sports","8":"product_cat-nordic-walking-summer-sports-sports","10":"first","11":"instock","12":"shipping-taxable","13":"purchasable","14":"product-type-simple"},"_links":{"self":[{"href":"https:\/\/sezona.lv\/en\/wp-json\/wp\/v2\/product\/78441","targetHints":{"allow":["GET"]}}],"collection":[{"href":"https:\/\/sezona.lv\/en\/wp-json\/wp\/v2\/product"}],"about":[{"href":"https:\/\/sezona.lv\/en\/wp-json\/wp\/v2\/types\/product"}],"wp:attachment":[{"href":"https:\/\/sezona.lv\/en\/wp-json\/wp\/v2\/media?parent=78441"}],"wp:term":[{"taxonomy":"product_brand","embeddable":true,"href":"https:\/\/sezona.lv\/en\/wp-json\/wp\/v2\/product_brand?post=78441"},{"taxonomy":"product_cat","embeddable":true,"href":"https:\/\/sezona.lv\/en\/wp-json\/wp\/v2\/product_cat?post=78441"},{"taxonomy":"product_tag","embeddable":true,"href":"https:\/\/sezona.lv\/en\/wp-json\/wp\/v2\/product_tag?post=78441"}],"curies":[{"name":"wp","href":"https:\/\/api.w.org\/{rel}","templated":true}]}}