{"id":78444,"date":"2025-07-14T15:24:13","date_gmt":"2025-07-14T12:24:13","guid":{"rendered":"https:\/\/demo8.ecube.lv\/sezona.lv\/products\/leki-skritulosanas-nujas-speed-carbon-160cm\/"},"modified":"2025-07-14T15:24:13","modified_gmt":"2025-07-14T12:24:13","slug":"leki-skritulosanas-nujas-speed-carbon-160cm","status":"publish","type":"product","link":"https:\/\/sezona.lv\/en\/products\/leki-skritulosanas-nujas-speed-carbon-160cm\/","title":{"rendered":"Leki skritu\u013co\u0161anas n\u016bjas Speed Carbon 160cm"},"content":{"rendered":"<p>Vieglas karbona skritu\u013co&scaron;anas n\u016bjas ar Trigger Shark sist\u0113mu.<\/p>\n<h4>Specifik\u0101cija:<\/h4>\n<table style=\"height: 170px\" border=\"0\" width=\"564\">\n<tbody>\n<tr>\n<td><strong>Rokturis:<\/strong><\/td>\n<td><span id=\"result_box\" class=\"short_text\" lang=\"lv\"><span>Trigger Shark 2.0 (divkomponents)<\/span><\/span><\/td>\n<\/tr>\n<tr>\n<td><strong>Cimdi\u0146&scaron;:<\/strong><\/td>\n<td>Trigger Shark (Active)<\/td>\n<\/tr>\n<tr>\n<td><strong>Diametrs:<\/strong><\/td>\n<td>16 mm<\/td>\n<\/tr>\n<tr>\n<td><strong>Materi\u0101ls:<\/strong><\/td>\n<td><span class=\"short_text\" lang=\"lv\"><span>Oglek\u013ca kompoz\u012bts (85%)<\/span><\/span><\/td>\n<\/tr>\n<tr>\n<td><strong>Uzgalis:<\/strong><\/td>\n<td>Fin Vario (Summer Tip)<\/td>\n<\/tr>\n<tr>\n<td><strong>Svars:<\/strong><\/td>\n<td>165 grami<\/td>\n<\/tr>\n<\/tbody>\n<\/table>\n<p>&nbsp;<\/p>\n<p>&nbsp;<\/p>\n<p>N\u016bjas garums ir j\u0101izv\u0113l\u0101s attiec\u012bb\u0101 pret n\u016bjot\u0101ja augumu<\/p>\n<p>&nbsp;<\/p>\n<table border=\"0\" cellspacing=\"0\" cellpadding=\"0\" width=\"150\">\n<tbody>\n<tr>\n<td>\n<p align=\"center\"><strong>n\u016bja cm<\/strong><\/p>\n<\/td>\n<td>\n<p align=\"center\"><strong>n\u016bjot\u0101js cm<\/strong><\/p>\n<\/td>\n<\/tr>\n<tr>\n<td>\n<p align=\"center\">90<\/p>\n<\/td>\n<td>\n<p align=\"center\">128 &#8211; 140<\/p>\n<\/td>\n<\/tr>\n<tr>\n<td>\n<p align=\"center\">95<\/p>\n<\/td>\n<td>\n<p align=\"center\">136 &#8211; 145<\/p>\n<\/td>\n<\/tr>\n<tr>\n<td>\n<p align=\"center\">100<\/p>\n<\/td>\n<td>\n<p align=\"center\">142 &#8211; 152<\/p>\n<\/td>\n<\/tr>\n<tr>\n<td>\n<p align=\"center\">105<\/p>\n<\/td>\n<td>\n<p align=\"center\">150 &#8211; 160<\/p>\n<\/td>\n<\/tr>\n<tr>\n<td>\n<p align=\"center\">110<\/p>\n<\/td>\n<td>\n<p align=\"center\">158 &#8211; 168<\/p>\n<\/td>\n<\/tr>\n<tr>\n<td>\n<p align=\"center\">115<\/p>\n<\/td>\n<td>\n<p align=\"center\">165 &#8211; 175<\/p>\n<\/td>\n<\/tr>\n<tr>\n<td>\n<p align=\"center\">120<\/p>\n<\/td>\n<td>\n<p align=\"center\">173 &#8211; 182<\/p>\n<\/td>\n<\/tr>\n<tr>\n<td>\n<p align=\"center\">125<\/p>\n<\/td>\n<td>\n<p align=\"center\">180 &#8211; 190<\/p>\n<\/td>\n<\/tr>\n<tr>\n<td>\n<p align=\"center\">130<\/p>\n<\/td>\n<td>\n<p align=\"center\">188 &#8211; 198<\/p>\n<\/td>\n<\/tr>\n<tr>\n<td>\n<p align=\"center\">135<\/p>\n<\/td>\n<td>\n<p align=\"center\">196 &#8211; 196<\/p>\n<\/td>\n<\/tr>\n<\/tbody>\n<\/table>\n<p>&nbsp;<\/p>\n<p>&nbsp;<\/p>\n<p>&nbsp;<\/p>\n","protected":false},"excerpt":{"rendered":"<p>Vieglas karbona skritu\u013co&scaron;anas n\u016bjas ar Trigger Shark sist\u0113mu. Specifik\u0101cija: Rokturis: Trigger Shark 2.0 (divkomponents) Cimdi\u0146&scaron;: Trigger Shark (Active) Diametrs: 16 mm Materi\u0101ls: Oglek\u013ca kompoz\u012bts (85%) Uzgalis: Fin Vario (Summer Tip) Svars: 165 grami &nbsp; &nbsp; N\u016bjas garums ir j\u0101izv\u0113l\u0101s attiec\u012bb\u0101 pret n\u016bjot\u0101ja augumu &nbsp; n\u016bja cm n\u016bjot\u0101js cm 90 128 &#8211; 140 95 136 &#8211; [&hellip;]<\/p>\n","protected":false},"featured_media":0,"template":"","meta":[],"product_brand":[932],"product_cat":[4587,4602,4746],"product_tag":[],"class_list":{"0":"post-78444","1":"product","2":"type-product","3":"status-publish","5":"product_brand-leki","6":"product_cat-sports","7":"product_cat-summer-sports-sports","8":"product_cat-nordic-walking-summer-sports-sports","10":"first","11":"instock","12":"shipping-taxable","13":"purchasable","14":"product-type-simple"},"_links":{"self":[{"href":"https:\/\/sezona.lv\/en\/wp-json\/wp\/v2\/product\/78444","targetHints":{"allow":["GET"]}}],"collection":[{"href":"https:\/\/sezona.lv\/en\/wp-json\/wp\/v2\/product"}],"about":[{"href":"https:\/\/sezona.lv\/en\/wp-json\/wp\/v2\/types\/product"}],"wp:attachment":[{"href":"https:\/\/sezona.lv\/en\/wp-json\/wp\/v2\/media?parent=78444"}],"wp:term":[{"taxonomy":"product_brand","embeddable":true,"href":"https:\/\/sezona.lv\/en\/wp-json\/wp\/v2\/product_brand?post=78444"},{"taxonomy":"product_cat","embeddable":true,"href":"https:\/\/sezona.lv\/en\/wp-json\/wp\/v2\/product_cat?post=78444"},{"taxonomy":"product_tag","embeddable":true,"href":"https:\/\/sezona.lv\/en\/wp-json\/wp\/v2\/product_tag?post=78444"}],"curies":[{"name":"wp","href":"https:\/\/api.w.org\/{rel}","templated":true}]}}