{"id":78445,"date":"2025-07-14T15:24:14","date_gmt":"2025-07-14T12:24:14","guid":{"rendered":"https:\/\/demo8.ecube.lv\/sezona.lv\/products\/leki-spiekis-micro-city-vario\/"},"modified":"2025-07-14T15:24:14","modified_gmt":"2025-07-14T12:24:14","slug":"leki-spiekis-micro-city-vario","status":"publish","type":"product","link":"https:\/\/sezona.lv\/en\/products\/leki-spiekis-micro-city-vario\/","title":{"rendered":"Leki spie\u0137is Micro City Vario"},"content":{"rendered":"<p>Saliekams spie\u0137is ar regul\u0113jamu garumu. Vienk\u0101r&scaron;s un \u0113rts dizains.  Speed-Lock 2 regul\u0113&scaron;anas sist\u0113ma. Trekking uzgalis nodro&scaron;ina labu sa\u0137eri  ar virsmu.<\/p>\n<h4>Specifik\u0101cija:<\/h4>\n<table style=\"height: 86px\" border=\"0\" width=\"573\">\n<tbody>\n<tr>\n<td><strong>Garums:<\/strong><\/td>\n<td>75-90 cm<\/td>\n<\/tr>\n<tr>\n<td><strong>Garums izjaukt\u0101 veid\u0101:<\/strong><\/td>\n<td>32cm<\/td>\n<\/tr>\n<tr>\n<td><strong>Svars:<\/strong><\/td>\n<td>246 grami<\/td>\n<\/tr>\n<tr>\n<td><strong>Materi\u0101ls:<\/strong><\/td>\n<td>Aluminium HTS 6.5, diametrs 16 mm<\/td>\n<\/tr>\n<\/tbody>\n<\/table>\n<p>&nbsp;<\/p>\n<p>&nbsp;<\/p>\n<p>&nbsp;<\/p>\n<p>&nbsp;<\/p>\n<p>&nbsp;<\/p>\n<p>&nbsp;<\/p>\n<p>&nbsp;<\/p>\n","protected":false},"excerpt":{"rendered":"<p>Saliekams spie\u0137is ar regul\u0113jamu garumu. Vienk\u0101r&scaron;s un \u0113rts dizains. Speed-Lock 2 regul\u0113&scaron;anas sist\u0113ma. Trekking uzgalis nodro&scaron;ina labu sa\u0137eri ar virsmu. Specifik\u0101cija: Garums: 75-90 cm Garums izjaukt\u0101 veid\u0101: 32cm Svars: 246 grami Materi\u0101ls: Aluminium HTS 6.5, diametrs 16 mm &nbsp; &nbsp; &nbsp; &nbsp; &nbsp; &nbsp; &nbsp;<\/p>\n","protected":false},"featured_media":0,"template":"","meta":[],"product_brand":[932],"product_cat":[4587,4602,4746],"product_tag":[],"class_list":{"0":"post-78445","1":"product","2":"type-product","3":"status-publish","5":"product_brand-leki","6":"product_cat-sports","7":"product_cat-summer-sports-sports","8":"product_cat-nordic-walking-summer-sports-sports","10":"first","11":"instock","12":"shipping-taxable","13":"purchasable","14":"product-type-simple"},"_links":{"self":[{"href":"https:\/\/sezona.lv\/en\/wp-json\/wp\/v2\/product\/78445","targetHints":{"allow":["GET"]}}],"collection":[{"href":"https:\/\/sezona.lv\/en\/wp-json\/wp\/v2\/product"}],"about":[{"href":"https:\/\/sezona.lv\/en\/wp-json\/wp\/v2\/types\/product"}],"wp:attachment":[{"href":"https:\/\/sezona.lv\/en\/wp-json\/wp\/v2\/media?parent=78445"}],"wp:term":[{"taxonomy":"product_brand","embeddable":true,"href":"https:\/\/sezona.lv\/en\/wp-json\/wp\/v2\/product_brand?post=78445"},{"taxonomy":"product_cat","embeddable":true,"href":"https:\/\/sezona.lv\/en\/wp-json\/wp\/v2\/product_cat?post=78445"},{"taxonomy":"product_tag","embeddable":true,"href":"https:\/\/sezona.lv\/en\/wp-json\/wp\/v2\/product_tag?post=78445"}],"curies":[{"name":"wp","href":"https:\/\/api.w.org\/{rel}","templated":true}]}}